{"id":12910,"date":"2021-02-21T14:16:09","date_gmt":"2021-02-21T14:16:09","guid":{"rendered":"https:\/\/www.autonvaraosahaku.fi\/?product=elwis-royal-0342624-pakosarjan-tiivisteet"},"modified":"2021-02-21T14:16:10","modified_gmt":"2021-02-21T14:16:10","slug":"elwis-royal-0342624-pakosarjan-tiivisteet","status":"publish","type":"product","link":"https:\/\/www.autonvaraosahaku.fi\/?product=elwis-royal-0342624-pakosarjan-tiivisteet","title":{"rendered":"ELWIS ROYAL 0342624 Pakosarjan tiivisteet"},"content":{"rendered":"<p>Tarvittava kappalem\u00e4\u00e4r\u00e4: 1; OPEL: ZAFIRA A F75_,ASTRA G CC F48_, F08_,ASTRA G Caravan F35_,VECTRA C Caravan,SIGNUM,VECTRA C,VECTRA B 36_,OMEGA B Caravan 21_, 22_, 23_,OMEGA B 25_, 26_, 27_,VECTRA C GTS,VECTRA B Caravan 31_,ASTRA G Cabriolet F67,FRONTERA B 6B_,ASTRA G Coupe F07_,ASTRA G Stufenheck F69_,VECTRA B CC 38_,SINTRA,ASTRA G Kasten F70; SAAB: 9-3 YS3F,9-5 Kombi YS3E,9-3 YS3D,9-5 YS3E; VAUXHALL: VECTRA Mk II C CC,ZAFIRA Mk I A F75,VECTRA Mk II C Estate,ASTRA Mk IV G CC,VECTRA Mk II C,FRONTERA Mk II B,SIGNUM,OMEGA B,ASTRA Mk IV G Sedan,VECTRA B CC,VECTRA B Estate,VECTRA B,ASTRAVAN Mk IV G,OMEGA B Estate,ASTRA Mk IV G Estate; 55351605, 849213, 9543984; Tiiviste, Pakosarja<\/p>\n","protected":false},"excerpt":{"rendered":"<p>ELWIS ROYAL Pakosarjan Tiivisteet 0342624 Tiiviste, Pakosarja OPEL,SAAB,VAUXHALL,ZAFIRA A F75_,ASTRA G CC F48_, F08_,ASTRA G Caravan F35_<\/p>\n","protected":false},"featured_media":0,"template":"","meta":{"site-sidebar-layout":"default","site-content-layout":"default","ast-global-header-display":"","ast-main-header-display":"","ast-hfb-above-header-display":"","ast-hfb-below-header-display":"","ast-hfb-mobile-header-display":"","site-post-title":"","ast-breadcrumbs-content":"","ast-featured-img":"","footer-sml-layout":"","theme-transparent-header-meta":"","adv-header-id-meta":"","stick-header-meta":"","header-above-stick-meta":"","header-main-stick-meta":"","header-below-stick-meta":""},"pwb-brand":[120],"product_cat":[123],"product_tag":[],"class_list":{"0":"post-12910","1":"product","2":"type-product","3":"status-publish","5":"pwb-brand-elwis-royal","6":"product_cat-pakosarjan-tiivisteet","7":"desktop-align-left","8":"tablet-align-left","9":"mobile-align-left","11":"first","12":"instock","13":"product-type-external"},"brands":[{"id":120,"name":"ELWIS ROYAL","slug":"elwis-royal"}],"_links":{"self":[{"href":"https:\/\/www.autonvaraosahaku.fi\/index.php?rest_route=\/wp\/v2\/product\/12910","targetHints":{"allow":["GET"]}}],"collection":[{"href":"https:\/\/www.autonvaraosahaku.fi\/index.php?rest_route=\/wp\/v2\/product"}],"about":[{"href":"https:\/\/www.autonvaraosahaku.fi\/index.php?rest_route=\/wp\/v2\/types\/product"}],"wp:attachment":[{"href":"https:\/\/www.autonvaraosahaku.fi\/index.php?rest_route=%2Fwp%2Fv2%2Fmedia&parent=12910"}],"wp:term":[{"taxonomy":"pwb-brand","embeddable":true,"href":"https:\/\/www.autonvaraosahaku.fi\/index.php?rest_route=%2Fwp%2Fv2%2Fpwb-brand&post=12910"},{"taxonomy":"product_cat","embeddable":true,"href":"https:\/\/www.autonvaraosahaku.fi\/index.php?rest_route=%2Fwp%2Fv2%2Fproduct_cat&post=12910"},{"taxonomy":"product_tag","embeddable":true,"href":"https:\/\/www.autonvaraosahaku.fi\/index.php?rest_route=%2Fwp%2Fv2%2Fproduct_tag&post=12910"}],"curies":[{"name":"wp","href":"https:\/\/api.w.org\/{rel}","templated":true}]}}