{"id":12914,"date":"2021-02-21T14:16:09","date_gmt":"2021-02-21T14:16:09","guid":{"rendered":"https:\/\/www.autonvaraosahaku.fi\/?product=master-sport-51073s-pcs-ms-alatukivarsi"},"modified":"2021-02-21T14:16:11","modified_gmt":"2021-02-21T14:16:11","slug":"master-sport-51073s-pcs-ms-alatukivarsi","status":"publish","type":"product","link":"https:\/\/www.autonvaraosahaku.fi\/?product=master-sport-51073s-pcs-ms-alatukivarsi","title":{"rendered":"MASTER-SPORT 51073S-PCS-MS Alatukivarsi"},"content":{"rendered":"<p>Pituus (mm): 331,3; Ohjausmalli: Poikittaistukivarsi; Kierre 1: M12x1,25; parilliset tuotenumerot: 51074S-PCS-MS; Lukum\u00e4\u00e4r\u00e4 akselille: 1; Nettopaino [kg]: 2,86; Bruttopaino [kg]: 2,91; Asennuspuoli: Vorderachse unten; DACIA: DUSTER,DUSTER Kasten; RENAULT: DUSTER; 545011697R, 545012815R, 545016746R, 545019969R, 545011697R, 545012815R, 545016746R, 545019969R; Tukivarsi,Tukivarsi, Py\u00f6r\u00e4ntuenta<\/p>\n","protected":false},"excerpt":{"rendered":"<p>MASTER-SPORT Alatukivarsi 51073S-PCS-MS Tukivarsi,Tukivarsi, Py\u00f6r\u00e4ntuenta DACIA,RENAULT,DUSTER,DUSTER Kasten,DUSTER<\/p>\n","protected":false},"featured_media":0,"template":"","meta":{"site-sidebar-layout":"default","site-content-layout":"default","ast-global-header-display":"","ast-main-header-display":"","ast-hfb-above-header-display":"","ast-hfb-below-header-display":"","ast-hfb-mobile-header-display":"","site-post-title":"","ast-breadcrumbs-content":"","ast-featured-img":"","footer-sml-layout":"","theme-transparent-header-meta":"","adv-header-id-meta":"","stick-header-meta":"","header-above-stick-meta":"","header-main-stick-meta":"","header-below-stick-meta":""},"pwb-brand":[61],"product_cat":[62],"product_tag":[],"class_list":{"0":"post-12914","1":"product","2":"type-product","3":"status-publish","5":"pwb-brand-master-sport","6":"product_cat-alatukivarsi","7":"desktop-align-left","8":"tablet-align-left","9":"mobile-align-left","11":"first","12":"instock","13":"product-type-external"},"brands":[{"id":61,"name":"MASTER-SPORT","slug":"master-sport"}],"_links":{"self":[{"href":"https:\/\/www.autonvaraosahaku.fi\/index.php?rest_route=\/wp\/v2\/product\/12914","targetHints":{"allow":["GET"]}}],"collection":[{"href":"https:\/\/www.autonvaraosahaku.fi\/index.php?rest_route=\/wp\/v2\/product"}],"about":[{"href":"https:\/\/www.autonvaraosahaku.fi\/index.php?rest_route=\/wp\/v2\/types\/product"}],"wp:attachment":[{"href":"https:\/\/www.autonvaraosahaku.fi\/index.php?rest_route=%2Fwp%2Fv2%2Fmedia&parent=12914"}],"wp:term":[{"taxonomy":"pwb-brand","embeddable":true,"href":"https:\/\/www.autonvaraosahaku.fi\/index.php?rest_route=%2Fwp%2Fv2%2Fpwb-brand&post=12914"},{"taxonomy":"product_cat","embeddable":true,"href":"https:\/\/www.autonvaraosahaku.fi\/index.php?rest_route=%2Fwp%2Fv2%2Fproduct_cat&post=12914"},{"taxonomy":"product_tag","embeddable":true,"href":"https:\/\/www.autonvaraosahaku.fi\/index.php?rest_route=%2Fwp%2Fv2%2Fproduct_tag&post=12914"}],"curies":[{"name":"wp","href":"https:\/\/api.w.org\/{rel}","templated":true}]}}