{"id":12926,"date":"2021-02-21T14:16:13","date_gmt":"2021-02-21T14:16:13","guid":{"rendered":"https:\/\/www.autonvaraosahaku.fi\/?product=seim-501552-nopeusmittarin-vaijeri"},"modified":"2021-02-21T14:16:14","modified_gmt":"2021-02-21T14:16:14","slug":"seim-501552-nopeusmittarin-vaijeri","status":"publish","type":"product","link":"https:\/\/www.autonvaraosahaku.fi\/?product=seim-501552-nopeusmittarin-vaijeri","title":{"rendered":"SEIM 501552 Nopeusmittarin vaijeri"},"content":{"rendered":"<p>Voimansiirtotyyppi: Etuveto; Pituus (mm): 1550; Vaihteiden lukum\u00e4\u00e4r\u00e4: 5-vaihteinen; RENAULT: MASTER I Kasten T__,MASTER I Bus T__,MASTER I Pritsche\/Fahrgestell P__; 7700748162<\/p>\n","protected":false},"excerpt":{"rendered":"<p>SEIM Nopeusmittarin Vaijeri 501552  RENAULT,MASTER I Kasten T__,MASTER I Bus T__,MASTER I Pritsche\/Fahrgestell P__<\/p>\n","protected":false},"featured_media":0,"template":"","meta":{"site-sidebar-layout":"default","site-content-layout":"default","ast-global-header-display":"","ast-main-header-display":"","ast-hfb-above-header-display":"","ast-hfb-below-header-display":"","ast-hfb-mobile-header-display":"","site-post-title":"","ast-breadcrumbs-content":"","ast-featured-img":"","footer-sml-layout":"","theme-transparent-header-meta":"","adv-header-id-meta":"","stick-header-meta":"","header-above-stick-meta":"","header-main-stick-meta":"","header-below-stick-meta":""},"pwb-brand":[191],"product_cat":[322],"product_tag":[],"class_list":{"0":"post-12926","1":"product","2":"type-product","3":"status-publish","5":"pwb-brand-seim","6":"product_cat-nopeusmittarin-vaijeri","7":"desktop-align-left","8":"tablet-align-left","9":"mobile-align-left","11":"first","12":"instock","13":"product-type-external"},"brands":[{"id":191,"name":"SEIM","slug":"seim"}],"_links":{"self":[{"href":"https:\/\/www.autonvaraosahaku.fi\/index.php?rest_route=\/wp\/v2\/product\/12926","targetHints":{"allow":["GET"]}}],"collection":[{"href":"https:\/\/www.autonvaraosahaku.fi\/index.php?rest_route=\/wp\/v2\/product"}],"about":[{"href":"https:\/\/www.autonvaraosahaku.fi\/index.php?rest_route=\/wp\/v2\/types\/product"}],"wp:attachment":[{"href":"https:\/\/www.autonvaraosahaku.fi\/index.php?rest_route=%2Fwp%2Fv2%2Fmedia&parent=12926"}],"wp:term":[{"taxonomy":"pwb-brand","embeddable":true,"href":"https:\/\/www.autonvaraosahaku.fi\/index.php?rest_route=%2Fwp%2Fv2%2Fpwb-brand&post=12926"},{"taxonomy":"product_cat","embeddable":true,"href":"https:\/\/www.autonvaraosahaku.fi\/index.php?rest_route=%2Fwp%2Fv2%2Fproduct_cat&post=12926"},{"taxonomy":"product_tag","embeddable":true,"href":"https:\/\/www.autonvaraosahaku.fi\/index.php?rest_route=%2Fwp%2Fv2%2Fproduct_tag&post=12926"}],"curies":[{"name":"wp","href":"https:\/\/api.w.org\/{rel}","templated":true}]}}