{"id":12953,"date":"2021-02-21T14:16:16","date_gmt":"2021-02-21T14:16:16","guid":{"rendered":"https:\/\/www.autonvaraosahaku.fi\/?product=nrf-49568-tuulettimen-kytkin"},"modified":"2021-02-21T14:16:18","modified_gmt":"2021-02-21T14:16:18","slug":"nrf-49568-tuulettimen-kytkin","status":"publish","type":"product","link":"https:\/\/www.autonvaraosahaku.fi\/?product=nrf-49568-tuulettimen-kytkin","title":{"rendered":"NRF 49568 Tuulettimen kytkin"},"content":{"rendered":"<p>L\u00e4mmityslaite \/ j\u00e4\u00e4hdytys: tuulettimellisille autoille (nestekitkakytkin), Ilman tuuletinta; Ulkol\u00e4pimitta [mm]: 160; Korkeus (mm): 54; K\u00e4ytt\u00f6: Terminen; OE-numerolle: 11527505302; BMW: 3 E46,5 E39,3 Touring E46,5 Touring E39,3 Coupe E46,3 Compact E36,3 E36,X5 E53,3 Cabriolet E46,7 E38,3 Coupe E36,Z3 E36,5 E34,3 Cabriolet E36,3 Touring E36,5 Touring E34,Z3 Coupe E36; 11521709499, 11521719046, 11521719269, 11521740963, 11527505302; Kytkin, J\u00e4\u00e4hdytystuuletin<\/p>\n","protected":false},"excerpt":{"rendered":"<p>NRF Viskokytkin 49568 Kytkin, J\u00e4\u00e4hdytystuuletin BMW,3 E46,5 E39,3 Touring E46,5 Touring E39,3 Coupe E46,3 Compact E36,3 E36,X5 E53,3 Cabriolet E46<\/p>\n","protected":false},"featured_media":0,"template":"","meta":{"site-sidebar-layout":"default","site-content-layout":"default","ast-global-header-display":"","ast-main-header-display":"","ast-hfb-above-header-display":"","ast-hfb-below-header-display":"","ast-hfb-mobile-header-display":"","site-post-title":"","ast-breadcrumbs-content":"","ast-featured-img":"","footer-sml-layout":"","theme-transparent-header-meta":"","adv-header-id-meta":"","stick-header-meta":"","header-above-stick-meta":"","header-main-stick-meta":"","header-below-stick-meta":""},"pwb-brand":[85],"product_cat":[256],"product_tag":[],"class_list":{"0":"post-12953","1":"product","2":"type-product","3":"status-publish","5":"pwb-brand-nrf","6":"product_cat-tuulettimen-kytkin","7":"desktop-align-left","8":"tablet-align-left","9":"mobile-align-left","11":"first","12":"instock","13":"product-type-external"},"brands":[{"id":85,"name":"NRF","slug":"nrf"}],"_links":{"self":[{"href":"https:\/\/www.autonvaraosahaku.fi\/index.php?rest_route=\/wp\/v2\/product\/12953","targetHints":{"allow":["GET"]}}],"collection":[{"href":"https:\/\/www.autonvaraosahaku.fi\/index.php?rest_route=\/wp\/v2\/product"}],"about":[{"href":"https:\/\/www.autonvaraosahaku.fi\/index.php?rest_route=\/wp\/v2\/types\/product"}],"wp:attachment":[{"href":"https:\/\/www.autonvaraosahaku.fi\/index.php?rest_route=%2Fwp%2Fv2%2Fmedia&parent=12953"}],"wp:term":[{"taxonomy":"pwb-brand","embeddable":true,"href":"https:\/\/www.autonvaraosahaku.fi\/index.php?rest_route=%2Fwp%2Fv2%2Fpwb-brand&post=12953"},{"taxonomy":"product_cat","embeddable":true,"href":"https:\/\/www.autonvaraosahaku.fi\/index.php?rest_route=%2Fwp%2Fv2%2Fproduct_cat&post=12953"},{"taxonomy":"product_tag","embeddable":true,"href":"https:\/\/www.autonvaraosahaku.fi\/index.php?rest_route=%2Fwp%2Fv2%2Fproduct_tag&post=12953"}],"curies":[{"name":"wp","href":"https:\/\/api.w.org\/{rel}","templated":true}]}}