{"id":12971,"date":"2021-02-21T14:16:20","date_gmt":"2021-02-21T14:16:20","guid":{"rendered":"https:\/\/www.autonvaraosahaku.fi\/?product=febest-0115-gsx30rht-vetonivelen-suojakumi"},"modified":"2021-02-21T14:16:21","modified_gmt":"2021-02-21T14:16:21","slug":"febest-0115-gsx30rht-vetonivelen-suojakumi","status":"publish","type":"product","link":"https:\/\/www.autonvaraosahaku.fi\/?product=febest-0115-gsx30rht-vetonivelen-suojakumi","title":{"rendered":"FEBEST 0115-GSX30RHT Vetonivelen suojakumi"},"content":{"rendered":"<p>Asennuspuoli: Vaihteiston puoli; Korkeus (mm): 88; Paino [kg]: 0,315; Materiaali: NBR (nitriili-butadi-kumi); M\u00e4\u00e4r\u00e4: 1; Sis\u00e4l\u00e4pimitta 2 [mm]: 83; Pakkausleveys [cm]: 10,5; Pakkauskorkeus [mm]: 9,3, 9,3; Valmistusvuoteen: 06\/2008; NISSAN: X-TRAIL T31,PATHFINDER R52; HONDA: PILOT YF1,MDX YD; HYUNDAI: SANTA F\u00c9 II CM; RENAULT: KOLEOS HY_; 44017S3VA61, 495062BA30, C9G41JG04B, 397417905R, 0443707040<\/p>\n","protected":false},"excerpt":{"rendered":"<p>FEBEST Paljekumisarja, Vetoakseli 0115-GSX30RHT  NISSAN,HONDA,HYUNDAI,X-TRAIL T31,PATHFINDER R52,PILOT YF1,MDX YD,SANTA F\u00c9 II CM,KOLEOS HY_<\/p>\n","protected":false},"featured_media":0,"template":"","meta":{"site-sidebar-layout":"default","site-content-layout":"default","ast-global-header-display":"","ast-main-header-display":"","ast-hfb-above-header-display":"","ast-hfb-below-header-display":"","ast-hfb-mobile-header-display":"","site-post-title":"","ast-breadcrumbs-content":"","ast-featured-img":"","footer-sml-layout":"","theme-transparent-header-meta":"","adv-header-id-meta":"","stick-header-meta":"","header-above-stick-meta":"","header-main-stick-meta":"","header-below-stick-meta":""},"pwb-brand":[152],"product_cat":[42],"product_tag":[],"class_list":{"0":"post-12971","1":"product","2":"type-product","3":"status-publish","5":"pwb-brand-febest","6":"product_cat-vetonivelen-suojakumi","7":"desktop-align-left","8":"tablet-align-left","9":"mobile-align-left","11":"first","12":"instock","13":"product-type-external"},"brands":[{"id":152,"name":"FEBEST","slug":"febest"}],"_links":{"self":[{"href":"https:\/\/www.autonvaraosahaku.fi\/index.php?rest_route=\/wp\/v2\/product\/12971","targetHints":{"allow":["GET"]}}],"collection":[{"href":"https:\/\/www.autonvaraosahaku.fi\/index.php?rest_route=\/wp\/v2\/product"}],"about":[{"href":"https:\/\/www.autonvaraosahaku.fi\/index.php?rest_route=\/wp\/v2\/types\/product"}],"wp:attachment":[{"href":"https:\/\/www.autonvaraosahaku.fi\/index.php?rest_route=%2Fwp%2Fv2%2Fmedia&parent=12971"}],"wp:term":[{"taxonomy":"pwb-brand","embeddable":true,"href":"https:\/\/www.autonvaraosahaku.fi\/index.php?rest_route=%2Fwp%2Fv2%2Fpwb-brand&post=12971"},{"taxonomy":"product_cat","embeddable":true,"href":"https:\/\/www.autonvaraosahaku.fi\/index.php?rest_route=%2Fwp%2Fv2%2Fproduct_cat&post=12971"},{"taxonomy":"product_tag","embeddable":true,"href":"https:\/\/www.autonvaraosahaku.fi\/index.php?rest_route=%2Fwp%2Fv2%2Fproduct_tag&post=12971"}],"curies":[{"name":"wp","href":"https:\/\/api.w.org\/{rel}","templated":true}]}}