{"id":12985,"date":"2021-02-21T14:16:24","date_gmt":"2021-02-21T14:16:24","guid":{"rendered":"https:\/\/www.autonvaraosahaku.fi\/?product=van-wezel-0628265-ikkunannostin"},"modified":"2021-02-21T14:16:25","modified_gmt":"2021-02-21T14:16:25","slug":"van-wezel-0628265-ikkunannostin","status":"publish","type":"product","link":"https:\/\/www.autonvaraosahaku.fi\/?product=van-wezel-0628265-ikkunannostin","title":{"rendered":"VAN WEZEL 0628265 Ikkunannostin"},"content":{"rendered":"<p>Asennuspuoli: Eteen, vasen; Oviluku: 2\/3; K\u00e4ytt\u00f6: S\u00e4hk\u00f6inen; Lis\u00e4tarvike\/lis\u00e4tieto: Ilman s\u00e4hk\u00f6moottoria; parilliset tuotenumerot: 0628266; Yhdistelm\u00e4kytkintoiminto: mukavuustoiminnolla, ilman mukavuustoimintoa; BMW: 1 E81,1 Cabriolet E88,1 Coupe E82; 51337165595; Lasinnostin<\/p>\n","protected":false},"excerpt":{"rendered":"<p>VAN WEZEL Ikkunannostin 0628265 Lasinnostin BMW,1 E81,1 Cabriolet E88,1 Coupe E82<\/p>\n","protected":false},"featured_media":0,"template":"","meta":{"site-sidebar-layout":"default","site-content-layout":"default","ast-global-header-display":"","ast-main-header-display":"","ast-hfb-above-header-display":"","ast-hfb-below-header-display":"","ast-hfb-mobile-header-display":"","site-post-title":"","ast-breadcrumbs-content":"","ast-featured-img":"","footer-sml-layout":"","theme-transparent-header-meta":"","adv-header-id-meta":"","stick-header-meta":"","header-above-stick-meta":"","header-main-stick-meta":"","header-below-stick-meta":""},"pwb-brand":[54],"product_cat":[203],"product_tag":[],"class_list":{"0":"post-12985","1":"product","2":"type-product","3":"status-publish","5":"pwb-brand-van-wezel","6":"product_cat-ikkunannostin","7":"desktop-align-left","8":"tablet-align-left","9":"mobile-align-left","11":"first","12":"instock","13":"product-type-external"},"brands":[{"id":54,"name":"VAN WEZEL","slug":"van-wezel"}],"_links":{"self":[{"href":"https:\/\/www.autonvaraosahaku.fi\/index.php?rest_route=\/wp\/v2\/product\/12985","targetHints":{"allow":["GET"]}}],"collection":[{"href":"https:\/\/www.autonvaraosahaku.fi\/index.php?rest_route=\/wp\/v2\/product"}],"about":[{"href":"https:\/\/www.autonvaraosahaku.fi\/index.php?rest_route=\/wp\/v2\/types\/product"}],"wp:attachment":[{"href":"https:\/\/www.autonvaraosahaku.fi\/index.php?rest_route=%2Fwp%2Fv2%2Fmedia&parent=12985"}],"wp:term":[{"taxonomy":"pwb-brand","embeddable":true,"href":"https:\/\/www.autonvaraosahaku.fi\/index.php?rest_route=%2Fwp%2Fv2%2Fpwb-brand&post=12985"},{"taxonomy":"product_cat","embeddable":true,"href":"https:\/\/www.autonvaraosahaku.fi\/index.php?rest_route=%2Fwp%2Fv2%2Fproduct_cat&post=12985"},{"taxonomy":"product_tag","embeddable":true,"href":"https:\/\/www.autonvaraosahaku.fi\/index.php?rest_route=%2Fwp%2Fv2%2Fproduct_tag&post=12985"}],"curies":[{"name":"wp","href":"https:\/\/api.w.org\/{rel}","templated":true}]}}