{"id":12988,"date":"2021-02-21T14:16:24","date_gmt":"2021-02-21T14:16:24","guid":{"rendered":"https:\/\/www.autonvaraosahaku.fi\/?product=meyle-029-290-1111-pyyhkijansulat"},"modified":"2021-02-21T14:16:25","modified_gmt":"2021-02-21T14:16:25","slug":"meyle-029-290-1111-pyyhkijansulat","status":"publish","type":"product","link":"https:\/\/www.autonvaraosahaku.fi\/?product=meyle-029-290-1111-pyyhkijansulat","title":{"rendered":"MEYLE 029 290 1111 Pyyhkij\u00e4nsulat"},"content":{"rendered":"<p>Asennuspuoli: Takana; Pituus (mm): 290; Pituus (tuumaa): 11,5; Pyyhkij\u00e4nsulkatyyppi: Pyyhkij\u00e4nsulka,perinteinen runko; Valmistusvuosi alkaen: 06\/2015; BMW: i3 I01; ABARTH: 500 \/ 595 312_; SAAB: 9-3X; MERCEDES-BENZ: B-CLASS W245,C-CLASS T-Model S204,GLE W166; OPEL: ASTRA G Caravan F35_,ASTRA G Kasten F70; MINI: MINI R50, R53; LANCIA: DELTA III 844; FORD: KA RU8,KA Van RB; TOYOTA: PROACE Bus MPY_,PROACE Kasten MDZ_; DACIA: SANDERO II,LODGY,LOGAN MCV II,DOKKER,DOKKER Express; 61627129280, 6426T3, 71751023, 1698200745, 2048200744, 61627129280, 9117726, 642335, 9117726; Tuulilasinpyyhkimet,Pyyhkij\u00e4t,Pyyhkij\u00e4nsulka<\/p>\n","protected":false},"excerpt":{"rendered":"<p>MEYLE Pyyhkij\u00e4nsulat 029 290 1111 Tuulilasinpyyhkimet,Pyyhkij\u00e4t BMW,ABARTH,SAAB,i3 I01,500 \/ 595 312_,9-3X,B-CLASS W245,C-CLASS T-Model S204,GLE W166<\/p>\n","protected":false},"featured_media":0,"template":"","meta":{"site-sidebar-layout":"default","site-content-layout":"default","ast-global-header-display":"","ast-main-header-display":"","ast-hfb-above-header-display":"","ast-hfb-below-header-display":"","ast-hfb-mobile-header-display":"","site-post-title":"","ast-breadcrumbs-content":"","ast-featured-img":"","footer-sml-layout":"","theme-transparent-header-meta":"","adv-header-id-meta":"","stick-header-meta":"","header-above-stick-meta":"","header-main-stick-meta":"","header-below-stick-meta":""},"pwb-brand":[84],"product_cat":[33],"product_tag":[],"class_list":{"0":"post-12988","1":"product","2":"type-product","3":"status-publish","5":"pwb-brand-meyle","6":"product_cat-pyyhkijansulat","7":"desktop-align-left","8":"tablet-align-left","9":"mobile-align-left","11":"first","12":"instock","13":"product-type-external"},"brands":[{"id":84,"name":"MEYLE","slug":"meyle"}],"_links":{"self":[{"href":"https:\/\/www.autonvaraosahaku.fi\/index.php?rest_route=\/wp\/v2\/product\/12988","targetHints":{"allow":["GET"]}}],"collection":[{"href":"https:\/\/www.autonvaraosahaku.fi\/index.php?rest_route=\/wp\/v2\/product"}],"about":[{"href":"https:\/\/www.autonvaraosahaku.fi\/index.php?rest_route=\/wp\/v2\/types\/product"}],"wp:attachment":[{"href":"https:\/\/www.autonvaraosahaku.fi\/index.php?rest_route=%2Fwp%2Fv2%2Fmedia&parent=12988"}],"wp:term":[{"taxonomy":"pwb-brand","embeddable":true,"href":"https:\/\/www.autonvaraosahaku.fi\/index.php?rest_route=%2Fwp%2Fv2%2Fpwb-brand&post=12988"},{"taxonomy":"product_cat","embeddable":true,"href":"https:\/\/www.autonvaraosahaku.fi\/index.php?rest_route=%2Fwp%2Fv2%2Fproduct_cat&post=12988"},{"taxonomy":"product_tag","embeddable":true,"href":"https:\/\/www.autonvaraosahaku.fi\/index.php?rest_route=%2Fwp%2Fv2%2Fproduct_tag&post=12988"}],"curies":[{"name":"wp","href":"https:\/\/api.w.org\/{rel}","templated":true}]}}