{"id":12996,"date":"2021-02-21T14:16:24","date_gmt":"2021-02-21T14:16:24","guid":{"rendered":"https:\/\/www.autonvaraosahaku.fi\/?product=topran-113-637-huohotin"},"modified":"2021-02-21T14:16:26","modified_gmt":"2021-02-21T14:16:26","slug":"topran-113-637-huohotin","status":"publish","type":"product","link":"https:\/\/www.autonvaraosahaku.fi\/?product=topran-113-637-huohotin","title":{"rendered":"TOPRAN 113 637 Huohotin"},"content":{"rendered":"<p>Kotelomateriaali: Lasikuitu-muovi; Lis\u00e4tarvike\/lis\u00e4tieto: Tiivisteill\u00e4; K\u00e4ytt\u00f6: paineohjattu; Asennuspuoli: Kampikammio, Asennus sivulle; Kotelomalli: Muovikotelo; Moottorinumero: AEE; VW: GOLF IV 1J1,POLO 9N_,LUPO 6X1, 6E1,GOLF III 1H1,POLO 6N2,POLO 6N1,FOX 5Z1, 5Z3,BORA 1J2,GOLF III Variant 1H5,POLO CLASSIC 6KV2,VENTO 1H2,CADDY II Kombi 9K9B,CADDY II Pick-up 9U7; SKODA: FABIA Combi 6Y5,FABIA 6Y2,OCTAVIA Combi 1U5,OCTAVIA 1U2,FABIA Stufenheck 6Y3,FELICIA I 6U1,FELICIA I Fun 797,FELICIA II Kombi 6U5; SEAT: IBIZA IV 6L1,IBIZA II 6K1,TOLEDO II 1M2,CORDOBA 6K1, 6K2,CORDOBA 6L2,INCA 6K9; 036103464D, 036103464G, 036103464D, 036103464G, 036103464D, 036103464G, 036103464D, 036103464G<\/p>\n","protected":false},"excerpt":{"rendered":"<p>TOPRAN \u00d6ljynerotin, Kampikammiotuuletus 113 637  VW,SKODA,SEAT,GOLF IV 1J1,POLO 9N_,LUPO 6X1, 6E1,GOLF III 1H1,POLO 6N2,POLO 6N1,FOX 5Z1, 5Z3,BORA 1J2<\/p>\n","protected":false},"featured_media":0,"template":"","meta":{"site-sidebar-layout":"default","site-content-layout":"default","ast-global-header-display":"","ast-main-header-display":"","ast-hfb-above-header-display":"","ast-hfb-below-header-display":"","ast-hfb-mobile-header-display":"","site-post-title":"","ast-breadcrumbs-content":"","ast-featured-img":"","footer-sml-layout":"","theme-transparent-header-meta":"","adv-header-id-meta":"","stick-header-meta":"","header-above-stick-meta":"","header-main-stick-meta":"","header-below-stick-meta":""},"pwb-brand":[18],"product_cat":[125],"product_tag":[],"class_list":{"0":"post-12996","1":"product","2":"type-product","3":"status-publish","5":"pwb-brand-topran","6":"product_cat-huohotin","7":"desktop-align-left","8":"tablet-align-left","9":"mobile-align-left","11":"first","12":"instock","13":"product-type-external"},"brands":[{"id":18,"name":"TOPRAN","slug":"topran"}],"_links":{"self":[{"href":"https:\/\/www.autonvaraosahaku.fi\/index.php?rest_route=\/wp\/v2\/product\/12996","targetHints":{"allow":["GET"]}}],"collection":[{"href":"https:\/\/www.autonvaraosahaku.fi\/index.php?rest_route=\/wp\/v2\/product"}],"about":[{"href":"https:\/\/www.autonvaraosahaku.fi\/index.php?rest_route=\/wp\/v2\/types\/product"}],"wp:attachment":[{"href":"https:\/\/www.autonvaraosahaku.fi\/index.php?rest_route=%2Fwp%2Fv2%2Fmedia&parent=12996"}],"wp:term":[{"taxonomy":"pwb-brand","embeddable":true,"href":"https:\/\/www.autonvaraosahaku.fi\/index.php?rest_route=%2Fwp%2Fv2%2Fpwb-brand&post=12996"},{"taxonomy":"product_cat","embeddable":true,"href":"https:\/\/www.autonvaraosahaku.fi\/index.php?rest_route=%2Fwp%2Fv2%2Fproduct_cat&post=12996"},{"taxonomy":"product_tag","embeddable":true,"href":"https:\/\/www.autonvaraosahaku.fi\/index.php?rest_route=%2Fwp%2Fv2%2Fproduct_tag&post=12996"}],"curies":[{"name":"wp","href":"https:\/\/api.w.org\/{rel}","templated":true}]}}