{"id":13008,"date":"2021-02-21T14:16:28","date_gmt":"2021-02-21T14:16:28","guid":{"rendered":"https:\/\/www.autonvaraosahaku.fi\/?product=meyle-025-243-3219-w-jarrupalat"},"modified":"2021-02-21T14:16:29","modified_gmt":"2021-02-21T14:16:29","slug":"meyle-025-243-3219-w-jarrupalat","status":"publish","type":"product","link":"https:\/\/www.autonvaraosahaku.fi\/?product=meyle-025-243-3219-w-jarrupalat","title":{"rendered":"MEYLE 025 243 3219\/W Jarrupalat"},"content":{"rendered":"<p>Asennuspuoli: Etuakseli; Leveys (mm): 155,1; Korkeus (mm): 66,6; Korkeus 1 (mm): 66,6; Korkeus 2 (mm): 72; Paksuus 1 [mm]: 21,1; Paksuus 2 [mm]: 20,1; Kulumisvaroittimia [pro Achse]: 1; Kulumisenilmaisimen liitos: Sis. kulumisenilmaisimen; Varoittimen pituus [mm]: 155; Jarruj\u00e4rjestelm\u00e4: ATE; Korvaava tuote\/korvaava tiedote 2: Huudonvaimennuspellill\u00e4; M\u00e4\u00e4r\u00e4yksikk\u00f6: Akselisarja; lis\u00e4tieto: ORIGINAL Quality; PR-numerolle: 1LJ; VW: TIGUAN 5N_,SHARAN 7N1, 7N2,PASSAT A32; AUDI: Q3 8U; SEAT: ALHAMBRA 710, 711; 5N0698151, 5N0698151A, 5N0698151B, 5N0698151C, 7N0698151, 5N0698151, 5N0698151A, 5N0698151B, 5N0698151C, 7N0698151; Jarrupalasarja,Jarrupala, Levyjarru<\/p>\n","protected":false},"excerpt":{"rendered":"<p>MEYLE Jarrupalat 025 243 3219\/W Jarrupalasarja,Jarrupala, Levyjarru VW,AUDI,SEAT,TIGUAN 5N_,SHARAN 7N1, 7N2,PASSAT A32,Q3 8U,ALHAMBRA 710, 711<\/p>\n","protected":false},"featured_media":0,"template":"","meta":{"site-sidebar-layout":"default","site-content-layout":"default","ast-global-header-display":"","ast-main-header-display":"","ast-hfb-above-header-display":"","ast-hfb-below-header-display":"","ast-hfb-mobile-header-display":"","site-post-title":"","ast-breadcrumbs-content":"","ast-featured-img":"","footer-sml-layout":"","theme-transparent-header-meta":"","adv-header-id-meta":"","stick-header-meta":"","header-above-stick-meta":"","header-main-stick-meta":"","header-below-stick-meta":""},"pwb-brand":[84],"product_cat":[100],"product_tag":[],"class_list":{"0":"post-13008","1":"product","2":"type-product","3":"status-publish","5":"pwb-brand-meyle","6":"product_cat-jarrupalat","7":"desktop-align-left","8":"tablet-align-left","9":"mobile-align-left","11":"first","12":"instock","13":"product-type-external"},"brands":[{"id":84,"name":"MEYLE","slug":"meyle"}],"_links":{"self":[{"href":"https:\/\/www.autonvaraosahaku.fi\/index.php?rest_route=\/wp\/v2\/product\/13008","targetHints":{"allow":["GET"]}}],"collection":[{"href":"https:\/\/www.autonvaraosahaku.fi\/index.php?rest_route=\/wp\/v2\/product"}],"about":[{"href":"https:\/\/www.autonvaraosahaku.fi\/index.php?rest_route=\/wp\/v2\/types\/product"}],"wp:attachment":[{"href":"https:\/\/www.autonvaraosahaku.fi\/index.php?rest_route=%2Fwp%2Fv2%2Fmedia&parent=13008"}],"wp:term":[{"taxonomy":"pwb-brand","embeddable":true,"href":"https:\/\/www.autonvaraosahaku.fi\/index.php?rest_route=%2Fwp%2Fv2%2Fpwb-brand&post=13008"},{"taxonomy":"product_cat","embeddable":true,"href":"https:\/\/www.autonvaraosahaku.fi\/index.php?rest_route=%2Fwp%2Fv2%2Fproduct_cat&post=13008"},{"taxonomy":"product_tag","embeddable":true,"href":"https:\/\/www.autonvaraosahaku.fi\/index.php?rest_route=%2Fwp%2Fv2%2Fproduct_tag&post=13008"}],"curies":[{"name":"wp","href":"https:\/\/api.w.org\/{rel}","templated":true}]}}