{"id":13011,"date":"2021-02-21T14:16:28","date_gmt":"2021-02-21T14:16:28","guid":{"rendered":"https:\/\/www.autonvaraosahaku.fi\/?product=automega-110173010-kallistuksenvakaajan-puslat"},"modified":"2021-02-21T14:16:29","modified_gmt":"2021-02-21T14:16:29","slug":"automega-110173010-kallistuksenvakaajan-puslat","status":"publish","type":"product","link":"https:\/\/www.autonvaraosahaku.fi\/?product=automega-110173010-kallistuksenvakaajan-puslat","title":{"rendered":"AUTOMEGA 110173010 Kallistuksenvakaajan puslat"},"content":{"rendered":"<p>Tarvittava kappalem\u00e4\u00e4r\u00e4: 4; OPEL: ASTRA F CC 53_, 54_, 58_, 59_,ASTRA F Caravan 51_, 52_,CALIBRA A 85_,VECTRA A 86_, 87_,ASTRA F Cabriolet 53_B,ASTRA F 56_, 57_,KADETT E CC 33_, 34_, 43_, 44_,VECTRA A CC 88_, 89_,KADETT E Cabriolet 43B_,ASCONA C 81_, 86_, 87_, 88_,ASTRA F CLASSIC CC,ASTRA F CLASSIC Stufenheck,ASTRA F CLASSIC Caravan,KADETT E 39_, 49_,ASCONA C CC 84_, 89_,KADETT E Caravan 35_, 36_, 45_, 46_,ASTRA F Van 55_,KADETT E Kasten 37_, 47_,KADETT E Combo 38_, 48_; 0350153, 2875013, 350153, 2875013; Kallistuksenvakaajan Kumit,Vakaajan Hela<\/p>\n","protected":false},"excerpt":{"rendered":"<p>AUTOMEGA Kallistuksenvakaajan Puslat 110173010 Kallistuksenvakaajan Kumit,Vakaajan Hela OPEL,ASTRA F CC 53_, 54_, 58_, 59_,ASTRA F Caravan 51_, 52_<\/p>\n","protected":false},"featured_media":0,"template":"","meta":{"site-sidebar-layout":"default","site-content-layout":"default","ast-global-header-display":"","ast-main-header-display":"","ast-hfb-above-header-display":"","ast-hfb-below-header-display":"","ast-hfb-mobile-header-display":"","site-post-title":"","ast-breadcrumbs-content":"","ast-featured-img":"","footer-sml-layout":"","theme-transparent-header-meta":"","adv-header-id-meta":"","stick-header-meta":"","header-above-stick-meta":"","header-main-stick-meta":"","header-below-stick-meta":""},"pwb-brand":[121],"product_cat":[82],"product_tag":[],"class_list":{"0":"post-13011","1":"product","2":"type-product","3":"status-publish","5":"pwb-brand-automega","6":"product_cat-kallistuksenvakaajan-puslat","7":"desktop-align-left","8":"tablet-align-left","9":"mobile-align-left","11":"first","12":"instock","13":"product-type-external"},"brands":[{"id":121,"name":"AUTOMEGA","slug":"automega"}],"_links":{"self":[{"href":"https:\/\/www.autonvaraosahaku.fi\/index.php?rest_route=\/wp\/v2\/product\/13011","targetHints":{"allow":["GET"]}}],"collection":[{"href":"https:\/\/www.autonvaraosahaku.fi\/index.php?rest_route=\/wp\/v2\/product"}],"about":[{"href":"https:\/\/www.autonvaraosahaku.fi\/index.php?rest_route=\/wp\/v2\/types\/product"}],"wp:attachment":[{"href":"https:\/\/www.autonvaraosahaku.fi\/index.php?rest_route=%2Fwp%2Fv2%2Fmedia&parent=13011"}],"wp:term":[{"taxonomy":"pwb-brand","embeddable":true,"href":"https:\/\/www.autonvaraosahaku.fi\/index.php?rest_route=%2Fwp%2Fv2%2Fpwb-brand&post=13011"},{"taxonomy":"product_cat","embeddable":true,"href":"https:\/\/www.autonvaraosahaku.fi\/index.php?rest_route=%2Fwp%2Fv2%2Fproduct_cat&post=13011"},{"taxonomy":"product_tag","embeddable":true,"href":"https:\/\/www.autonvaraosahaku.fi\/index.php?rest_route=%2Fwp%2Fv2%2Fproduct_tag&post=13011"}],"curies":[{"name":"wp","href":"https:\/\/api.w.org\/{rel}","templated":true}]}}