{"id":13020,"date":"2021-02-21T14:16:31","date_gmt":"2021-02-21T14:16:31","guid":{"rendered":"https:\/\/www.autonvaraosahaku.fi\/?product=meyle-11-14-890-0000-jarruvalokytkin"},"modified":"2021-02-21T14:16:32","modified_gmt":"2021-02-21T14:16:32","slug":"meyle-11-14-890-0000-jarruvalokytkin","status":"publish","type":"product","link":"https:\/\/www.autonvaraosahaku.fi\/?product=meyle-11-14-890-0000-jarruvalokytkin","title":{"rendered":"MEYLE 11-14 890 0000 Jarruvalokytkin"},"content":{"rendered":"<p>K\u00e4ytt\u00f6: Manuaalinen (jalkak\u00e4ytt\u00f6); Huomioi ajoneuvovalmistajan vaatimukset: ; Napojen m\u00e4\u00e4r\u00e4: 4; lis\u00e4tieto: ORIGINAL Quality; Valmistusvuosi alkaen: 10\/2010; CITRO\u00cbN: BERLINGO B9,C4 Picasso I UD_,C4 Grand Picasso I UA_,DS3,C3 Picasso,C3 II,C4 II B7,BERLINGO Kasten B9,C4 Grand Picasso II,C4 Picasso II,DS4,DS5,DS3 Cabriolet,BERLINGO Pritsche\/Fahrgestell B9,C-ELYSEE,C4 CACTUS,C3 III SX; PEUGEOT: 207 WA_, WC_,307 SW 3H,207 CC WD_,307 CC 3B,307 3A\/C,207 SW WK_,308 SW,208,308 4A_, 4C_,5008,307 Break 3E,3008,PARTNER Tepee,RCZ,308 CC,2008,PARTNER Kasten,308 II,301,308 SW II,PARTNER Pritsche\/Fahrgestell,3008 SUV,5008 II,208 Kasten; DS: DS5; 9804869480, 9818232480, 9670430580, 9804869480, 9818232480; Jarruvalokatkaisin<\/p>\n","protected":false},"excerpt":{"rendered":"<p>MEYLE Jarruvalokytkin 11-14 890 0000 Jarruvalokatkaisin CITRO\u00cbN,PEUGEOT,DS,BERLINGO B9,C4 Picasso I UD_,C4 Grand Picasso I UA_,DS3,C3 Picasso,C3 II<\/p>\n","protected":false},"featured_media":0,"template":"","meta":{"site-sidebar-layout":"default","site-content-layout":"default","ast-global-header-display":"","ast-main-header-display":"","ast-hfb-above-header-display":"","ast-hfb-below-header-display":"","ast-hfb-mobile-header-display":"","site-post-title":"","ast-breadcrumbs-content":"","ast-featured-img":"","footer-sml-layout":"","theme-transparent-header-meta":"","adv-header-id-meta":"","stick-header-meta":"","header-above-stick-meta":"","header-main-stick-meta":"","header-below-stick-meta":""},"pwb-brand":[84],"product_cat":[117],"product_tag":[],"class_list":{"0":"post-13020","1":"product","2":"type-product","3":"status-publish","5":"pwb-brand-meyle","6":"product_cat-jarruvalokytkin","7":"desktop-align-left","8":"tablet-align-left","9":"mobile-align-left","11":"first","12":"instock","13":"product-type-external"},"brands":[{"id":84,"name":"MEYLE","slug":"meyle"}],"_links":{"self":[{"href":"https:\/\/www.autonvaraosahaku.fi\/index.php?rest_route=\/wp\/v2\/product\/13020","targetHints":{"allow":["GET"]}}],"collection":[{"href":"https:\/\/www.autonvaraosahaku.fi\/index.php?rest_route=\/wp\/v2\/product"}],"about":[{"href":"https:\/\/www.autonvaraosahaku.fi\/index.php?rest_route=\/wp\/v2\/types\/product"}],"wp:attachment":[{"href":"https:\/\/www.autonvaraosahaku.fi\/index.php?rest_route=%2Fwp%2Fv2%2Fmedia&parent=13020"}],"wp:term":[{"taxonomy":"pwb-brand","embeddable":true,"href":"https:\/\/www.autonvaraosahaku.fi\/index.php?rest_route=%2Fwp%2Fv2%2Fpwb-brand&post=13020"},{"taxonomy":"product_cat","embeddable":true,"href":"https:\/\/www.autonvaraosahaku.fi\/index.php?rest_route=%2Fwp%2Fv2%2Fproduct_cat&post=13020"},{"taxonomy":"product_tag","embeddable":true,"href":"https:\/\/www.autonvaraosahaku.fi\/index.php?rest_route=%2Fwp%2Fv2%2Fproduct_tag&post=13020"}],"curies":[{"name":"wp","href":"https:\/\/api.w.org\/{rel}","templated":true}]}}