{"id":13030,"date":"2021-02-21T14:16:31","date_gmt":"2021-02-21T14:16:31","guid":{"rendered":"https:\/\/www.autonvaraosahaku.fi\/?product=mahle-original-014-ps-20577-000-muut-luokat"},"modified":"2021-02-21T14:16:33","modified_gmt":"2021-02-21T14:16:33","slug":"mahle-original-014-ps-20577-000-muut-luokat","status":"publish","type":"product","link":"https:\/\/www.autonvaraosahaku.fi\/?product=mahle-original-014-ps-20577-000-muut-luokat","title":{"rendered":"MAHLE ORIGINAL 014 PS 20577 000 Muut luokat"},"content":{"rendered":"<p>Komponenttinumero: 014PL20576000; Lakkeriv\u00e4lykselle alkaen [mm]: 0,026; Laakeriv\u00e4lykseen [mm]: 0,086; Kotelol\u00e4pimitalle alkaen [mm]: 55,996; Kotelol\u00e4pimittaan [mm]: 56,016; Leveys alkaen [mm]: 24,3; Leveys enint\u00e4\u00e4n [mm]: 24,55; sein\u00e4paksuudelle alkaen [mm]: 1,475; Sein\u00e4n paksuus: 1,485; Akselil\u00e4pimitalle v\u00e4h. [mm]: 52,980; Akselil\u00e4pimittaan [mm]: 53,000; Moottorinumero: AZBC; KIA: PICANTO BA,RIO III UB; HYUNDAI: i10 PA,i20 PB, PBT,i10 IA,i20 GB,i20 Coupe,i10 Stufenheck; JAGUAR: X-TYPE CF1,X-TYPE Estate; FORD: MONDEO III Kombi BWY,FOCUS II Kombi DA_,MONDEO IV Turnier BA7,FOCUS II DA_,S-MAX WA6,FOCUS III Turnier,FOCUS C-MAX,GALAXY WA6,KUGA I,MONDEO III B5Y,C-MAX DM2,FOCUS III,TRANSIT MK-7 Kasten,C-MAX II,MONDEO IV BA7,MONDEO III Stufenheck B4Y,KUGA II DM2,GRAND C-MAX,TRANSIT MK-7 Bus,TRANSIT Kasten FA_ _,FOCUS II Stufenheck DA_,TRANSIT Bus FD_ _, FB_ _, FS_ _, FZ_ _, FC_ _,FOCUS II Cabriolet,TRANSIT MK-7 Pritsche\/Fahrgestell,TRANSIT Pritsche\/Fahrgestell FM_ _, FN_ _,FOCUS III Stufenheck,TRANSIT CUSTOM Kasten,TOURNEO CUSTOM Bus,MONDEO IV Stufenheck BA7,TRANSIT TOURNEO FB,TRANSIT CUSTOM Bus,TRANSIT Custom  Bus,GRAND C-MAX Van,TRANSIT Custom Pritsche\/Fahrgestell,C-MAX II Van,FOCUS III Kasten\/Schr\u00e4gheck; FIAT: DUCATO Kasten 250,DUCATO Pritsche\/Fahrgestell 250,DUCATO Bus 250; CITRO\u00cbN: JUMPER Kasten,JUMPER Bus,JUMPER Pritsche\/Fahrgestell; PEUGEOT: BOXER Kasten,BOXER Bus,BOXER Pritsche\/Fahrgestell; LDV: CONVOY Kasten,CONVOY Pritsche\/Fahrgestell,CONVOY Bus; 1096238, 1347408, 4C1Q6211AAA, XS7Q6211BA, 0606X4<\/p>\n","protected":false},"excerpt":{"rendered":"<p>MAHLE ORIGINAL Kiertokankilaakerisarja 014 PS 20577 000  KIA,HYUNDAI,JAGUAR,PICANTO BA,RIO III UB,i10 PA,i20 PB, PBT,i10 IA,i20 GB,i20 Coupe<\/p>\n","protected":false},"featured_media":0,"template":"","meta":{"site-sidebar-layout":"default","site-content-layout":"default","ast-global-header-display":"","ast-main-header-display":"","ast-hfb-above-header-display":"","ast-hfb-below-header-display":"","ast-hfb-mobile-header-display":"","site-post-title":"","ast-breadcrumbs-content":"","ast-featured-img":"","footer-sml-layout":"","theme-transparent-header-meta":"","adv-header-id-meta":"","stick-header-meta":"","header-above-stick-meta":"","header-main-stick-meta":"","header-below-stick-meta":""},"pwb-brand":[153],"product_cat":[37],"product_tag":[],"class_list":{"0":"post-13030","1":"product","2":"type-product","3":"status-publish","5":"pwb-brand-mahle-original","6":"product_cat-muut-luokat","7":"desktop-align-left","8":"tablet-align-left","9":"mobile-align-left","11":"first","12":"instock","13":"product-type-external"},"brands":[{"id":153,"name":"MAHLE ORIGINAL","slug":"mahle-original"}],"_links":{"self":[{"href":"https:\/\/www.autonvaraosahaku.fi\/index.php?rest_route=\/wp\/v2\/product\/13030","targetHints":{"allow":["GET"]}}],"collection":[{"href":"https:\/\/www.autonvaraosahaku.fi\/index.php?rest_route=\/wp\/v2\/product"}],"about":[{"href":"https:\/\/www.autonvaraosahaku.fi\/index.php?rest_route=\/wp\/v2\/types\/product"}],"wp:attachment":[{"href":"https:\/\/www.autonvaraosahaku.fi\/index.php?rest_route=%2Fwp%2Fv2%2Fmedia&parent=13030"}],"wp:term":[{"taxonomy":"pwb-brand","embeddable":true,"href":"https:\/\/www.autonvaraosahaku.fi\/index.php?rest_route=%2Fwp%2Fv2%2Fpwb-brand&post=13030"},{"taxonomy":"product_cat","embeddable":true,"href":"https:\/\/www.autonvaraosahaku.fi\/index.php?rest_route=%2Fwp%2Fv2%2Fproduct_cat&post=13030"},{"taxonomy":"product_tag","embeddable":true,"href":"https:\/\/www.autonvaraosahaku.fi\/index.php?rest_route=%2Fwp%2Fv2%2Fproduct_tag&post=13030"}],"curies":[{"name":"wp","href":"https:\/\/api.w.org\/{rel}","templated":true}]}}