{"id":13063,"date":"2021-02-21T14:16:39","date_gmt":"2021-02-21T14:16:39","guid":{"rendered":"https:\/\/www.autonvaraosahaku.fi\/?product=maxgear-14-0018-oljynjaahdytin"},"modified":"2021-02-21T14:16:39","modified_gmt":"2021-02-21T14:16:39","slug":"maxgear-14-0018-oljynjaahdytin","status":"publish","type":"product","link":"https:\/\/www.autonvaraosahaku.fi\/?product=maxgear-14-0018-oljynjaahdytin","title":{"rendered":"MAXGEAR 14-0018 \u00d6ljynj\u00e4\u00e4hdytin"},"content":{"rendered":"<p>J\u00e4\u00e4hdytystapa: Ilmaj\u00e4\u00e4hdytteinen; Paksuus [mm]: 42; Leveys (mm): 65; Korkeus (mm): 95; kiiloja: 12; Rakennemalli: RanchTepee; CITRO\u00cbN: C1 PM_, PN_,BERLINGO MF,C2 JM_,C3 I FC_,BERLINGO B9,C4 I LC_,DS3,BERLINGO Kasten M_,C3 Picasso,C3 II,XSARA N1,C4 Coupe LA_,C3 Pluriel HB_,NEMO Kasten AA_,NEMO Kombi; PEUGEOT: 206 Schr\u00e4gheck 2A\/C,207 WA_, WC_,307 3A\/C,207 SW WK_,107,308 SW,206 SW 2E\/K,208,206+ T3E,307 Break 3E,PARTNER Tepee,1007 KM_,PARTNER Combispace 5F,PARTNER Kasten 5,PARTNER Kasten,206 Stufenheck,BIPPER AA_,BIPPER Tepee,206 Van; 1103K2, 1103K2; \u00d6ljynlauhdutin,Moottori\u00f6ljyn J\u00e4\u00e4hdytin<\/p>\n","protected":false},"excerpt":{"rendered":"<p>MAXGEAR \u00d6ljynj\u00e4\u00e4hdytin 14-0018 \u00d6ljynlauhdutin,Moottori\u00f6ljyn J\u00e4\u00e4hdytin CITRO\u00cbN,PEUGEOT,C1 PM_, PN_,BERLINGO MF,C2 JM_,C3 I FC_,BERLINGO B9,C4 I LC_,DS3<\/p>\n","protected":false},"featured_media":0,"template":"","meta":{"site-sidebar-layout":"default","site-content-layout":"default","ast-global-header-display":"","ast-main-header-display":"","ast-hfb-above-header-display":"","ast-hfb-below-header-display":"","ast-hfb-mobile-header-display":"","site-post-title":"","ast-breadcrumbs-content":"","ast-featured-img":"","footer-sml-layout":"","theme-transparent-header-meta":"","adv-header-id-meta":"","stick-header-meta":"","header-above-stick-meta":"","header-main-stick-meta":"","header-below-stick-meta":""},"pwb-brand":[48],"product_cat":[244],"product_tag":[],"class_list":{"0":"post-13063","1":"product","2":"type-product","3":"status-publish","5":"pwb-brand-maxgear","6":"product_cat-oljynjaahdytin","7":"desktop-align-left","8":"tablet-align-left","9":"mobile-align-left","11":"first","12":"instock","13":"product-type-external"},"brands":[{"id":48,"name":"MAXGEAR","slug":"maxgear"}],"_links":{"self":[{"href":"https:\/\/www.autonvaraosahaku.fi\/index.php?rest_route=\/wp\/v2\/product\/13063","targetHints":{"allow":["GET"]}}],"collection":[{"href":"https:\/\/www.autonvaraosahaku.fi\/index.php?rest_route=\/wp\/v2\/product"}],"about":[{"href":"https:\/\/www.autonvaraosahaku.fi\/index.php?rest_route=\/wp\/v2\/types\/product"}],"wp:attachment":[{"href":"https:\/\/www.autonvaraosahaku.fi\/index.php?rest_route=%2Fwp%2Fv2%2Fmedia&parent=13063"}],"wp:term":[{"taxonomy":"pwb-brand","embeddable":true,"href":"https:\/\/www.autonvaraosahaku.fi\/index.php?rest_route=%2Fwp%2Fv2%2Fpwb-brand&post=13063"},{"taxonomy":"product_cat","embeddable":true,"href":"https:\/\/www.autonvaraosahaku.fi\/index.php?rest_route=%2Fwp%2Fv2%2Fproduct_cat&post=13063"},{"taxonomy":"product_tag","embeddable":true,"href":"https:\/\/www.autonvaraosahaku.fi\/index.php?rest_route=%2Fwp%2Fv2%2Fproduct_tag&post=13063"}],"curies":[{"name":"wp","href":"https:\/\/api.w.org\/{rel}","templated":true}]}}