{"id":13065,"date":"2021-02-21T14:16:39","date_gmt":"2021-02-21T14:16:39","guid":{"rendered":"https:\/\/www.autonvaraosahaku.fi\/?product=swag-40-94-8614-paisuntasailio"},"modified":"2021-02-21T14:16:39","modified_gmt":"2021-02-21T14:16:39","slug":"swag-40-94-8614-paisuntasailio","status":"publish","type":"product","link":"https:\/\/www.autonvaraosahaku.fi\/?product=swag-40-94-8614-paisuntasailio","title":{"rendered":"SWAG 40 94 8614 Paisuntas\u00e4ili\u00f6"},"content":{"rendered":"<p>V\u00e4ri: Valkoinen; Materiaali: PP (polypropeeni), PP (polypropeeni); Paino [kg]: 0,451, 0,451; Huomioi tekniset tiedot: ; OPEL: MERIVA; VAUXHALL: MERIVA Mk I A; 01304411, 01304611, 1304411, 1304611, 013127096, 013160252, 13127096, 13160252; Nestes\u00e4ili\u00f6, J\u00e4\u00e4hdytysneste<\/p>\n","protected":false},"excerpt":{"rendered":"<p>SWAG Paisuntas\u00e4ili\u00f6 40 94 8614 Nestes\u00e4ili\u00f6, J\u00e4\u00e4hdytysneste OPEL,VAUXHALL,MERIVA,MERIVA Mk I A<\/p>\n","protected":false},"featured_media":0,"template":"","meta":{"site-sidebar-layout":"default","site-content-layout":"default","ast-global-header-display":"","ast-main-header-display":"","ast-hfb-above-header-display":"","ast-hfb-below-header-display":"","ast-hfb-mobile-header-display":"","site-post-title":"","ast-breadcrumbs-content":"","ast-featured-img":"","footer-sml-layout":"","theme-transparent-header-meta":"","adv-header-id-meta":"","stick-header-meta":"","header-above-stick-meta":"","header-main-stick-meta":"","header-below-stick-meta":""},"pwb-brand":[103],"product_cat":[127],"product_tag":[],"class_list":{"0":"post-13065","1":"product","2":"type-product","3":"status-publish","5":"pwb-brand-swag","6":"product_cat-paisuntasailio","7":"desktop-align-left","8":"tablet-align-left","9":"mobile-align-left","11":"first","12":"instock","13":"product-type-external"},"brands":[{"id":103,"name":"SWAG","slug":"swag"}],"_links":{"self":[{"href":"https:\/\/www.autonvaraosahaku.fi\/index.php?rest_route=\/wp\/v2\/product\/13065","targetHints":{"allow":["GET"]}}],"collection":[{"href":"https:\/\/www.autonvaraosahaku.fi\/index.php?rest_route=\/wp\/v2\/product"}],"about":[{"href":"https:\/\/www.autonvaraosahaku.fi\/index.php?rest_route=\/wp\/v2\/types\/product"}],"wp:attachment":[{"href":"https:\/\/www.autonvaraosahaku.fi\/index.php?rest_route=%2Fwp%2Fv2%2Fmedia&parent=13065"}],"wp:term":[{"taxonomy":"pwb-brand","embeddable":true,"href":"https:\/\/www.autonvaraosahaku.fi\/index.php?rest_route=%2Fwp%2Fv2%2Fpwb-brand&post=13065"},{"taxonomy":"product_cat","embeddable":true,"href":"https:\/\/www.autonvaraosahaku.fi\/index.php?rest_route=%2Fwp%2Fv2%2Fproduct_cat&post=13065"},{"taxonomy":"product_tag","embeddable":true,"href":"https:\/\/www.autonvaraosahaku.fi\/index.php?rest_route=%2Fwp%2Fv2%2Fproduct_tag&post=13065"}],"curies":[{"name":"wp","href":"https:\/\/api.w.org\/{rel}","templated":true}]}}