{"id":13088,"date":"2021-02-21T14:16:42","date_gmt":"2021-02-21T14:16:42","guid":{"rendered":"https:\/\/www.autonvaraosahaku.fi\/?product=maxgear-59-0065-lambda-anturi"},"modified":"2021-02-21T14:16:43","modified_gmt":"2021-02-21T14:16:43","slug":"maxgear-59-0065-lambda-anturi","status":"publish","type":"product","link":"https:\/\/www.autonvaraosahaku.fi\/?product=maxgear-59-0065-lambda-anturi","title":{"rendered":"MAXGEAR 59-0065 Lambda anturi"},"content":{"rendered":"<p>Lambdatunnistin: L\u00e4mmitetty; johtojen lukum\u00e4\u00e4r\u00e4: 4; Pituus (mm): 425; TECDOC-moottorinumero: 25554; JEEP: GRAND CHEROKEE III WH, WK,GRAND CHEROKEE IV WK, WK2,WRANGLER III JK,COMMANDER XK,WRANGLER II TJ,CHEROKEE KK; CHRYSLER: PT CRUISER PT_,VOYAGER IV RG, RS,300 C Touring LX,300 C LX,SEBRING Cabriolet JR,300 M LR,PT CRUISER Cabriolet,SEBRING JR,SEBRING Cabriolet JS; DODGE: CARAVAN RG_,STRATUS; 05033400AA, 56029049AA, 05033400AA, 56029049AA, 56029049AA; Lambdatunnistin,Happianturi<\/p>\n","protected":false},"excerpt":{"rendered":"<p>MAXGEAR Lambda Anturi 59-0065 Lambdatunnistin,Happianturi JEEP,CHRYSLER,DODGE,GRAND CHEROKEE III WH, WK,GRAND CHEROKEE IV WK, WK2,WRANGLER III JK<\/p>\n","protected":false},"featured_media":0,"template":"","meta":{"site-sidebar-layout":"default","site-content-layout":"default","ast-global-header-display":"","ast-main-header-display":"","ast-hfb-above-header-display":"","ast-hfb-below-header-display":"","ast-hfb-mobile-header-display":"","site-post-title":"","ast-breadcrumbs-content":"","ast-featured-img":"","footer-sml-layout":"","theme-transparent-header-meta":"","adv-header-id-meta":"","stick-header-meta":"","header-above-stick-meta":"","header-main-stick-meta":"","header-below-stick-meta":""},"pwb-brand":[48],"product_cat":[264],"product_tag":[],"class_list":{"0":"post-13088","1":"product","2":"type-product","3":"status-publish","5":"pwb-brand-maxgear","6":"product_cat-lambda-anturi","7":"desktop-align-left","8":"tablet-align-left","9":"mobile-align-left","11":"first","12":"instock","13":"product-type-external"},"brands":[{"id":48,"name":"MAXGEAR","slug":"maxgear"}],"_links":{"self":[{"href":"https:\/\/www.autonvaraosahaku.fi\/index.php?rest_route=\/wp\/v2\/product\/13088","targetHints":{"allow":["GET"]}}],"collection":[{"href":"https:\/\/www.autonvaraosahaku.fi\/index.php?rest_route=\/wp\/v2\/product"}],"about":[{"href":"https:\/\/www.autonvaraosahaku.fi\/index.php?rest_route=\/wp\/v2\/types\/product"}],"wp:attachment":[{"href":"https:\/\/www.autonvaraosahaku.fi\/index.php?rest_route=%2Fwp%2Fv2%2Fmedia&parent=13088"}],"wp:term":[{"taxonomy":"pwb-brand","embeddable":true,"href":"https:\/\/www.autonvaraosahaku.fi\/index.php?rest_route=%2Fwp%2Fv2%2Fpwb-brand&post=13088"},{"taxonomy":"product_cat","embeddable":true,"href":"https:\/\/www.autonvaraosahaku.fi\/index.php?rest_route=%2Fwp%2Fv2%2Fproduct_cat&post=13088"},{"taxonomy":"product_tag","embeddable":true,"href":"https:\/\/www.autonvaraosahaku.fi\/index.php?rest_route=%2Fwp%2Fv2%2Fproduct_tag&post=13088"}],"curies":[{"name":"wp","href":"https:\/\/api.w.org\/{rel}","templated":true}]}}