{"id":13096,"date":"2021-02-21T14:16:42","date_gmt":"2021-02-21T14:16:42","guid":{"rendered":"https:\/\/www.autonvaraosahaku.fi\/?product=van-wezel-5766808-sivupeilit"},"modified":"2021-02-21T14:16:44","modified_gmt":"2021-02-21T14:16:44","slug":"van-wezel-5766808-sivupeilit","status":"publish","type":"product","link":"https:\/\/www.autonvaraosahaku.fi\/?product=van-wezel-5766808-sivupeilit","title":{"rendered":"VAN WEZEL 5766808 Sivupeilit"},"content":{"rendered":"<p>Asennuspuoli: Oikea; Ulko-\/sis\u00e4peili: Peili, kokonainen, Kupera, s\u00e4hk\u00f6-peilins\u00e4\u00e4d\u00f6lle, L\u00e4mmitett\u00e4v\u00e4, automaattisella matkustajapuolen peilin sis\u00e4\u00e4nk\u00e4\u00e4nn\u00f6ll\u00e4; Valotoiminto: vilkkuvalolla; Pinta: Pohjustettu; Liittimi\u00e4: 1; Napojen m\u00e4\u00e4r\u00e4: 16; K\u00e4yt\u00f6ss\u00e4 koskettimia: 10; parilliset tuotenumerot: 5766808; Laatu: Hagus; VW: GOLF VII 5G1, BE1,GOLF VII Kombi BA5,GOLF ALLTRACK BA5; 5G0857521, 5G0857522, 5G0857537CGRU, 5G0857537EGRU, 5G0857538CGRU, 5G0857538EGRU, 5G0949102, 5G1857507AF9B9, 5G1857507BF9B9, 5G1857508AM9B9, 5G1857508CL9B9, 5G1857508EJ9B9, 5G1857508FD9B9; Ulkopeilit,Ulkopeili<\/p>\n","protected":false},"excerpt":{"rendered":"<p>VAN WEZEL Sivupeilit * HAGUS * 5766808 Ulkopeilit,Ulkopeili VW,GOLF VII 5G1, BE1,GOLF VII Kombi BA5,GOLF ALLTRACK BA5<\/p>\n","protected":false},"featured_media":0,"template":"","meta":{"site-sidebar-layout":"default","site-content-layout":"default","ast-global-header-display":"","ast-main-header-display":"","ast-hfb-above-header-display":"","ast-hfb-below-header-display":"","ast-hfb-mobile-header-display":"","site-post-title":"","ast-breadcrumbs-content":"","ast-featured-img":"","footer-sml-layout":"","theme-transparent-header-meta":"","adv-header-id-meta":"","stick-header-meta":"","header-above-stick-meta":"","header-main-stick-meta":"","header-below-stick-meta":""},"pwb-brand":[54],"product_cat":[220],"product_tag":[],"class_list":{"0":"post-13096","1":"product","2":"type-product","3":"status-publish","5":"pwb-brand-van-wezel","6":"product_cat-sivupeilit","7":"desktop-align-left","8":"tablet-align-left","9":"mobile-align-left","11":"first","12":"instock","13":"product-type-external"},"brands":[{"id":54,"name":"VAN WEZEL","slug":"van-wezel"}],"_links":{"self":[{"href":"https:\/\/www.autonvaraosahaku.fi\/index.php?rest_route=\/wp\/v2\/product\/13096","targetHints":{"allow":["GET"]}}],"collection":[{"href":"https:\/\/www.autonvaraosahaku.fi\/index.php?rest_route=\/wp\/v2\/product"}],"about":[{"href":"https:\/\/www.autonvaraosahaku.fi\/index.php?rest_route=\/wp\/v2\/types\/product"}],"wp:attachment":[{"href":"https:\/\/www.autonvaraosahaku.fi\/index.php?rest_route=%2Fwp%2Fv2%2Fmedia&parent=13096"}],"wp:term":[{"taxonomy":"pwb-brand","embeddable":true,"href":"https:\/\/www.autonvaraosahaku.fi\/index.php?rest_route=%2Fwp%2Fv2%2Fpwb-brand&post=13096"},{"taxonomy":"product_cat","embeddable":true,"href":"https:\/\/www.autonvaraosahaku.fi\/index.php?rest_route=%2Fwp%2Fv2%2Fproduct_cat&post=13096"},{"taxonomy":"product_tag","embeddable":true,"href":"https:\/\/www.autonvaraosahaku.fi\/index.php?rest_route=%2Fwp%2Fv2%2Fproduct_tag&post=13096"}],"curies":[{"name":"wp","href":"https:\/\/api.w.org\/{rel}","templated":true}]}}