{"id":13100,"date":"2021-02-21T14:16:46","date_gmt":"2021-02-21T14:16:46","guid":{"rendered":"https:\/\/www.autonvaraosahaku.fi\/?product=topran-109-328-muut-luokat"},"modified":"2021-02-21T14:16:46","modified_gmt":"2021-02-21T14:16:46","slug":"topran-109-328-muut-luokat","status":"publish","type":"product","link":"https:\/\/www.autonvaraosahaku.fi\/?product=topran-109-328-muut-luokat","title":{"rendered":"TOPRAN 109 328 Muut luokat"},"content":{"rendered":"<p>Ruuvikanta\/mutteriprofiili: Kaksitoistakulma; Pultti\/mutteri malli: hukkaamattomalla levyll\u00e4, Levityspultti, Kartiolla; Kierremitta: M 14; Huomioi ajoneuvovalmistajan vaatimukset: ; Kokonaispituus (mm): 67; Kovuusluokka: 10.9; Kierrenousu (mm): 1,5; Ruuvin pituus ilman p\u00e4\u00e4t\u00e4: 53; Moottorinumero: AHW; VW: GOLF IV 1J1,GOLF V 1K1,POLO 9N_,GOLF VI 5K1,GOLF PLUS 5M1, 521,LUPO 6X1, 6E1,GOLF IV Variant 1J5,POLO 6N2,CADDY III Kombi 2KB, 2KJ, 2CB, 2CJ,CADDY III Kasten 2KA, 2KH, 2CA, 2CH,BORA 1J2,NEW BEETLE 9C1, 1C1,POLO Stufenheck 9A4; AUDI: A2 8Z0; SKODA: OCTAVIA Combi 1Z5,FABIA Combi 6Y5,FABIA,FABIA 6Y2,OCTAVIA Combi 1U5,FABIA Combi,ROOMSTER 5J,OCTAVIA 1Z3,OCTAVIA 1U2,FABIA Stufenheck 6Y3,ROOMSTER Praktik 5J; SEAT: IBIZA IV 6L1,LEON 1P1,LEON 1M1,AROSA 6H,TOLEDO II 1M2,CORDOBA 6L2; 036105229, N91048701, 036105229, N91048701, 036105229, N91048701, 036105229, N91048701<\/p>\n","protected":false},"excerpt":{"rendered":"<p>TOPRAN Hihnapy\u00f6r\u00e4n Ruuvi 109 328  VW,AUDI,SKODA,GOLF IV 1J1,GOLF V 1K1,POLO 9N_,GOLF VI 5K1,GOLF PLUS 5M1, 521,LUPO 6X1, 6E1,GOLF IV Variant 1J5<\/p>\n","protected":false},"featured_media":0,"template":"","meta":{"site-sidebar-layout":"default","site-content-layout":"default","ast-global-header-display":"","ast-main-header-display":"","ast-hfb-above-header-display":"","ast-hfb-below-header-display":"","ast-hfb-mobile-header-display":"","site-post-title":"","ast-breadcrumbs-content":"","ast-featured-img":"","footer-sml-layout":"","theme-transparent-header-meta":"","adv-header-id-meta":"","stick-header-meta":"","header-above-stick-meta":"","header-main-stick-meta":"","header-below-stick-meta":""},"pwb-brand":[18],"product_cat":[37],"product_tag":[],"class_list":{"0":"post-13100","1":"product","2":"type-product","3":"status-publish","5":"pwb-brand-topran","6":"product_cat-muut-luokat","7":"desktop-align-left","8":"tablet-align-left","9":"mobile-align-left","11":"first","12":"instock","13":"product-type-external"},"brands":[{"id":18,"name":"TOPRAN","slug":"topran"}],"_links":{"self":[{"href":"https:\/\/www.autonvaraosahaku.fi\/index.php?rest_route=\/wp\/v2\/product\/13100","targetHints":{"allow":["GET"]}}],"collection":[{"href":"https:\/\/www.autonvaraosahaku.fi\/index.php?rest_route=\/wp\/v2\/product"}],"about":[{"href":"https:\/\/www.autonvaraosahaku.fi\/index.php?rest_route=\/wp\/v2\/types\/product"}],"wp:attachment":[{"href":"https:\/\/www.autonvaraosahaku.fi\/index.php?rest_route=%2Fwp%2Fv2%2Fmedia&parent=13100"}],"wp:term":[{"taxonomy":"pwb-brand","embeddable":true,"href":"https:\/\/www.autonvaraosahaku.fi\/index.php?rest_route=%2Fwp%2Fv2%2Fpwb-brand&post=13100"},{"taxonomy":"product_cat","embeddable":true,"href":"https:\/\/www.autonvaraosahaku.fi\/index.php?rest_route=%2Fwp%2Fv2%2Fproduct_cat&post=13100"},{"taxonomy":"product_tag","embeddable":true,"href":"https:\/\/www.autonvaraosahaku.fi\/index.php?rest_route=%2Fwp%2Fv2%2Fproduct_tag&post=13100"}],"curies":[{"name":"wp","href":"https:\/\/api.w.org\/{rel}","templated":true}]}}