{"id":13104,"date":"2021-02-21T14:16:46","date_gmt":"2021-02-21T14:16:46","guid":{"rendered":"https:\/\/www.autonvaraosahaku.fi\/?product=ate-13-0460-5688-2-jarrupalat"},"modified":"2021-02-21T14:16:47","modified_gmt":"2021-02-21T14:16:47","slug":"ate-13-0460-5688-2-jarrupalat","status":"publish","type":"product","link":"https:\/\/www.autonvaraosahaku.fi\/?product=ate-13-0460-5688-2-jarrupalat","title":{"rendered":"ATE 13.0460-5688.2 Jarrupalat"},"content":{"rendered":"<p>Leveys (mm): 142,0; Korkeus (mm): 58,9; Paksuus [mm]: 18,6; Kulumisenilmaisimen liitos: Ei kulumisenilmaisimelle, Ilman kulumisenilmaisinta; Korvaava tuote\/korvaava tiedote 2: Jarrusatulan ruuveilla; Ruuvien m\u00e4\u00e4r\u00e4: 2; Jarruj\u00e4rjestelm\u00e4: Akebono; Tarkistuskilpi: E9 90R-02A1248\/4681; MAPP-koodi saatavilla: ; Asennuspuoli: Vorderachse; RENAULT: MEGANE IV B9A\/M_,MEGANE IV Grandtour K9A\/M_,ESPACE V,TALISMAN Grandtour KP_,TALISMAN,GRAND SC\u00c9NIC IV R9_,SC\u00c9NIC IV J9_; 410606808R; Jarrupalasarja,Jarrupala, Levyjarru<\/p>\n","protected":false},"excerpt":{"rendered":"<p>ATE Jarrupalat 13.0460-5688.2 Jarrupalasarja,Jarrupala, Levyjarru RENAULT,MEGANE IV B9A\/M_,MEGANE IV Grandtour K9A\/M_,ESPACE V,TALISMAN Grandtour KP_<\/p>\n","protected":false},"featured_media":0,"template":"","meta":{"site-sidebar-layout":"default","site-content-layout":"default","ast-global-header-display":"","ast-main-header-display":"","ast-hfb-above-header-display":"","ast-hfb-below-header-display":"","ast-hfb-mobile-header-display":"","site-post-title":"","ast-breadcrumbs-content":"","ast-featured-img":"","footer-sml-layout":"","theme-transparent-header-meta":"","adv-header-id-meta":"","stick-header-meta":"","header-above-stick-meta":"","header-main-stick-meta":"","header-below-stick-meta":""},"pwb-brand":[108],"product_cat":[100],"product_tag":[],"class_list":{"0":"post-13104","1":"product","2":"type-product","3":"status-publish","5":"pwb-brand-ate","6":"product_cat-jarrupalat","7":"desktop-align-left","8":"tablet-align-left","9":"mobile-align-left","11":"first","12":"instock","13":"product-type-external"},"brands":[{"id":108,"name":"ATE","slug":"ate"}],"_links":{"self":[{"href":"https:\/\/www.autonvaraosahaku.fi\/index.php?rest_route=\/wp\/v2\/product\/13104","targetHints":{"allow":["GET"]}}],"collection":[{"href":"https:\/\/www.autonvaraosahaku.fi\/index.php?rest_route=\/wp\/v2\/product"}],"about":[{"href":"https:\/\/www.autonvaraosahaku.fi\/index.php?rest_route=\/wp\/v2\/types\/product"}],"wp:attachment":[{"href":"https:\/\/www.autonvaraosahaku.fi\/index.php?rest_route=%2Fwp%2Fv2%2Fmedia&parent=13104"}],"wp:term":[{"taxonomy":"pwb-brand","embeddable":true,"href":"https:\/\/www.autonvaraosahaku.fi\/index.php?rest_route=%2Fwp%2Fv2%2Fpwb-brand&post=13104"},{"taxonomy":"product_cat","embeddable":true,"href":"https:\/\/www.autonvaraosahaku.fi\/index.php?rest_route=%2Fwp%2Fv2%2Fproduct_cat&post=13104"},{"taxonomy":"product_tag","embeddable":true,"href":"https:\/\/www.autonvaraosahaku.fi\/index.php?rest_route=%2Fwp%2Fv2%2Fproduct_tag&post=13104"}],"curies":[{"name":"wp","href":"https:\/\/api.w.org\/{rel}","templated":true}]}}