{"id":13124,"date":"2021-02-21T14:16:49","date_gmt":"2021-02-21T14:16:49","guid":{"rendered":"https:\/\/www.autonvaraosahaku.fi\/?product=alanko-10901415-turboahdin"},"modified":"2021-02-21T14:16:50","modified_gmt":"2021-02-21T14:16:50","slug":"alanko-10901415-turboahdin","status":"publish","type":"product","link":"https:\/\/www.autonvaraosahaku.fi\/?product=alanko-10901415-turboahdin","title":{"rendered":"ALANKO 10901415 Turboahdin"},"content":{"rendered":"<p>Ahtotapa: Pakokaasuahdin; Pakokaasunormi: Euro 5; K\u00e4ytt\u00f6: alipaineohjattu; Huomioi tekniset tiedot: ; Lis\u00e4tarvike\/lis\u00e4tieto: sis. tiivistesarjan; M\u00e4\u00e4r\u00e4yksikk\u00f6: Kappale; Uusi osa: ; NISSAN: NV200 EVALIA,NV200 Kasten; MERCEDES-BENZ: CITAN Kasten 415,CITAN Kombi 415,CITAN Mixto 415; DACIA: DUSTER,SANDERO,LOGAN MCV KS_,SANDERO II,LODGY,LOGAN MCV II,DOKKER,LOGAN LS_,DOKKER Express,LOGAN EXPRESS FS_,LOGAN Pick-up US_,LOGAN II,DUSTER Kasten; RENAULT: CLIO III BR0\/1, CR0\/1,TWINGO II CN0_,MEGANE III Grandtour KZ0\/1,MODUS \/ GRAND MODUS F\/JP0_,CLIO IV,MEGANE III Schr\u00e4gheck BZ0_,MEGANE III Coupe DZ0\/1_,KANGOO \/ GRAND KANGOO KW0\/1_,CLIO Grandtour KR0\/1_,CAPTUR,KANGOO Express FW0\/1_,CLIO Grandtour IV,KANGOO BE BOP KW0\/1_,FLUENCE L30_,CLIO IV Kasten; 6070900100, 607090010080, 6070900180, 607090018080, 6070900200, 607090020080, 6070900480, 607090048080, A6070900100, A607090010080, A6070900180, A607090018080, A6070900200, A607090020080, A6070900480, A607090048080, 144116137R, 144116213R, 144116213RC, 144117533R, 144117533RC, 144119262RB, 144119263R, 144119263RB, 144119998R, 144119998RC, 8201164371<\/p>\n","protected":false},"excerpt":{"rendered":"<p>ALANKO Turboahdin 10901415  NISSAN,MERCEDES-BENZ,DACIA,NV200 EVALIA,NV200 Kasten,CITAN Kasten 415,CITAN Kombi 415,CITAN Mixto 415,DUSTER,SANDERO<\/p>\n","protected":false},"featured_media":0,"template":"","meta":{"site-sidebar-layout":"default","site-content-layout":"default","ast-global-header-display":"","ast-main-header-display":"","ast-hfb-above-header-display":"","ast-hfb-below-header-display":"","ast-hfb-mobile-header-display":"","site-post-title":"","ast-breadcrumbs-content":"","ast-featured-img":"","footer-sml-layout":"","theme-transparent-header-meta":"","adv-header-id-meta":"","stick-header-meta":"","header-above-stick-meta":"","header-main-stick-meta":"","header-below-stick-meta":""},"pwb-brand":[324],"product_cat":[250],"product_tag":[],"class_list":{"0":"post-13124","1":"product","2":"type-product","3":"status-publish","5":"pwb-brand-alanko","6":"product_cat-turboahdin","7":"desktop-align-left","8":"tablet-align-left","9":"mobile-align-left","11":"first","12":"instock","13":"product-type-external"},"brands":[{"id":324,"name":"ALANKO","slug":"alanko"}],"_links":{"self":[{"href":"https:\/\/www.autonvaraosahaku.fi\/index.php?rest_route=\/wp\/v2\/product\/13124","targetHints":{"allow":["GET"]}}],"collection":[{"href":"https:\/\/www.autonvaraosahaku.fi\/index.php?rest_route=\/wp\/v2\/product"}],"about":[{"href":"https:\/\/www.autonvaraosahaku.fi\/index.php?rest_route=\/wp\/v2\/types\/product"}],"wp:attachment":[{"href":"https:\/\/www.autonvaraosahaku.fi\/index.php?rest_route=%2Fwp%2Fv2%2Fmedia&parent=13124"}],"wp:term":[{"taxonomy":"pwb-brand","embeddable":true,"href":"https:\/\/www.autonvaraosahaku.fi\/index.php?rest_route=%2Fwp%2Fv2%2Fpwb-brand&post=13124"},{"taxonomy":"product_cat","embeddable":true,"href":"https:\/\/www.autonvaraosahaku.fi\/index.php?rest_route=%2Fwp%2Fv2%2Fproduct_cat&post=13124"},{"taxonomy":"product_tag","embeddable":true,"href":"https:\/\/www.autonvaraosahaku.fi\/index.php?rest_route=%2Fwp%2Fv2%2Fproduct_tag&post=13124"}],"curies":[{"name":"wp","href":"https:\/\/api.w.org\/{rel}","templated":true}]}}