{"id":13125,"date":"2021-02-21T14:16:49","date_gmt":"2021-02-21T14:16:49","guid":{"rendered":"https:\/\/www.autonvaraosahaku.fi\/?product=johns-50-64-37-15-sivupeilit"},"modified":"2021-02-21T14:16:50","modified_gmt":"2021-02-21T14:16:50","slug":"johns-50-64-37-15-sivupeilit","status":"publish","type":"product","link":"https:\/\/www.autonvaraosahaku.fi\/?product=johns-50-64-37-15-sivupeilit","title":{"rendered":"JOHNS 50 64 37-15 Sivupeilit"},"content":{"rendered":"<p>Asennuspuoli: Vasen; Ulko-\/sis\u00e4peili: lyhyt peilinvarsi, Kupera, Laajakulmapeilill\u00e4, k\u00e4sin s\u00e4\u00e4dett\u00e4v\u00e4lle peilille; V\u00e4ri: Musta; Valotoiminto: vilkkuvalolla; Napojen m\u00e4\u00e4r\u00e4: 2; Varusteet: ajoneuvoille ilman pys\u00e4k\u00f6intitutkaa; Valmistusvuosi alkaen: 05\/2009; VW: CRAFTER 30-50 Kasten 2E_,CRAFTER 30-35 Bus 2E_,CRAFTER 30-50 Pritsche\/Fahrgestell 2F_; MERCEDES-BENZ: SPRINTER 3,5-t Kasten 906,SPRINTER 3,5-t Bus 906,SPRINTER 3-t Kasten 906,SPRINTER 3,5-t Pritsche\/Fahrgestell 906,SPRINTER 3-t Bus 906,SPRINTER 5-t Kasten 906,SPRINTER 5-t Pritsche\/Fahrgestell 906,SPRINTER 3-t Pritsche\/Fahrgestell 906,SPRINTER 4,6-t Pritsche\/Fahrgestell 906,SPRINTER 4,6-t Kasten 906,SPRINTER 5-t Bus; 2E1857501AD; Ulkopeilit,Ulkopeili<\/p>\n","protected":false},"excerpt":{"rendered":"<p>JOHNS Sivupeilit 50 64 37-15 Ulkopeilit,Ulkopeili VW,MERCEDES-BENZ,CRAFTER 30-50 Kasten 2E_,CRAFTER 30-35 Bus 2E_<\/p>\n","protected":false},"featured_media":0,"template":"","meta":{"site-sidebar-layout":"default","site-content-layout":"default","ast-global-header-display":"","ast-main-header-display":"","ast-hfb-above-header-display":"","ast-hfb-below-header-display":"","ast-hfb-mobile-header-display":"","site-post-title":"","ast-breadcrumbs-content":"","ast-featured-img":"","footer-sml-layout":"","theme-transparent-header-meta":"","adv-header-id-meta":"","stick-header-meta":"","header-above-stick-meta":"","header-main-stick-meta":"","header-below-stick-meta":""},"pwb-brand":[214],"product_cat":[220],"product_tag":[],"class_list":{"0":"post-13125","1":"product","2":"type-product","3":"status-publish","5":"pwb-brand-johns","6":"product_cat-sivupeilit","7":"desktop-align-left","8":"tablet-align-left","9":"mobile-align-left","11":"first","12":"instock","13":"product-type-external"},"brands":[{"id":214,"name":"JOHNS","slug":"johns"}],"_links":{"self":[{"href":"https:\/\/www.autonvaraosahaku.fi\/index.php?rest_route=\/wp\/v2\/product\/13125","targetHints":{"allow":["GET"]}}],"collection":[{"href":"https:\/\/www.autonvaraosahaku.fi\/index.php?rest_route=\/wp\/v2\/product"}],"about":[{"href":"https:\/\/www.autonvaraosahaku.fi\/index.php?rest_route=\/wp\/v2\/types\/product"}],"wp:attachment":[{"href":"https:\/\/www.autonvaraosahaku.fi\/index.php?rest_route=%2Fwp%2Fv2%2Fmedia&parent=13125"}],"wp:term":[{"taxonomy":"pwb-brand","embeddable":true,"href":"https:\/\/www.autonvaraosahaku.fi\/index.php?rest_route=%2Fwp%2Fv2%2Fpwb-brand&post=13125"},{"taxonomy":"product_cat","embeddable":true,"href":"https:\/\/www.autonvaraosahaku.fi\/index.php?rest_route=%2Fwp%2Fv2%2Fproduct_cat&post=13125"},{"taxonomy":"product_tag","embeddable":true,"href":"https:\/\/www.autonvaraosahaku.fi\/index.php?rest_route=%2Fwp%2Fv2%2Fproduct_tag&post=13125"}],"curies":[{"name":"wp","href":"https:\/\/api.w.org\/{rel}","templated":true}]}}