{"id":13129,"date":"2021-02-21T14:16:49","date_gmt":"2021-02-21T14:16:49","guid":{"rendered":"https:\/\/www.autonvaraosahaku.fi\/?product=ridex-2067r0046-muut-luokat"},"modified":"2021-02-21T14:16:51","modified_gmt":"2021-02-21T14:16:51","slug":"ridex-2067r0046-muut-luokat","status":"publish","type":"product","link":"https:\/\/www.autonvaraosahaku.fi\/?product=ridex-2067r0046-muut-luokat","title":{"rendered":"RIDEX 2067R0046 Muut luokat"},"content":{"rendered":"<p>Tanko \/ tuki: Yhdystanko; M\u00e4\u00e4r\u00e4yksikk\u00f6: Sarja; Materiaali: Ter\u00e4s; Asennuspuoli: etuakseli molemminpuoleinen; Tarvittava kappalem\u00e4\u00e4r\u00e4: 1; Pituus (mm): 124; L\u00e4pimitta 1 [mm]: 19; L\u00e4pimitta 2 [mm]: 19; L\u00e4pimitta 3 [mm]: 11; Kierre 1: M10X1.5; Kierremalli: Oikealla kierteell\u00e4; ALFA ROMEO: 147 937,156 Sportwagon 932,156 932,GT 937; 46841498, 46843389, 60625029<\/p>\n","protected":false},"excerpt":{"rendered":"<p>RIDEX Korjaussarja, Vakaaja 2067R0046  ALFA ROMEO,147 937,156 Sportwagon 932,156 932,GT 937<\/p>\n","protected":false},"featured_media":0,"template":"","meta":{"site-sidebar-layout":"default","site-content-layout":"default","ast-global-header-display":"","ast-main-header-display":"","ast-hfb-above-header-display":"","ast-hfb-below-header-display":"","ast-hfb-mobile-header-display":"","site-post-title":"","ast-breadcrumbs-content":"","ast-featured-img":"","footer-sml-layout":"","theme-transparent-header-meta":"","adv-header-id-meta":"","stick-header-meta":"","header-above-stick-meta":"","header-main-stick-meta":"","header-below-stick-meta":""},"pwb-brand":[157],"product_cat":[37],"product_tag":[],"class_list":{"0":"post-13129","1":"product","2":"type-product","3":"status-publish","5":"pwb-brand-ridex","6":"product_cat-muut-luokat","7":"desktop-align-left","8":"tablet-align-left","9":"mobile-align-left","11":"first","12":"instock","13":"product-type-external"},"brands":[{"id":157,"name":"RIDEX","slug":"ridex"}],"_links":{"self":[{"href":"https:\/\/www.autonvaraosahaku.fi\/index.php?rest_route=\/wp\/v2\/product\/13129","targetHints":{"allow":["GET"]}}],"collection":[{"href":"https:\/\/www.autonvaraosahaku.fi\/index.php?rest_route=\/wp\/v2\/product"}],"about":[{"href":"https:\/\/www.autonvaraosahaku.fi\/index.php?rest_route=\/wp\/v2\/types\/product"}],"wp:attachment":[{"href":"https:\/\/www.autonvaraosahaku.fi\/index.php?rest_route=%2Fwp%2Fv2%2Fmedia&parent=13129"}],"wp:term":[{"taxonomy":"pwb-brand","embeddable":true,"href":"https:\/\/www.autonvaraosahaku.fi\/index.php?rest_route=%2Fwp%2Fv2%2Fpwb-brand&post=13129"},{"taxonomy":"product_cat","embeddable":true,"href":"https:\/\/www.autonvaraosahaku.fi\/index.php?rest_route=%2Fwp%2Fv2%2Fproduct_cat&post=13129"},{"taxonomy":"product_tag","embeddable":true,"href":"https:\/\/www.autonvaraosahaku.fi\/index.php?rest_route=%2Fwp%2Fv2%2Fproduct_tag&post=13129"}],"curies":[{"name":"wp","href":"https:\/\/api.w.org\/{rel}","templated":true}]}}