{"id":13135,"date":"2021-02-21T14:16:49","date_gmt":"2021-02-21T14:16:49","guid":{"rendered":"https:\/\/www.autonvaraosahaku.fi\/?product=original-imperium-2354-kardaanin-kuminivel"},"modified":"2021-02-21T14:16:51","modified_gmt":"2021-02-21T14:16:51","slug":"original-imperium-2354-kardaanin-kuminivel","status":"publish","type":"product","link":"https:\/\/www.autonvaraosahaku.fi\/?product=original-imperium-2354-kardaanin-kuminivel","title":{"rendered":"ORIGINAL IMPERIUM 2354 Kardaanin kuminivel"},"content":{"rendered":"<p>Materiaali: Kumi-metalli; Reik\u00e4ympyr\u00e4-\u00d8 [mm]: 75; Paino [g]: 2240; Tarvittava kappalem\u00e4\u00e4r\u00e4: 1; Pinta: Lakattu; Paksuus [mm]: 32; Sis\u00e4l\u00e4pimitta [mm]: 40; Ulkol\u00e4pimitta [mm]: 156; Asennuspuoli: vorne und hinten; MERCEDES-BENZ: SPRINTER 3-t Kasten 903,SPRINTER 2-t Bus 901, 902,SPRINTER 2-t Kasten 901, 902,SPRINTER 3-t Bus 903,SPRINTER 3-t Pritsche\/Fahrgestell 903,T1 Pritsche\/Fahrgestell 602,T1 Kasten 602,T1 Pritsche\/Fahrgestell 601,SPRINTER 2-t Pritsche\/Fahrgestell 901, 902,T1 Kasten 601,T1\/TN Pritsche\/Fahrgestell,T1\/TN Kasten\/Kombi; 6114110247, A6114110247; R\u00e4ttinivel,Nivel, Pitkitt\u00e4isakseli<\/p>\n","protected":false},"excerpt":{"rendered":"<p>ORIGINAL IMPERIUM Kardaanin Kuminivel 2354 R\u00e4ttinivel,Nivel, Pitkitt\u00e4isakseli MERCEDES-BENZ,SPRINTER 3-t Kasten 903,SPRINTER 2-t Bus 901, 902<\/p>\n","protected":false},"featured_media":0,"template":"","meta":{"site-sidebar-layout":"default","site-content-layout":"default","ast-global-header-display":"","ast-main-header-display":"","ast-hfb-above-header-display":"","ast-hfb-below-header-display":"","ast-hfb-mobile-header-display":"","site-post-title":"","ast-breadcrumbs-content":"","ast-featured-img":"","footer-sml-layout":"","theme-transparent-header-meta":"","adv-header-id-meta":"","stick-header-meta":"","header-above-stick-meta":"","header-main-stick-meta":"","header-below-stick-meta":""},"pwb-brand":[72],"product_cat":[56],"product_tag":[],"class_list":{"0":"post-13135","1":"product","2":"type-product","3":"status-publish","5":"pwb-brand-original-imperium","6":"product_cat-kardaanin-kuminivel","7":"desktop-align-left","8":"tablet-align-left","9":"mobile-align-left","11":"first","12":"instock","13":"product-type-external"},"brands":[{"id":72,"name":"ORIGINAL IMPERIUM","slug":"original-imperium"}],"_links":{"self":[{"href":"https:\/\/www.autonvaraosahaku.fi\/index.php?rest_route=\/wp\/v2\/product\/13135","targetHints":{"allow":["GET"]}}],"collection":[{"href":"https:\/\/www.autonvaraosahaku.fi\/index.php?rest_route=\/wp\/v2\/product"}],"about":[{"href":"https:\/\/www.autonvaraosahaku.fi\/index.php?rest_route=\/wp\/v2\/types\/product"}],"wp:attachment":[{"href":"https:\/\/www.autonvaraosahaku.fi\/index.php?rest_route=%2Fwp%2Fv2%2Fmedia&parent=13135"}],"wp:term":[{"taxonomy":"pwb-brand","embeddable":true,"href":"https:\/\/www.autonvaraosahaku.fi\/index.php?rest_route=%2Fwp%2Fv2%2Fpwb-brand&post=13135"},{"taxonomy":"product_cat","embeddable":true,"href":"https:\/\/www.autonvaraosahaku.fi\/index.php?rest_route=%2Fwp%2Fv2%2Fproduct_cat&post=13135"},{"taxonomy":"product_tag","embeddable":true,"href":"https:\/\/www.autonvaraosahaku.fi\/index.php?rest_route=%2Fwp%2Fv2%2Fproduct_tag&post=13135"}],"curies":[{"name":"wp","href":"https:\/\/api.w.org\/{rel}","templated":true}]}}