{"id":13175,"date":"2021-02-21T14:16:57","date_gmt":"2021-02-21T14:16:57","guid":{"rendered":"https:\/\/www.autonvaraosahaku.fi\/?product=hella-9xw-178-878-181-pyyhkijansulat"},"modified":"2021-02-21T14:16:59","modified_gmt":"2021-02-21T14:16:59","slug":"hella-9xw-178-878-181-pyyhkijansulat","status":"publish","type":"product","link":"https:\/\/www.autonvaraosahaku.fi\/?product=hella-9xw-178-878-181-pyyhkijansulat","title":{"rendered":"HELLA 9XW 178 878-181 Pyyhkij\u00e4nsulat"},"content":{"rendered":"<p>Asennuspuoli: Edess\u00e4, hinten; Pituus (mm): 450; Pituus (tuumaa): 18; Vasen \/ oikea liikenne: Ohjaus vasemmalla; M\u00e4\u00e4r\u00e4: 1; Pyyhkij\u00e4nsulkatyyppi: Pyyhkij\u00e4nsulka,perinteinen runko; VW: LUPO 6X1, 6E1,GOLF II 19E, 1G1,TRANSPORTER III Bus,CORRADO 53I,CADDY II Kasten 9K9A,POLO Variant 6KV5,POLO CLASSIC 6KV2,JETTA II 19E, 1G2, 165,TRANSPORTER III Kasten,CADDY II Kombi 9K9B,TRANSPORTER III Pritsche\/Fahrgestell,GOLF II Van 19E, 1G1; AUDI: A6 Avant 4A, C4,100 Avant 4A, C4; MAZDA: 6 Station Wagon GY,MX-5 II NB,323 F VI BJ,6 Hatchback GG,6 GG,MX-5 I NA,MX-5 III NC,MX-3 EC,FAMILIA VI BJ,B-SERIE UN,BT-50 CD, UN,323 C IV BG,FAMILIA IV BF,FAMILIA V BA,FAMILIA V BG8,FAMILIA IV BG,RX 7 III FD,323 III Station Wagon BW,121 I DA,MX-5 IV ND; SKODA: FABIA Combi 6Y5,FABIA 6Y2,FABIA Stufenheck 6Y3,FABIA Praktik,FAVORIT 781,FAVORIT Forman 785,FAVORIT Pick-up 787; BMW: 3 Compact E46,3 Compact E36,X5 E53,5 Touring E34,6 E24,3 Touring E30; SEAT: IBIZA IV 6L1,LEON 1M1,AROSA 6H,IBIZA II 6K1,TOLEDO II 1M2,CORDOBA 6K1, 6K2,CORDOBA Vario 6K1,CORDOBA 6L2,INCA 6K9,IBIZA I 021A; CHEVROLET: LACETTI J200,HHR,LACETTI Kombi J200; JEEP: COMMANDER XK,WRANGLER II TJ,WRANGLER I YJ, SJ_; DAEWOO: LACETTI Schr\u00e4gheck KLAN,NEXIA KLETN,ESPERO KLEJ,NUBIRA KLAJ,MUSSO FJ,KORANDO KJ,NEXIA Stufenheck KLETN,KORANDO Cabrio KJ,NUBIRA J150; ABARTH: 124 Spider 348_; Tuulilasinpyyhkimet,Pyyhkij\u00e4t,Pyyhkij\u00e4nsulka<\/p>\n","protected":false},"excerpt":{"rendered":"<p>HELLA Pyyhkij\u00e4nsulat 9XW 178 878-181 Tuulilasinpyyhkimet,Pyyhkij\u00e4t VW,AUDI,MAZDA,LUPO 6X1, 6E1,GOLF II 19E, 1G1,TRANSPORTER III Bus,CORRADO 53I<\/p>\n","protected":false},"featured_media":0,"template":"","meta":{"site-sidebar-layout":"default","site-content-layout":"default","ast-global-header-display":"","ast-main-header-display":"","ast-hfb-above-header-display":"","ast-hfb-below-header-display":"","ast-hfb-mobile-header-display":"","site-post-title":"","ast-breadcrumbs-content":"","ast-featured-img":"","footer-sml-layout":"","theme-transparent-header-meta":"","adv-header-id-meta":"","stick-header-meta":"","header-above-stick-meta":"","header-main-stick-meta":"","header-below-stick-meta":""},"pwb-brand":[24],"product_cat":[33],"product_tag":[],"class_list":{"0":"post-13175","1":"product","2":"type-product","3":"status-publish","5":"pwb-brand-hella","6":"product_cat-pyyhkijansulat","7":"desktop-align-left","8":"tablet-align-left","9":"mobile-align-left","11":"first","12":"instock","13":"product-type-external"},"brands":[{"id":24,"name":"HELLA","slug":"hella"}],"_links":{"self":[{"href":"https:\/\/www.autonvaraosahaku.fi\/index.php?rest_route=\/wp\/v2\/product\/13175","targetHints":{"allow":["GET"]}}],"collection":[{"href":"https:\/\/www.autonvaraosahaku.fi\/index.php?rest_route=\/wp\/v2\/product"}],"about":[{"href":"https:\/\/www.autonvaraosahaku.fi\/index.php?rest_route=\/wp\/v2\/types\/product"}],"wp:attachment":[{"href":"https:\/\/www.autonvaraosahaku.fi\/index.php?rest_route=%2Fwp%2Fv2%2Fmedia&parent=13175"}],"wp:term":[{"taxonomy":"pwb-brand","embeddable":true,"href":"https:\/\/www.autonvaraosahaku.fi\/index.php?rest_route=%2Fwp%2Fv2%2Fpwb-brand&post=13175"},{"taxonomy":"product_cat","embeddable":true,"href":"https:\/\/www.autonvaraosahaku.fi\/index.php?rest_route=%2Fwp%2Fv2%2Fproduct_cat&post=13175"},{"taxonomy":"product_tag","embeddable":true,"href":"https:\/\/www.autonvaraosahaku.fi\/index.php?rest_route=%2Fwp%2Fv2%2Fproduct_tag&post=13175"}],"curies":[{"name":"wp","href":"https:\/\/api.w.org\/{rel}","templated":true}]}}