{"id":13206,"date":"2021-02-21T14:17:05","date_gmt":"2021-02-21T14:17:05","guid":{"rendered":"https:\/\/www.autonvaraosahaku.fi\/?product=elring-813-052-tiivisteet"},"modified":"2021-02-21T14:17:06","modified_gmt":"2021-02-21T14:17:06","slug":"elring-813-052-tiivisteet","status":"publish","type":"product","link":"https:\/\/www.autonvaraosahaku.fi\/?product=elring-813-052-tiivisteet","title":{"rendered":"ELRING 813.052 Tiivisteet"},"content":{"rendered":"<p>Sis\u00e4l\u00e4pimitta [mm]: 16; Ulkol\u00e4pimitta [mm]: 22; Paksuus [mm]: 2; Materiaali: Kupari; Muoto: C-muoto; DIN \/ ISO: 7603; Vaihtoehtoinen korjaussarja: 017.736, 036.400, 505.550, 505.540; JEEP: CHEROKEE XJ,CJ5 &#8211; CJ8,COMANCHE MJ; LADA: NIVA 2121; NISSAN: QASHQAI \/ QASHQAI +2 J10, JJ10,JUKE F15,X-TRAIL T31,MICRA IV K13,PRIMASTAR Bus X83,PRIMASTAR Kasten X83,INTERSTAR Kasten X70,QASHQAI J11, J11_,NV400 Kasten,KUBISTAR Kasten X80,INTERSTAR Bus X70,X-TRAIL T32,PULSAR Schr\u00e4gheck C13,NV400 Bus,NAVARA Pick-up D23,INTERSTAR Pritsche\/Fahrgestell,NV400 Pritsche\/Fahrgestell,PRIMASTAR Pritsche\/Fahrgestell,MICRA V K14,NV300 Kasten X82,NAVARA Pritsche\/Fahrgestell,NV300 Kombi X82; SSANGYONG: KORANDO K4,KORANDO K4 Gel\u00e4ndewagen offen; VOLVO: 480 E,440 K 445,460 L 464,340-360 343, 345,340-360 Stufenheck 344; ROVER: 200 RF,200 Hatchback XW,400 Tourer XW,100 \/ METRO XP,400 XW; MERCEDES-BENZ: CITAN Kasten 415,CITAN Kombi 415,VITO Tourer W447,VITO Kasten W447,X-CLASS 470,X-CLASS Pritsche\/Fahrgestell 470; OPEL: VIVARO Kasten F7,VIVARO Combi J7,MOVANO Kasten F9,MOVANO B Kasten,MOVANO B Bus,MOVANO Combi J9,VIVARO Pritsche\/Fahrgestell E7,MOVANO Pritsche\/Fahrgestell U9, E9,MOVANO B Pritsche\/Fahrgestell,MOVANO Kipper H9,VIVARO Combi,VIVARO Kasten,CROSSLAND X,GRANDLAND X A18,VIVARO Pritsche\/Fahrgestell; MINI: MINI R56,MINI CLUBMAN R55,MINI Cabriolet R57,MINI COUNTRYMAN R60,MINI Coupe R58,MINI Roadster R59,MINI PACEMAN R61,MINI CLUBVAN R55; JAGUAR: S-TYPE CCX,XF _J05_, CC9,XJ X350, X358; N0138452, 11137546275, T7777649, 016430, 031338, T7777649, 6000616182, 2120478, T7777649, 2829970345, 4709974501, 11137546275, 1102600QAB, 2091016, 3639459, 4404724, 016430, 031338, 7703062023, 7703062062, 7903062003, N0138452, N0138452, 7903062003, N0138452<\/p>\n","protected":false},"excerpt":{"rendered":"<p>ELRING Rengastiiviste 813.052  JEEP,LADA,NISSAN,CHEROKEE XJ,CJ5 &#8211; CJ8,COMANCHE MJ,NIVA 2121,QASHQAI \/ QASHQAI +2 J10, JJ10,JUKE F15,X-TRAIL T31<\/p>\n","protected":false},"featured_media":0,"template":"","meta":{"site-sidebar-layout":"default","site-content-layout":"default","ast-global-header-display":"","ast-main-header-display":"","ast-hfb-above-header-display":"","ast-hfb-below-header-display":"","ast-hfb-mobile-header-display":"","site-post-title":"","ast-breadcrumbs-content":"","ast-featured-img":"","footer-sml-layout":"","theme-transparent-header-meta":"","adv-header-id-meta":"","stick-header-meta":"","header-above-stick-meta":"","header-main-stick-meta":"","header-below-stick-meta":""},"pwb-brand":[26],"product_cat":[27],"product_tag":[],"class_list":{"0":"post-13206","1":"product","2":"type-product","3":"status-publish","5":"pwb-brand-elring","6":"product_cat-tiivisteet","7":"desktop-align-left","8":"tablet-align-left","9":"mobile-align-left","11":"first","12":"instock","13":"product-type-external"},"brands":[{"id":26,"name":"ELRING","slug":"elring"}],"_links":{"self":[{"href":"https:\/\/www.autonvaraosahaku.fi\/index.php?rest_route=\/wp\/v2\/product\/13206","targetHints":{"allow":["GET"]}}],"collection":[{"href":"https:\/\/www.autonvaraosahaku.fi\/index.php?rest_route=\/wp\/v2\/product"}],"about":[{"href":"https:\/\/www.autonvaraosahaku.fi\/index.php?rest_route=\/wp\/v2\/types\/product"}],"wp:attachment":[{"href":"https:\/\/www.autonvaraosahaku.fi\/index.php?rest_route=%2Fwp%2Fv2%2Fmedia&parent=13206"}],"wp:term":[{"taxonomy":"pwb-brand","embeddable":true,"href":"https:\/\/www.autonvaraosahaku.fi\/index.php?rest_route=%2Fwp%2Fv2%2Fpwb-brand&post=13206"},{"taxonomy":"product_cat","embeddable":true,"href":"https:\/\/www.autonvaraosahaku.fi\/index.php?rest_route=%2Fwp%2Fv2%2Fproduct_cat&post=13206"},{"taxonomy":"product_tag","embeddable":true,"href":"https:\/\/www.autonvaraosahaku.fi\/index.php?rest_route=%2Fwp%2Fv2%2Fproduct_tag&post=13206"}],"curies":[{"name":"wp","href":"https:\/\/api.w.org\/{rel}","templated":true}]}}