{"id":13208,"date":"2021-02-21T14:17:05","date_gmt":"2021-02-21T14:17:05","guid":{"rendered":"https:\/\/www.autonvaraosahaku.fi\/?product=ridex-3229s0006-koiranluu"},"modified":"2021-02-21T14:17:06","modified_gmt":"2021-02-21T14:17:06","slug":"ridex-3229s0006-koiranluu","status":"publish","type":"product","link":"https:\/\/www.autonvaraosahaku.fi\/?product=ridex-3229s0006-koiranluu","title":{"rendered":"RIDEX 3229S0006 Koiranluu"},"content":{"rendered":"<p>Asennuspuoli: Etuakseli, vasen, Etuakseli, oikea, etuakseli molemminpuoleinen; Tanko \/ tuki: Yhdystanko; Pituus (mm): 335; Ulkokierre [mm]: M10 x 1,5; Materiaali: Ter\u00e4s; Tarvittava kappalem\u00e4\u00e4r\u00e4: 2; Moottorinumero: DV6DTED; OPEL: GRANDLAND X A18; CITRO\u00cbN: BERLINGO B9,C4 Picasso I UD_,C4 Grand Picasso I UA_,C4 I LC_,C4 Coupe LA_,C4 II B7,BERLINGO Kasten B9,DS4,DS5,C4 Stufenheck L,BERLINGO Pritsche\/Fahrgestell B9; PEUGEOT: 307 SW 3H,307 CC 3B,307 3A\/C,308 SW,308 4A_, 4C_,5008,307 Break 3E,3008,PARTNER Tepee,RCZ,308 CC,PARTNER Kasten,PARTNER Pritsche\/Fahrgestell,3008 SUV,5008 II; DS: DS 4 \/ DS 4 CROSSBACK; 508750, 508762, 508764, 508777, 508778, 508750, 508762, 508764, 508777, 508778; Kallistuksenvakaajan Yhdystanko,Tanko, Kallistuksenvaimennin<\/p>\n","protected":false},"excerpt":{"rendered":"<p>RIDEX Koiranluu 3229S0006 Kallistuksenvakaajan Yhdystanko,Tanko, Kallistuksenvaimennin OPEL,CITRO\u00cbN,PEUGEOT,GRANDLAND X A18,BERLINGO B9<\/p>\n","protected":false},"featured_media":0,"template":"","meta":{"site-sidebar-layout":"default","site-content-layout":"default","ast-global-header-display":"","ast-main-header-display":"","ast-hfb-above-header-display":"","ast-hfb-below-header-display":"","ast-hfb-mobile-header-display":"","site-post-title":"","ast-breadcrumbs-content":"","ast-featured-img":"","footer-sml-layout":"","theme-transparent-header-meta":"","adv-header-id-meta":"","stick-header-meta":"","header-above-stick-meta":"","header-main-stick-meta":"","header-below-stick-meta":""},"pwb-brand":[157],"product_cat":[38],"product_tag":[],"class_list":{"0":"post-13208","1":"product","2":"type-product","3":"status-publish","5":"pwb-brand-ridex","6":"product_cat-koiranluu","7":"desktop-align-left","8":"tablet-align-left","9":"mobile-align-left","11":"first","12":"instock","13":"product-type-external"},"brands":[{"id":157,"name":"RIDEX","slug":"ridex"}],"_links":{"self":[{"href":"https:\/\/www.autonvaraosahaku.fi\/index.php?rest_route=\/wp\/v2\/product\/13208","targetHints":{"allow":["GET"]}}],"collection":[{"href":"https:\/\/www.autonvaraosahaku.fi\/index.php?rest_route=\/wp\/v2\/product"}],"about":[{"href":"https:\/\/www.autonvaraosahaku.fi\/index.php?rest_route=\/wp\/v2\/types\/product"}],"wp:attachment":[{"href":"https:\/\/www.autonvaraosahaku.fi\/index.php?rest_route=%2Fwp%2Fv2%2Fmedia&parent=13208"}],"wp:term":[{"taxonomy":"pwb-brand","embeddable":true,"href":"https:\/\/www.autonvaraosahaku.fi\/index.php?rest_route=%2Fwp%2Fv2%2Fpwb-brand&post=13208"},{"taxonomy":"product_cat","embeddable":true,"href":"https:\/\/www.autonvaraosahaku.fi\/index.php?rest_route=%2Fwp%2Fv2%2Fproduct_cat&post=13208"},{"taxonomy":"product_tag","embeddable":true,"href":"https:\/\/www.autonvaraosahaku.fi\/index.php?rest_route=%2Fwp%2Fv2%2Fproduct_tag&post=13208"}],"curies":[{"name":"wp","href":"https:\/\/api.w.org\/{rel}","templated":true}]}}