{"id":13228,"date":"2021-02-21T14:17:09","date_gmt":"2021-02-21T14:17:09","guid":{"rendered":"https:\/\/www.autonvaraosahaku.fi\/?product=payen-pa349-kierretulppa"},"modified":"2021-02-21T14:17:10","modified_gmt":"2021-02-21T14:17:10","slug":"payen-pa349-kierretulppa","status":"publish","type":"product","link":"https:\/\/www.autonvaraosahaku.fi\/?product=payen-pa349-kierretulppa","title":{"rendered":"PAYEN PA349 Kierretulppa"},"content":{"rendered":"<p>Paksuus [mm]: 2,00; Sis\u00e4l\u00e4pimitta [mm]: 16,00; Ulkol\u00e4pimitta [mm]: 22,00; TECDOC-moottorinumero: 24934; JEEP: CHEROKEE XJ,CJ5 &#8211; CJ8,COMANCHE MJ; LADA: NIVA 2121; NISSAN: QASHQAI \/ QASHQAI +2 J10, JJ10,JUKE F15,X-TRAIL T31,MICRA IV K13,PRIMASTAR Bus X83,PRIMASTAR Kasten X83,INTERSTAR Kasten X70,QASHQAI J11, J11_,NV400 Kasten,KUBISTAR Kasten X80,INTERSTAR Bus X70,X-TRAIL T32,PULSAR Schr\u00e4gheck C13,NV400 Bus,NAVARA Pick-up D23,INTERSTAR Pritsche\/Fahrgestell,NV400 Pritsche\/Fahrgestell,PRIMASTAR Pritsche\/Fahrgestell,MICRA V K14,NAVARA Pritsche\/Fahrgestell; SSANGYONG: KORANDO K4; VOLVO: 480 E,440 K 445,460 L 464,340-360 343, 345,340-360 Stufenheck 344; ROVER: 200 RF,200 Hatchback XW,400 Tourer XW,100 \/ METRO XP,400 XW; SUZUKI: VITARA ET, TA,VITARA Cabrio ET, TA; MERCEDES-BENZ: CITAN Kasten 415,CITAN Kombi 415,X-CLASS 470,X-CLASS Pritsche\/Fahrgestell 470; OPEL: VIVARO Kasten F7,VIVARO Combi J7,MOVANO Kasten F9,MOVANO B Kasten,MOVANO B Bus,MOVANO Combi J9,VIVARO Pritsche\/Fahrgestell E7,MOVANO Pritsche\/Fahrgestell U9, E9,MOVANO B Pritsche\/Fahrgestell,MOVANO Kipper H9,ARENA Kasten TB, TF,CROSSLAND X,GRANDLAND X A18; MINI: MINI R56,MINI CLUBMAN R55,MINI Cabriolet R57,MINI COUNTRYMAN R60,MINI Coupe R58,MINI Roadster R59,MINI PACEMAN R61,MINI CLUBVAN R55; 22454009R, 22472090, 7903062003, 1576433, 78EM6734AA, 007603016303, 915035000028, 2091016, 016402, 016430, 1640200, 7703032062, 7703062003, 7703062062, 7703062063, N0138452; Tiiviste, \u00d6ljynlaskutulppa<\/p>\n","protected":false},"excerpt":{"rendered":"<p>PAYEN \u00d6ljytulpan Tiiviste PA349 Tiiviste, \u00d6ljynlaskutulppa JEEP,LADA,NISSAN,CHEROKEE XJ,CJ5 &#8211; CJ8,COMANCHE MJ,NIVA 2121,QASHQAI \/ QASHQAI +2 J10, JJ10<\/p>\n","protected":false},"featured_media":0,"template":"","meta":{"site-sidebar-layout":"default","site-content-layout":"default","ast-global-header-display":"","ast-main-header-display":"","ast-hfb-above-header-display":"","ast-hfb-below-header-display":"","ast-hfb-mobile-header-display":"","site-post-title":"","ast-breadcrumbs-content":"","ast-featured-img":"","footer-sml-layout":"","theme-transparent-header-meta":"","adv-header-id-meta":"","stick-header-meta":"","header-above-stick-meta":"","header-main-stick-meta":"","header-below-stick-meta":""},"pwb-brand":[329],"product_cat":[40],"product_tag":[],"class_list":{"0":"post-13228","1":"product","2":"type-product","3":"status-publish","5":"pwb-brand-payen","6":"product_cat-kierretulppa","7":"desktop-align-left","8":"tablet-align-left","9":"mobile-align-left","11":"first","12":"instock","13":"product-type-external"},"brands":[{"id":329,"name":"PAYEN","slug":"payen"}],"_links":{"self":[{"href":"https:\/\/www.autonvaraosahaku.fi\/index.php?rest_route=\/wp\/v2\/product\/13228","targetHints":{"allow":["GET"]}}],"collection":[{"href":"https:\/\/www.autonvaraosahaku.fi\/index.php?rest_route=\/wp\/v2\/product"}],"about":[{"href":"https:\/\/www.autonvaraosahaku.fi\/index.php?rest_route=\/wp\/v2\/types\/product"}],"wp:attachment":[{"href":"https:\/\/www.autonvaraosahaku.fi\/index.php?rest_route=%2Fwp%2Fv2%2Fmedia&parent=13228"}],"wp:term":[{"taxonomy":"pwb-brand","embeddable":true,"href":"https:\/\/www.autonvaraosahaku.fi\/index.php?rest_route=%2Fwp%2Fv2%2Fpwb-brand&post=13228"},{"taxonomy":"product_cat","embeddable":true,"href":"https:\/\/www.autonvaraosahaku.fi\/index.php?rest_route=%2Fwp%2Fv2%2Fproduct_cat&post=13228"},{"taxonomy":"product_tag","embeddable":true,"href":"https:\/\/www.autonvaraosahaku.fi\/index.php?rest_route=%2Fwp%2Fv2%2Fproduct_tag&post=13228"}],"curies":[{"name":"wp","href":"https:\/\/api.w.org\/{rel}","templated":true}]}}