{"id":13236,"date":"2021-02-21T14:17:09","date_gmt":"2021-02-21T14:17:09","guid":{"rendered":"https:\/\/www.autonvaraosahaku.fi\/?product=hella-9xw-178-878-141-pyyhkijansulat"},"modified":"2021-02-21T14:17:11","modified_gmt":"2021-02-21T14:17:11","slug":"hella-9xw-178-878-141-pyyhkijansulat","status":"publish","type":"product","link":"https:\/\/www.autonvaraosahaku.fi\/?product=hella-9xw-178-878-141-pyyhkijansulat","title":{"rendered":"HELLA 9XW 178 878-141 Pyyhkij\u00e4nsulat"},"content":{"rendered":"<p>Asennuspuoli: Edess\u00e4, beifahrerseitig; Pituus (mm): 350; Pituus (tuumaa): 14; Vasen \/ oikea liikenne: Ohjaus vasemmalla; M\u00e4\u00e4r\u00e4: 1; Pyyhkij\u00e4nsulkatyyppi: Pyyhkij\u00e4nsulka,perinteinen runko; VW: GOLF IV 1J1,GOLF III 1H1,GOLF III Variant 1H5,POLO Kasten 86CF,GOLF IV Van 1J1,GOLF III Van 1H1; AUDI: A3 8L1,A4 Avant 8D5, B5; MAZDA: 2 DE,323 F VI BJ,PREMACY CP,626 V Station Wagon GW,2 Stufenheck DE,E-SERIE Kasten SR2,323 III Station Wagon BW,121 I DA; SKODA: OCTAVIA Combi 1U5; BMW: 5 Touring E61,3 Touring E36; SEAT: IBIZA IV 6L1,IBIZA II 6K1,MARBELLA 28,MARBELLA Kasten 028A; CHEVROLET: MATIZ M200, M250,KALOS,AVEO Schr\u00e4gheck T200; JEEP: WRANGLER III JK,WRANGLER II TJ,WRANGLER I YJ, SJ_; DAEWOO: KALOS KLAS,MATIZ KLYA,MUSSO FJ; LADA: NIVA 2121,SAMARA 2108, 2109, 2115, 2113, 2114,NOVA 2105,NOVA Kombi 2104,SAMARA Stufenheck 21099, 2115; Tuulilasinpyyhkimet,Pyyhkij\u00e4t,Pyyhkij\u00e4nsulka<\/p>\n","protected":false},"excerpt":{"rendered":"<p>HELLA Pyyhkij\u00e4nsulat 9XW 178 878-141 Tuulilasinpyyhkimet,Pyyhkij\u00e4t VW,AUDI,MAZDA,GOLF IV 1J1,GOLF III 1H1,GOLF III Variant 1H5,POLO Kasten 86CF<\/p>\n","protected":false},"featured_media":0,"template":"","meta":{"site-sidebar-layout":"default","site-content-layout":"default","ast-global-header-display":"","ast-main-header-display":"","ast-hfb-above-header-display":"","ast-hfb-below-header-display":"","ast-hfb-mobile-header-display":"","site-post-title":"","ast-breadcrumbs-content":"","ast-featured-img":"","footer-sml-layout":"","theme-transparent-header-meta":"","adv-header-id-meta":"","stick-header-meta":"","header-above-stick-meta":"","header-main-stick-meta":"","header-below-stick-meta":""},"pwb-brand":[24],"product_cat":[33],"product_tag":[],"class_list":{"0":"post-13236","1":"product","2":"type-product","3":"status-publish","5":"pwb-brand-hella","6":"product_cat-pyyhkijansulat","7":"desktop-align-left","8":"tablet-align-left","9":"mobile-align-left","11":"first","12":"instock","13":"product-type-external"},"brands":[{"id":24,"name":"HELLA","slug":"hella"}],"_links":{"self":[{"href":"https:\/\/www.autonvaraosahaku.fi\/index.php?rest_route=\/wp\/v2\/product\/13236","targetHints":{"allow":["GET"]}}],"collection":[{"href":"https:\/\/www.autonvaraosahaku.fi\/index.php?rest_route=\/wp\/v2\/product"}],"about":[{"href":"https:\/\/www.autonvaraosahaku.fi\/index.php?rest_route=\/wp\/v2\/types\/product"}],"wp:attachment":[{"href":"https:\/\/www.autonvaraosahaku.fi\/index.php?rest_route=%2Fwp%2Fv2%2Fmedia&parent=13236"}],"wp:term":[{"taxonomy":"pwb-brand","embeddable":true,"href":"https:\/\/www.autonvaraosahaku.fi\/index.php?rest_route=%2Fwp%2Fv2%2Fpwb-brand&post=13236"},{"taxonomy":"product_cat","embeddable":true,"href":"https:\/\/www.autonvaraosahaku.fi\/index.php?rest_route=%2Fwp%2Fv2%2Fproduct_cat&post=13236"},{"taxonomy":"product_tag","embeddable":true,"href":"https:\/\/www.autonvaraosahaku.fi\/index.php?rest_route=%2Fwp%2Fv2%2Fproduct_tag&post=13236"}],"curies":[{"name":"wp","href":"https:\/\/api.w.org\/{rel}","templated":true}]}}