{"id":13243,"date":"2021-02-21T14:17:13","date_gmt":"2021-02-21T14:17:13","guid":{"rendered":"https:\/\/www.autonvaraosahaku.fi\/?product=brembo-08-9502-11-jarrulevyt"},"modified":"2021-02-21T14:17:13","modified_gmt":"2021-02-21T14:17:13","slug":"brembo-08-9502-11-jarrulevyt","status":"publish","type":"product","link":"https:\/\/www.autonvaraosahaku.fi\/?product=brembo-08-9502-11-jarrulevyt","title":{"rendered":"BREMBO 08.9502.11 Jarrulevyt"},"content":{"rendered":"<p>Korvaava tuote\/korvaava tiedote 2: Ruuveilla; Pinta: pinnoitettu; Kiristysmomentti: 120; keskitt\u00e4misl\u00e4pimitta [mm]: 65; Reikien m\u00e4\u00e4r\u00e4: 5; V\u00e4himm\u00e4ispaksuus (mm): 8; Jarrulevyn paksuus (mm): 10; Jarrulevytyyppi: Vakiomalli; Korkeus (mm): 51,3; L\u00e4pimitta [mm]: 253; Tuotelinja: COATED DISC LINE; Asennuspuoli: Hinterachse; VW: GOLF V 1K1,GOLF VI 5K1,GOLF PLUS 5M1, 521,CADDY III Kombi 2KB, 2KJ, 2CB, 2CJ,GOLF V Variant 1K5,CADDY III Kasten 2KA, 2KH, 2CA, 2CH,EOS 1F7, 1F8,SCIROCCO 137, 138,GOLF VI Cabriolet 517,BEETLE 5C1,JETTA IV 162, 163,BEETLE Cabriolet 5C7; AUDI: A3 8P1,A3 Sportback 8PA,A3 Cabriolet 8P7; SKODA: OCTAVIA Combi 1Z5,OCTAVIA Combi 5E5,YETI 5L,OCTAVIA 1Z3,OCTAVIA 5E3; SEAT: LEON 1P1,ALTEA 5P1,LEON 5F1,ALTEA XL 5P5, 5P8,LEON ST 5F8,LEON SC 5F5,TOLEDO III 5P2; 1K0615601AB, 1K0615601K, 1K0615601AB, 1K0615601K, 5Q0615601F, 1K0615601AB, 1K0615601K, 1K0615601AB, 1K0615601K, 5C0615601; Jarrulevy<\/p>\n","protected":false},"excerpt":{"rendered":"<p>BREMBO Jarrulevyt 08.9502.11 Jarrulevy VW,AUDI,SKODA,GOLF V 1K1,GOLF VI 5K1,GOLF PLUS 5M1, 521,CADDY III Kombi 2KB, 2KJ, 2CB, 2CJ,GOLF V Variant 1K5<\/p>\n","protected":false},"featured_media":0,"template":"","meta":{"site-sidebar-layout":"default","site-content-layout":"default","ast-global-header-display":"","ast-main-header-display":"","ast-hfb-above-header-display":"","ast-hfb-below-header-display":"","ast-hfb-mobile-header-display":"","site-post-title":"","ast-breadcrumbs-content":"","ast-featured-img":"","footer-sml-layout":"","theme-transparent-header-meta":"","adv-header-id-meta":"","stick-header-meta":"","header-above-stick-meta":"","header-main-stick-meta":"","header-below-stick-meta":""},"pwb-brand":[146],"product_cat":[66],"product_tag":[],"class_list":{"0":"post-13243","1":"product","2":"type-product","3":"status-publish","5":"pwb-brand-brembo","6":"product_cat-jarrulevyt","7":"desktop-align-left","8":"tablet-align-left","9":"mobile-align-left","11":"first","12":"instock","13":"product-type-external"},"brands":[{"id":146,"name":"BREMBO","slug":"brembo"}],"_links":{"self":[{"href":"https:\/\/www.autonvaraosahaku.fi\/index.php?rest_route=\/wp\/v2\/product\/13243","targetHints":{"allow":["GET"]}}],"collection":[{"href":"https:\/\/www.autonvaraosahaku.fi\/index.php?rest_route=\/wp\/v2\/product"}],"about":[{"href":"https:\/\/www.autonvaraosahaku.fi\/index.php?rest_route=\/wp\/v2\/types\/product"}],"wp:attachment":[{"href":"https:\/\/www.autonvaraosahaku.fi\/index.php?rest_route=%2Fwp%2Fv2%2Fmedia&parent=13243"}],"wp:term":[{"taxonomy":"pwb-brand","embeddable":true,"href":"https:\/\/www.autonvaraosahaku.fi\/index.php?rest_route=%2Fwp%2Fv2%2Fpwb-brand&post=13243"},{"taxonomy":"product_cat","embeddable":true,"href":"https:\/\/www.autonvaraosahaku.fi\/index.php?rest_route=%2Fwp%2Fv2%2Fproduct_cat&post=13243"},{"taxonomy":"product_tag","embeddable":true,"href":"https:\/\/www.autonvaraosahaku.fi\/index.php?rest_route=%2Fwp%2Fv2%2Fproduct_tag&post=13243"}],"curies":[{"name":"wp","href":"https:\/\/api.w.org\/{rel}","templated":true}]}}