{"id":13245,"date":"2021-02-21T14:17:13","date_gmt":"2021-02-21T14:17:13","guid":{"rendered":"https:\/\/www.autonvaraosahaku.fi\/?product=ridex-82b0016-jarrulevyt"},"modified":"2021-02-21T14:17:14","modified_gmt":"2021-02-21T14:17:14","slug":"ridex-82b0016-jarrulevyt","status":"publish","type":"product","link":"https:\/\/www.autonvaraosahaku.fi\/?product=ridex-82b0016-jarrulevyt","title":{"rendered":"RIDEX 82B0016 Jarrulevyt"},"content":{"rendered":"<p>Asennuspuoli: Etuakseli, Vorderachse; Jarrulevytyyppi: Tuuletettu, sis\u00e4; L\u00e4pimitta [mm]: 259; Jarrulevyn paksuus (mm): 20,7; Korvaava tuote\/korvaava tiedote 2: Ilman py\u00f6r\u00e4nnapaa, Ilman py\u00f6r\u00e4nkiinnityspultteja; Reik\u00e4ympyr\u00e4-\u00d8 [mm]: 100,0; M\u00e4\u00e4r\u00e4tty kiertosuunta: ; ei sidoksissa kulkusuuntaan: ; Korkeus (mm): 41,0; Reik\u00e4kuvio\/-m\u00e4\u00e4r\u00e4: 04\/06; V\u00e4himm\u00e4ispaksuus (mm): 17,7; keskitt\u00e4misl\u00e4pimitta [mm]: 61,0; Py\u00f6r\u00e4npulttireik\u00e4-\u00d8 [mm]: 13,5; Napa-\u00d8 (mm): 132; NISSAN: KUBISTAR Kasten X80; DACIA: SANDERO,LOGAN MCV KS_,SANDERO II,LOGAN LS_,LOGAN EXPRESS FS_,LOGAN Pick-up US_; RENAULT: TWINGO I C06_,CLIO II BB0\/1\/2_, CB0\/1\/2_,KANGOO KC0\/1_,TWINGO II CN0_,MEGANE II Kombi KM0\/1_,MEGANE Scenic JA0\/1_,MEGANE I BA0\/1_,KANGOO Express FC0\/1_,MEGANE I Grandtour KA0\/1_,MEGANE I Cabriolet EA0\/1_,CLIO I B\/C57_, 5\/357_,MEGANE II Stufenheck LM0\/1_,TWINGO I Kasten S06_,MEGANE I Classic LA0\/1_,MEGANE I Coach DA0\/1_,CLIO II Kasten SB0\/1\/2_,19 II B\/C53_,19 II Cabriolet D53_, 853_,19 I B\/C53_,19 II Chamade L53_,19 I Chamade L53_,THALIA I LB0\/1\/2_,SANDERO\/STEPWAY I,19 I Cabriolet D53_,LOGAN I Kombi KS_,19 II Kasten S53_,LOGAN I LS_,THALIA II LU1\/2_,LOGAN EXPRESS,LOGAN II Kombi; 6001548578, 4020600Q0E, 4020600Q0K, 4020600QAA, 7700780892, 7700813549, 7700842131, 7701204228, 7701204304, 7701204828, 7701205653, 7701206339, 8201464598; Jarrulevy<\/p>\n","protected":false},"excerpt":{"rendered":"<p>RIDEX Jarrulevyt 82B0016 Jarrulevy NISSAN,DACIA,RENAULT,KUBISTAR Kasten X80,SANDERO,LOGAN MCV KS_,SANDERO II,LOGAN LS_,LOGAN EXPRESS FS_<\/p>\n","protected":false},"featured_media":0,"template":"","meta":{"site-sidebar-layout":"default","site-content-layout":"default","ast-global-header-display":"","ast-main-header-display":"","ast-hfb-above-header-display":"","ast-hfb-below-header-display":"","ast-hfb-mobile-header-display":"","site-post-title":"","ast-breadcrumbs-content":"","ast-featured-img":"","footer-sml-layout":"","theme-transparent-header-meta":"","adv-header-id-meta":"","stick-header-meta":"","header-above-stick-meta":"","header-main-stick-meta":"","header-below-stick-meta":""},"pwb-brand":[157],"product_cat":[66],"product_tag":[],"class_list":{"0":"post-13245","1":"product","2":"type-product","3":"status-publish","5":"pwb-brand-ridex","6":"product_cat-jarrulevyt","7":"desktop-align-left","8":"tablet-align-left","9":"mobile-align-left","11":"first","12":"instock","13":"product-type-external"},"brands":[{"id":157,"name":"RIDEX","slug":"ridex"}],"_links":{"self":[{"href":"https:\/\/www.autonvaraosahaku.fi\/index.php?rest_route=\/wp\/v2\/product\/13245","targetHints":{"allow":["GET"]}}],"collection":[{"href":"https:\/\/www.autonvaraosahaku.fi\/index.php?rest_route=\/wp\/v2\/product"}],"about":[{"href":"https:\/\/www.autonvaraosahaku.fi\/index.php?rest_route=\/wp\/v2\/types\/product"}],"wp:attachment":[{"href":"https:\/\/www.autonvaraosahaku.fi\/index.php?rest_route=%2Fwp%2Fv2%2Fmedia&parent=13245"}],"wp:term":[{"taxonomy":"pwb-brand","embeddable":true,"href":"https:\/\/www.autonvaraosahaku.fi\/index.php?rest_route=%2Fwp%2Fv2%2Fpwb-brand&post=13245"},{"taxonomy":"product_cat","embeddable":true,"href":"https:\/\/www.autonvaraosahaku.fi\/index.php?rest_route=%2Fwp%2Fv2%2Fproduct_cat&post=13245"},{"taxonomy":"product_tag","embeddable":true,"href":"https:\/\/www.autonvaraosahaku.fi\/index.php?rest_route=%2Fwp%2Fv2%2Fproduct_tag&post=13245"}],"curies":[{"name":"wp","href":"https:\/\/api.w.org\/{rel}","templated":true}]}}