{"id":13247,"date":"2021-02-21T14:17:13","date_gmt":"2021-02-21T14:17:13","guid":{"rendered":"https:\/\/www.autonvaraosahaku.fi\/?product=hella-9xw-178-878-241-pyyhkijansulat"},"modified":"2021-02-21T14:17:14","modified_gmt":"2021-02-21T14:17:14","slug":"hella-9xw-178-878-241-pyyhkijansulat","status":"publish","type":"product","link":"https:\/\/www.autonvaraosahaku.fi\/?product=hella-9xw-178-878-241-pyyhkijansulat","title":{"rendered":"HELLA 9XW 178 878-241 Pyyhkij\u00e4nsulat"},"content":{"rendered":"<p>Asennuspuoli: Edess\u00e4, fahrerseitig; Pituus (mm): 600; Pituus (tuumaa): 24; Vasen \/ oikea liikenne: Ohjaus vasemmalla; M\u00e4\u00e4r\u00e4: 1; Pyyhkij\u00e4nsulkatyyppi: Pyyhkij\u00e4nsulka,perinteinen runko; VW: TRANSPORTER V Bus 7HB, 7HJ, 7EB, 7EJ, 7EF,MULTIVAN V 7HM, 7HN, 7HF, 7EF, 7EM, 7EN,TRANSPORTER V Kasten 7HA, 7HH, 7EA, 7EH,AMAROK 2H_, S1B,LT 28-46 II Kasten 2DA, 2DD, 2DH,POLO Stufenheck,TRANSPORTER V Pritsche\/Fahrgestell 7JD, 7JE, 7JL, 7JY, 7JZ,,LT 28-35 II Bus 2DB, 2DE, 2DK,LT 28-46 II Pritsche\/Fahrgestell 2DC, 2DF, 2DG, 2DL, 2DM; MAZDA: CX-5 KE, GH,2 DY,6 Kombi GH,2 DE,PREMACY CP,6 Hatchback GG,6 GG,6 Schr\u00e4gheck GH,6 GH,MPV II LW,2 Stufenheck DE; BMW: 3 E46,3 Touring E46,3 Compact E46,X5 E53,3 Cabriolet E46,X5 F15, F85,5 G30,X6 F16, F86; CHEVROLET: CAPTIVA C100, C140,ORLANDO J309,CRUZE J300,CRUZE Schr\u00e4gheck J305,CAMARO GMX511,REZZO,MALIBU V300,CAMARO Convertible GMX511,TRANS SPORT; JEEP: COMPASS; DAEWOO: REZZO KLAU; LADA: KALINA Kombi 1117,KALINA Schr\u00e4gheck 1119,KALINA Stufenheck 1118,GRANTA 2190,VESTA,VESTA SW; IVECO: DAILY II Pritsche\/Fahrgestell,DAILY II Kasten\/Kombi,DAILY II Bus,DAILY II Kipper; NISSAN: X-TRAIL T30,NOTE E11,NAVARA D40,PATHFINDER R51,X-TRAIL T31,NAVARA Pritsche\/Fahrgestell D40,NOTE E12,TIIDA Schr\u00e4gheck,PRIMASTAR Bus X83,SERENA C23M,PRIMASTAR Kasten X83,TIIDA Stufenheck SC11X,VANETTE CARGO Kasten HC 23,VANETTE CARGO Bus HC 23,NAVARA Pick-up D23,PATROL III Y62,NAVARA Pritsche\/Fahrgestell; KIA: SORENTO I JC,SPORTAGE SL,CEE&#8217;D SW ED,CEE&#8217;D Schr\u00e4gheck ED,SPORTAGE JE_, KM_,SORENTO II XM,CARENS II FJ,CARNIVAL II GQ,PRO CEE&#8217;D ED,SOUL AM,CERATO LD,MAGENTIS MG,OPIRUS GH,CERATO Stufenheck LD,CARNIVAL I UP,SOUL II PS,BORREGO,PICANTO JA; Tuulilasinpyyhkimet,Pyyhkij\u00e4t,Pyyhkij\u00e4nsulka<\/p>\n","protected":false},"excerpt":{"rendered":"<p>HELLA Pyyhkij\u00e4nsulat 9XW 178 878-241 Tuulilasinpyyhkimet,Pyyhkij\u00e4t VW,MAZDA,BMW,TRANSPORTER V Bus 7HB, 7HJ, 7EB, 7EJ, 7EF<\/p>\n","protected":false},"featured_media":0,"template":"","meta":{"site-sidebar-layout":"default","site-content-layout":"default","ast-global-header-display":"","ast-main-header-display":"","ast-hfb-above-header-display":"","ast-hfb-below-header-display":"","ast-hfb-mobile-header-display":"","site-post-title":"","ast-breadcrumbs-content":"","ast-featured-img":"","footer-sml-layout":"","theme-transparent-header-meta":"","adv-header-id-meta":"","stick-header-meta":"","header-above-stick-meta":"","header-main-stick-meta":"","header-below-stick-meta":""},"pwb-brand":[24],"product_cat":[33],"product_tag":[],"class_list":{"0":"post-13247","1":"product","2":"type-product","3":"status-publish","5":"pwb-brand-hella","6":"product_cat-pyyhkijansulat","7":"desktop-align-left","8":"tablet-align-left","9":"mobile-align-left","11":"first","12":"instock","13":"product-type-external"},"brands":[{"id":24,"name":"HELLA","slug":"hella"}],"_links":{"self":[{"href":"https:\/\/www.autonvaraosahaku.fi\/index.php?rest_route=\/wp\/v2\/product\/13247","targetHints":{"allow":["GET"]}}],"collection":[{"href":"https:\/\/www.autonvaraosahaku.fi\/index.php?rest_route=\/wp\/v2\/product"}],"about":[{"href":"https:\/\/www.autonvaraosahaku.fi\/index.php?rest_route=\/wp\/v2\/types\/product"}],"wp:attachment":[{"href":"https:\/\/www.autonvaraosahaku.fi\/index.php?rest_route=%2Fwp%2Fv2%2Fmedia&parent=13247"}],"wp:term":[{"taxonomy":"pwb-brand","embeddable":true,"href":"https:\/\/www.autonvaraosahaku.fi\/index.php?rest_route=%2Fwp%2Fv2%2Fpwb-brand&post=13247"},{"taxonomy":"product_cat","embeddable":true,"href":"https:\/\/www.autonvaraosahaku.fi\/index.php?rest_route=%2Fwp%2Fv2%2Fproduct_cat&post=13247"},{"taxonomy":"product_tag","embeddable":true,"href":"https:\/\/www.autonvaraosahaku.fi\/index.php?rest_route=%2Fwp%2Fv2%2Fproduct_tag&post=13247"}],"curies":[{"name":"wp","href":"https:\/\/api.w.org\/{rel}","templated":true}]}}