{"id":13276,"date":"2021-02-21T14:17:17","date_gmt":"2021-02-21T14:17:17","guid":{"rendered":"https:\/\/www.autonvaraosahaku.fi\/?product=ridex-82b0050-jarrulevyt"},"modified":"2021-02-21T14:17:19","modified_gmt":"2021-02-21T14:17:19","slug":"ridex-82b0050-jarrulevyt","status":"publish","type":"product","link":"https:\/\/www.autonvaraosahaku.fi\/?product=ridex-82b0050-jarrulevyt","title":{"rendered":"RIDEX 82B0050 Jarrulevyt"},"content":{"rendered":"<p>Jarrulevyn paksuus (mm): 20; Ulkol\u00e4pimitta [mm]: 247; Reikien m\u00e4\u00e4r\u00e4: 4; Jarrulevytyyppi: Tuuletettu; V\u00e4himm\u00e4ispaksuus (mm): 18; Korkeus (mm): 35,3; Kierremitta: 13; Reik\u00e4ympyr\u00e4-\u00d8 [mm]: 100; keskitt\u00e4misl\u00e4pimitta [mm]: 55; V\u00e4ri: Musta; Sis\u00e4l\u00e4pimitta [mm]: 129; Reik\u00e4kuvio\/-m\u00e4\u00e4r\u00e4: 4\/7; Asennuspuoli: Etuakseli, Vorderachse; TOYOTA: AYGO WNB1_, KGB1_,AYGO PAB4_, KGB4_; CITRO\u00cbN: C1 PM_, PN_,C1 II; PEUGEOT: 107,108; GEELY (GLEAGLE): PANDA; 1613819880, 42460, 4246F0, 4246J0, 424955, 424994, E169256, 1613819880, 4246F0, 424954, 424955, 424994, E169256, 435120H010, 435120H020; Jarrulevy<\/p>\n","protected":false},"excerpt":{"rendered":"<p>RIDEX Jarrulevyt 82B0050 Jarrulevy TOYOTA,CITRO\u00cbN,PEUGEOT,AYGO WNB1_, KGB1_,AYGO PAB4_, KGB4_,C1 PM_, PN_,C1 II,107,108,PANDA<\/p>\n","protected":false},"featured_media":0,"template":"","meta":{"site-sidebar-layout":"default","site-content-layout":"default","ast-global-header-display":"","ast-main-header-display":"","ast-hfb-above-header-display":"","ast-hfb-below-header-display":"","ast-hfb-mobile-header-display":"","site-post-title":"","ast-breadcrumbs-content":"","ast-featured-img":"","footer-sml-layout":"","theme-transparent-header-meta":"","adv-header-id-meta":"","stick-header-meta":"","header-above-stick-meta":"","header-main-stick-meta":"","header-below-stick-meta":""},"pwb-brand":[157],"product_cat":[66],"product_tag":[],"class_list":{"0":"post-13276","1":"product","2":"type-product","3":"status-publish","5":"pwb-brand-ridex","6":"product_cat-jarrulevyt","7":"desktop-align-left","8":"tablet-align-left","9":"mobile-align-left","11":"first","12":"instock","13":"product-type-external"},"brands":[{"id":157,"name":"RIDEX","slug":"ridex"}],"_links":{"self":[{"href":"https:\/\/www.autonvaraosahaku.fi\/index.php?rest_route=\/wp\/v2\/product\/13276","targetHints":{"allow":["GET"]}}],"collection":[{"href":"https:\/\/www.autonvaraosahaku.fi\/index.php?rest_route=\/wp\/v2\/product"}],"about":[{"href":"https:\/\/www.autonvaraosahaku.fi\/index.php?rest_route=\/wp\/v2\/types\/product"}],"wp:attachment":[{"href":"https:\/\/www.autonvaraosahaku.fi\/index.php?rest_route=%2Fwp%2Fv2%2Fmedia&parent=13276"}],"wp:term":[{"taxonomy":"pwb-brand","embeddable":true,"href":"https:\/\/www.autonvaraosahaku.fi\/index.php?rest_route=%2Fwp%2Fv2%2Fpwb-brand&post=13276"},{"taxonomy":"product_cat","embeddable":true,"href":"https:\/\/www.autonvaraosahaku.fi\/index.php?rest_route=%2Fwp%2Fv2%2Fproduct_cat&post=13276"},{"taxonomy":"product_tag","embeddable":true,"href":"https:\/\/www.autonvaraosahaku.fi\/index.php?rest_route=%2Fwp%2Fv2%2Fproduct_tag&post=13276"}],"curies":[{"name":"wp","href":"https:\/\/api.w.org\/{rel}","templated":true}]}}