{"id":13287,"date":"2021-02-21T14:17:20","date_gmt":"2021-02-21T14:17:20","guid":{"rendered":"https:\/\/www.autonvaraosahaku.fi\/?product=valeo-575535-pyyhkijansulat"},"modified":"2021-02-21T14:17:21","modified_gmt":"2021-02-21T14:17:21","slug":"valeo-575535-pyyhkijansulat","status":"publish","type":"product","link":"https:\/\/www.autonvaraosahaku.fi\/?product=valeo-575535-pyyhkijansulat","title":{"rendered":"VALEO 575535 Pyyhkij\u00e4nsulat"},"content":{"rendered":"<p>M\u00e4\u00e4r\u00e4: 1; Pituus (mm): 350; Pituus (tuumaa): 14; Sopiva adapteri: U; Lis\u00e4adapteri: R; Korvaava tuote\/korvaava tiedote 2: ilman suutinta; Paino [kg]: 0,11; Tuotelinja: FIRST; Pyyhkij\u00e4nsulkatyyppi: Tavallinen; Valmistusvuosi alkaen: 09\/1966; VW: GOLF IV 1J1,GOLF III 1H1,GOLF IV Variant 1J5,GOLF Mk III Cabriolet 1E7,GOLF III Variant 1H5,PASSAT Variant 32B; AUDI: A3 8L1,A4 Avant 8D5, B5; MAZDA: 2 DE,323 F VI BJ,PREMACY CP,626 V GF,626 V Station Wagon GW,E-SERIE Kasten SR2,323 III Station Wagon BW,323 II Hatchback BD,121 I DA,E-SERIE Kasten; SKODA: OCTAVIA Combi 1U5; BMW: 5 Touring E61; SEAT: IBIZA IV 6L1,IBIZA II 6K1,MARBELLA 28,127 127A,MARBELLA Kasten 028A,124,131,124 Kombi,128,RONDA 022A,PANDA 141A,FURA 025A; CHEVROLET: MATIZ M200, M250,AVEO Stufenheck T250, T255; JEEP: WRANGLER II TJ,WRANGLER I YJ, SJ_; DAEWOO: KALOS KLAS,MUSSO FJ,TICO KLY3; LADA: NIVA 2121,NIVA II 2123,1200-1600,1200-1500 Kombi,SAMARA 2108, 2109, 2115, 2113, 2114,NOVA 2105,TOSCANA 2107,NOVA Kombi 2104; Tuulilasinpyyhkimet,Pyyhkij\u00e4t,Pyyhkij\u00e4nsulka<\/p>\n","protected":false},"excerpt":{"rendered":"<p>VALEO Pyyhkij\u00e4nsulat 575535 Tuulilasinpyyhkimet,Pyyhkij\u00e4t VW,AUDI,MAZDA,GOLF IV 1J1,GOLF III 1H1,GOLF IV Variant 1J5,GOLF Mk III Cabriolet 1E7<\/p>\n","protected":false},"featured_media":0,"template":"","meta":{"site-sidebar-layout":"default","site-content-layout":"default","ast-global-header-display":"","ast-main-header-display":"","ast-hfb-above-header-display":"","ast-hfb-below-header-display":"","ast-hfb-mobile-header-display":"","site-post-title":"","ast-breadcrumbs-content":"","ast-featured-img":"","footer-sml-layout":"","theme-transparent-header-meta":"","adv-header-id-meta":"","stick-header-meta":"","header-above-stick-meta":"","header-main-stick-meta":"","header-below-stick-meta":""},"pwb-brand":[28],"product_cat":[33],"product_tag":[],"class_list":{"0":"post-13287","1":"product","2":"type-product","3":"status-publish","5":"pwb-brand-valeo","6":"product_cat-pyyhkijansulat","7":"desktop-align-left","8":"tablet-align-left","9":"mobile-align-left","11":"first","12":"instock","13":"product-type-external"},"brands":[{"id":28,"name":"VALEO","slug":"valeo"}],"_links":{"self":[{"href":"https:\/\/www.autonvaraosahaku.fi\/index.php?rest_route=\/wp\/v2\/product\/13287","targetHints":{"allow":["GET"]}}],"collection":[{"href":"https:\/\/www.autonvaraosahaku.fi\/index.php?rest_route=\/wp\/v2\/product"}],"about":[{"href":"https:\/\/www.autonvaraosahaku.fi\/index.php?rest_route=\/wp\/v2\/types\/product"}],"wp:attachment":[{"href":"https:\/\/www.autonvaraosahaku.fi\/index.php?rest_route=%2Fwp%2Fv2%2Fmedia&parent=13287"}],"wp:term":[{"taxonomy":"pwb-brand","embeddable":true,"href":"https:\/\/www.autonvaraosahaku.fi\/index.php?rest_route=%2Fwp%2Fv2%2Fpwb-brand&post=13287"},{"taxonomy":"product_cat","embeddable":true,"href":"https:\/\/www.autonvaraosahaku.fi\/index.php?rest_route=%2Fwp%2Fv2%2Fproduct_cat&post=13287"},{"taxonomy":"product_tag","embeddable":true,"href":"https:\/\/www.autonvaraosahaku.fi\/index.php?rest_route=%2Fwp%2Fv2%2Fproduct_tag&post=13287"}],"curies":[{"name":"wp","href":"https:\/\/api.w.org\/{rel}","templated":true}]}}