{"id":13291,"date":"2021-02-21T14:17:20","date_gmt":"2021-02-21T14:17:20","guid":{"rendered":"https:\/\/www.autonvaraosahaku.fi\/?product=ridex-9f0010-polttoainesuodatin"},"modified":"2021-02-21T14:17:22","modified_gmt":"2021-02-21T14:17:22","slug":"ridex-9f0010-polttoainesuodatin","status":"publish","type":"product","link":"https:\/\/www.autonvaraosahaku.fi\/?product=ridex-9f0010-polttoainesuodatin","title":{"rendered":"RIDEX 9F0010 Polttoainesuodatin"},"content":{"rendered":"<p>Korkeus (mm): 156; Ulkol\u00e4pimitta 1 [mm]: 81,5; Suodatintyyppi: Letkusuodatin; Sis\u00e4\u00e4ntulol\u00e4pimitta [mm]: 8; Ulostulon l\u00e4pimitta [mm]: 8; Valmistusvuosi alkaen: 09\/1979; VW: GOLF IV 1J1,PASSAT Variant 3B6,TRANSPORTER IV Bus 70XB, 70XC, 7DB, 7DW,GOLF III 1H1,SHARAN 7M8, 7M9, 7M6,GOLF II 19E, 1G1,PASSAT Variant 3B5,PASSAT Variant 3A5, 35I,PASSAT 3B2,GOLF I Cabriolet 155,GOLF III Cabriolet 1E7,TRANSPORTER IV Kasten 70XA,PASSAT 3B3,GOLF Mk III Cabriolet 1E7,GOLF III Variant 1H5,TRANSPORTER III Bus,POLO 86C, 80,KAEFER,POLO Coupe 86C, 80,PASSAT 3A2, 35I,CORRADO 53I,TRANSPORTER IV Pritsche\/Fahrgestell 70XD,VENTO 1H2,LT 28-35 I Kasten 281-363,LT 28-35 I Bus 281-363,LT 28-46 II Kasten 2DA, 2DD, 2DH,JETTA II 19E, 1G2, 165,PASSAT Variant 32B,POLO Kasten 6NF,TRANSPORTER III Kasten,LT 28-35 II Bus 2DB, 2DE, 2DK,LT 28-46 II Pritsche\/Fahrgestell 2DC, 2DF, 2DG, 2DL, 2DM,LT 28-35 I Pritsche\/Fahrgestell 281-363,TRANSPORTER III Pritsche\/Fahrgestell,GOL I,POLO Kasten 86CF,LT 40-55 I Kasten 291-512,SANTANA 32B,GOLF II Van 19E, 1G1,GOLF III Van 1H1,SANTANA; AUDI: A4 8D2, B5,A4 Avant 8ED, B7,A6 Avant 4B5, C5,A4 Avant 8D5, B5,A6 4B2, C5; SKODA: SUPERB 3U4; BMW: 3 E36,3 E30,3 Coupe E36,5 E34,3 Cabriolet E30,3 Cabriolet E36,7 E32,5 Touring E34,5 E28,6 E24,3 E21,3 Touring E30,7 E23,5 E12,Z1; SEAT: ALHAMBRA 7V8, 7V9,TOLEDO I 1L,MARBELLA 28,IBIZA I 021A,MALAGA 023A; DAEWOO: MUSSO FJ; NISSAN: SERENA C23M,PRIMERA P10,PRIMERA Hatchback P10,PRIMERA Traveller W10,VANETTE CARGO Kasten HC 23,VANETTE CARGO Bus HC 23,SERENA C24; LAND ROVER: RANGE ROVER II LP,RANGE ROVER I AE, AN, HAA, HAB, HAM, HBM, RE, RN; SSANGYONG: REXTON GAB_,MUSSO FJ; ROVER: 2000-3500 Hatchback SD1,200 XH,MONTEGO Estate XE,MONTEGO; FS17, FS25, 0060523432, 119113206100, 119113206101, 119113206104, 4442559, 60523432, 60800097, 6126291, 12682313, 12695483, 13321268231, 13321269548, 13321270038, 13329063165, 156778, 91535807, 0060523432, 4442554, 60523432, 9153580780, 1485678, 5018035, 7212351, EAC3112, 4435104, 0024772601, 0024772701, 0024772801, 24772601, 24772701, 24772801, A0024772601, A0024772701, A0024772801, 1640070J00, 156713, 4055020005, 7700680162, 7700680167, 7700741993, 7700742386, 7711130026, NTC1885, NTC5958, TKC6055, 251201511A, SE021104653A, 1H0201511, 1H0201511A, 1HO201511, 251201511A, 251201511H, 2D0201051, SE021104653A, 466268011<\/p>\n","protected":false},"excerpt":{"rendered":"<p>RIDEX Polttoainesuodatin 9F0010  VW,AUDI,SKODA,GOLF IV 1J1,PASSAT Variant 3B6,TRANSPORTER IV Bus 70XB, 70XC, 7DB, 7DW,GOLF III 1H1<\/p>\n","protected":false},"featured_media":0,"template":"","meta":{"site-sidebar-layout":"default","site-content-layout":"default","ast-global-header-display":"","ast-main-header-display":"","ast-hfb-above-header-display":"","ast-hfb-below-header-display":"","ast-hfb-mobile-header-display":"","site-post-title":"","ast-breadcrumbs-content":"","ast-featured-img":"","footer-sml-layout":"","theme-transparent-header-meta":"","adv-header-id-meta":"","stick-header-meta":"","header-above-stick-meta":"","header-main-stick-meta":"","header-below-stick-meta":""},"pwb-brand":[157],"product_cat":[29],"product_tag":[],"class_list":{"0":"post-13291","1":"product","2":"type-product","3":"status-publish","5":"pwb-brand-ridex","6":"product_cat-polttoainesuodatin","7":"desktop-align-left","8":"tablet-align-left","9":"mobile-align-left","11":"first","12":"instock","13":"product-type-external"},"brands":[{"id":157,"name":"RIDEX","slug":"ridex"}],"_links":{"self":[{"href":"https:\/\/www.autonvaraosahaku.fi\/index.php?rest_route=\/wp\/v2\/product\/13291","targetHints":{"allow":["GET"]}}],"collection":[{"href":"https:\/\/www.autonvaraosahaku.fi\/index.php?rest_route=\/wp\/v2\/product"}],"about":[{"href":"https:\/\/www.autonvaraosahaku.fi\/index.php?rest_route=\/wp\/v2\/types\/product"}],"wp:attachment":[{"href":"https:\/\/www.autonvaraosahaku.fi\/index.php?rest_route=%2Fwp%2Fv2%2Fmedia&parent=13291"}],"wp:term":[{"taxonomy":"pwb-brand","embeddable":true,"href":"https:\/\/www.autonvaraosahaku.fi\/index.php?rest_route=%2Fwp%2Fv2%2Fpwb-brand&post=13291"},{"taxonomy":"product_cat","embeddable":true,"href":"https:\/\/www.autonvaraosahaku.fi\/index.php?rest_route=%2Fwp%2Fv2%2Fproduct_cat&post=13291"},{"taxonomy":"product_tag","embeddable":true,"href":"https:\/\/www.autonvaraosahaku.fi\/index.php?rest_route=%2Fwp%2Fv2%2Fproduct_tag&post=13291"}],"curies":[{"name":"wp","href":"https:\/\/api.w.org\/{rel}","templated":true}]}}