{"id":13303,"date":"2021-02-21T14:17:24","date_gmt":"2021-02-21T14:17:24","guid":{"rendered":"https:\/\/www.autonvaraosahaku.fi\/?product=ridex-82b0006-jarrulevyt"},"modified":"2021-02-21T14:17:24","modified_gmt":"2021-02-21T14:17:24","slug":"ridex-82b0006-jarrulevyt","status":"publish","type":"product","link":"https:\/\/www.autonvaraosahaku.fi\/?product=ridex-82b0006-jarrulevyt","title":{"rendered":"RIDEX 82B0006 Jarrulevyt"},"content":{"rendered":"<p>Asennuspuoli: Etuakseli; Jarrulevytyyppi: Tuuletettu, sis\u00e4; Jarrulevyn paksuus (mm): 22; L\u00e4pimitta [mm]: 258; Reik\u00e4ympyr\u00e4-\u00d8 [mm]: 108; Reikien m\u00e4\u00e4r\u00e4: 4; V\u00e4himm\u00e4ispaksuus (mm): 20,00; J-rumpu ulkoleveys [mm]: 43,50; keskitt\u00e4misl\u00e4pimitta [mm]: 63,5; Kierremitta: 13,7; Napa-\u00d8 (mm): 158; MAZDA: 2 DY,121 III JASM, JBSM; FORD: FIESTA V JH_, JD_,FOCUS II Kombi DA_,FIESTA VI,FOCUS Kombi DNW,FOCUS II DA_,FOCUS DAW, DBW,FIESTA IV JA_, JB_,FUSION JU_,KA RB_,FOCUS Stufenheck DFW,STREET KA RL2,FIESTA III GFJ,FOCUS II Stufenheck DA_,FOCUS II Cabriolet,ECOSPORT,PUMA EC_,FIESTA V Van,FIESTA I GFBT,FIESTA II FBD,FIESTA Kasten J5_, J3_,FIESTA Kasten JV_,FIESTA Kasten FVD; 1148202, 1320585, 1323620, 1373771, 1388256, 1499045, 1522230, 1808479, 2S611125AA, 3049893, 3555344, 3573537, 4077455, 98AB1125BD, 98AB1125BE, 98AB1125D1E, 98AG1125E1B, 98AG1125EA, 98AG1125EB, 98AX1125B1F, 98AX1125BF, DD323325X, DD593325X, DD593325XA, DD593325XB, DD593325XC, DD633325X, DD633325XA; Jarrulevy<\/p>\n","protected":false},"excerpt":{"rendered":"<p>RIDEX Jarrulevyt 82B0006 Jarrulevy MAZDA,FORD,2 DY,121 III JASM, JBSM,FIESTA V JH_, JD_,FOCUS II Kombi DA_,FIESTA VI,FOCUS Kombi DNW,FOCUS II DA_<\/p>\n","protected":false},"featured_media":0,"template":"","meta":{"site-sidebar-layout":"default","site-content-layout":"default","ast-global-header-display":"","ast-main-header-display":"","ast-hfb-above-header-display":"","ast-hfb-below-header-display":"","ast-hfb-mobile-header-display":"","site-post-title":"","ast-breadcrumbs-content":"","ast-featured-img":"","footer-sml-layout":"","theme-transparent-header-meta":"","adv-header-id-meta":"","stick-header-meta":"","header-above-stick-meta":"","header-main-stick-meta":"","header-below-stick-meta":""},"pwb-brand":[157],"product_cat":[66],"product_tag":[],"class_list":{"0":"post-13303","1":"product","2":"type-product","3":"status-publish","5":"pwb-brand-ridex","6":"product_cat-jarrulevyt","7":"desktop-align-left","8":"tablet-align-left","9":"mobile-align-left","11":"first","12":"instock","13":"product-type-external"},"brands":[{"id":157,"name":"RIDEX","slug":"ridex"}],"_links":{"self":[{"href":"https:\/\/www.autonvaraosahaku.fi\/index.php?rest_route=\/wp\/v2\/product\/13303","targetHints":{"allow":["GET"]}}],"collection":[{"href":"https:\/\/www.autonvaraosahaku.fi\/index.php?rest_route=\/wp\/v2\/product"}],"about":[{"href":"https:\/\/www.autonvaraosahaku.fi\/index.php?rest_route=\/wp\/v2\/types\/product"}],"wp:attachment":[{"href":"https:\/\/www.autonvaraosahaku.fi\/index.php?rest_route=%2Fwp%2Fv2%2Fmedia&parent=13303"}],"wp:term":[{"taxonomy":"pwb-brand","embeddable":true,"href":"https:\/\/www.autonvaraosahaku.fi\/index.php?rest_route=%2Fwp%2Fv2%2Fpwb-brand&post=13303"},{"taxonomy":"product_cat","embeddable":true,"href":"https:\/\/www.autonvaraosahaku.fi\/index.php?rest_route=%2Fwp%2Fv2%2Fproduct_cat&post=13303"},{"taxonomy":"product_tag","embeddable":true,"href":"https:\/\/www.autonvaraosahaku.fi\/index.php?rest_route=%2Fwp%2Fv2%2Fproduct_tag&post=13303"}],"curies":[{"name":"wp","href":"https:\/\/api.w.org\/{rel}","templated":true}]}}