{"id":13315,"date":"2021-02-21T14:17:24","date_gmt":"2021-02-21T14:17:24","guid":{"rendered":"https:\/\/www.autonvaraosahaku.fi\/?product=ridex-9f0009-polttoainesuodatin"},"modified":"2021-02-21T14:17:26","modified_gmt":"2021-02-21T14:17:26","slug":"ridex-9f0009-polttoainesuodatin","status":"publish","type":"product","link":"https:\/\/www.autonvaraosahaku.fi\/?product=ridex-9f0009-polttoainesuodatin","title":{"rendered":"RIDEX 9F0009 Polttoainesuodatin"},"content":{"rendered":"<p>Polttoainej\u00e4rjestelm\u00e4: Bensiiniruiskutus; L\u00e4pimitta [mm]: 62; L\u00e4pimitta 1 [mm]: 56; L\u00e4pimitta 2 [mm]: 8; Korkeus (mm): 143; Korkeus 1 (mm): 82; Sis\u00e4\u00e4ntulol\u00e4pimitta [mm]: 8; Ulostulon l\u00e4pimitta [mm]: 8; Tilavuus [l]: 0,2; Valmistusvuoteen: 12\/2016; OPEL: VIVARO Kasten F7,VIVARO Combi J7,VIVARO Pritsche\/Fahrgestell E7; DACIA: SANDERO,LOGAN MCV KS_,LOGAN LS_,LOGAN EXPRESS FS_,LOGAN Pick-up US_,SOLENZA; SMART: CITY-COUPE 450,CABRIO 450,FORTWO Coupe 450,ROADSTER 452,FORTWO Cabrio 450,ROADSTER Coupe 452,CROSSBLADE 450,FORFOUR Schr\u00e4gheck 453; HYUNDAI: ACCENT II LC,ACCENT III MC,ACCENT II Stufenheck LC; RENAULT: TWINGO I C06_,CLIO II BB0\/1\/2_, CB0\/1\/2_,CLIO III BR0\/1, CR0\/1,SC\u00c9NIC II JM0\/1_,KANGOO KC0\/1_,TWINGO II CN0_,MEGANE III Grandtour KZ0\/1,ESPACE IV JK0\/1_,MODUS \/ GRAND MODUS F\/JP0_,LAGUNA II Grandtour KG0\/1_,MEGANE II Kombi KM0\/1_,SC\u00c9NIC I JA0\/1_,MEGANE II Coup\u00e9-Cabriolet EM0\/1_,SC\u00c9NIC III JZ0\/1_,ESPACE III JE0_,LAGUNA III Grandtour KT0\/1,MEGANE Scenic JA0\/1_,MEGANE III Schr\u00e4gheck BZ0_,LAGUNA II BG0\/1_,MEGANE II BM0\/1_, CM0\/1_,TRAFIC II Bus JL,GRAND SC\u00c9NIC III JZ0\/1_,MEGANE I BA0\/1_,TRAFIC II Kasten FL,MEGANE III Coupe DZ0\/1_,KANGOO \/ GRAND KANGOO KW0\/1_,KANGOO Express FC0\/1_,CLIO Grandtour KR0\/1_,GRAND SC\u00c9NIC II JM0\/1_,MEGANE I Grandtour KA0\/1_,MEGANE I Cabriolet EA0\/1_,LAGUNA I B56_, 556_,CLIO I B\/C57_, 5\/357_,LAGUNA I Grandtour K56_,LAGUNA III BT0\/1,KANGOO Express FW0\/1_,MEGANE II Stufenheck LM0\/1_,TWINGO I Kasten S06_,MEGANE I Classic LA0\/1_,MEGANE I Coach DA0\/1_,KANGOO BE BOP KW0\/1_,MEGANE CC EZ0\/1_,VEL SATIS BJ0_,CLIO II Kasten SB0\/1\/2_,LAGUNA Coupe DT0\/; CITRO\u00cbN: BERLINGO MF,XSARA PICASSO N68,C2 JM_,C3 I FC_,BERLINGO B9,C5 III Break TD_,C4 Picasso I UD_,C4 Grand Picasso I UA_,C8 EA_, EB_,C4 I LC_,SAXO S0, S1,DS3,BERLINGO Kasten M_,C5 II Break RE_,C3 Picasso,C5 I DC_,C5 I Break DE_,C5 III RD_,C3 II,XSARA N1,C4 Coupe LA_,C3 Pluriel HB_,C4 II B7,C5 II RC_,XSARA Break N2,JUMPY,BERLINGO Kasten B9,C6 TD_,JUMPY Kasten,C4 Grand Picasso II,C4 Picasso II,XM Y4,DS4,XSARA Coupe N0,XANTIA X1,DS5,EVASION 22, U6,C4 Stufenheck L,XANTIA Break X2,ZX N2,JUMPY U6U,JUMPY Kasten BS_, BT_, BY_, BZ_,DS3 Cabriolet,XANTIA Break X1,ZX Break N2,C2 ENTERPRISE,XM Break Y4,JUMPY Pritsche\/Fahrgestell BU_, BV_, BW_, BX_,C-ELYSEE,C3 III SX,C3 AIRCROSS II,C4 Stufenheck N,SAXO Hatchback van S3_,XSARA Kasten\/Schr\u00e4gheck; PEUGEOT: 206 Schr\u00e4gheck 2A\/C,206 CC 2D,207 WA_, WC_,307 SW 3H,207 CC WD_,307 CC 3B,407 SW 6E_,307 3A\/C,207 SW WK_,308 SW,206 SW 2E\/K,208,807 E,106 II 1,206+ T3E,308 4A_, 4C_,5008,307 Break 3E,508 SW,306 Schr\u00e4gheck 7A, 7C, N3, N5,607 9D, 9U,306 Cabriolet 7D, N3, N5,407 6D_,3008,406 Break 8E\/F,PARTNER Tepee,RCZ,308 CC,1007 KM_,PARTNER Combispace 5F,106 I 1A, 1C,2008,PARTNER Kasten 5,406 Coupe 8C,306 Break 7E, N3, N5,406 8B,806 221,508,407 Coupe 6C_,EXPERT Tepee VF3V_,EXPERT Kasten VF3A_, VF3U_, VF3X_,306 7B, N3, N5,307 Stufenheck,PARTNER Kasten,207 Stufenheck,EXPERT Kasten 222,206 Stufenheck,308 II,206 Van,605 6B,EXPERT 224,405 II 4B,106 Van 1_,306 Van N_, 7_,405 II Break 4E,301,EXPERT Pritsche\/Fahrgestell 223,308 SW II,207 Van,408,3008 SUV,PARTNER Pritsche\/Fahrgestell,306 Kasten\/Schr\u00e4gheck; DS: DS 3,DS5,DS7 Crossback,DS 4 \/ DS 4 CROSSBACK,DS 3 Cabriolet; 156781, 156785, 156787, 156793, 156794, 1567A5, 1567C6, 1635P5, 16400JD51A44, 96232663, 9625342280, 96478677, 6001546326, 7700845961, 9622617880, 9623266380, 9647867780, 9673849, K9622617880, K9623266380, K9647867780, 319111A000, 9622617880, 9623266380, 9647867780, K9622617880, K9623266380, K9647867780, 4534700400, A4534700400, 16400JD51A, 16400JD551A, 4408101, 156781, 156785, 156787, 156793, 156794, 1567A5, 1567C6, 1635P5, 16400JD51A44, 8647867780, 9625342280, 15270370579, 6000591768, 6001546326, 7700845961, 7701068107, 0003414V002, 0003414V003, 4534700400, A4534700400, Q0003414V002, Q0003414V003, 034911279<\/p>\n","protected":false},"excerpt":{"rendered":"<p>RIDEX Polttoainesuodatin 9F0009  OPEL,DACIA,SMART,VIVARO Kasten F7,VIVARO Combi J7,VIVARO Pritsche\/Fahrgestell E7,SANDERO,LOGAN MCV KS_,LOGAN LS_<\/p>\n","protected":false},"featured_media":0,"template":"","meta":{"site-sidebar-layout":"default","site-content-layout":"default","ast-global-header-display":"","ast-main-header-display":"","ast-hfb-above-header-display":"","ast-hfb-below-header-display":"","ast-hfb-mobile-header-display":"","site-post-title":"","ast-breadcrumbs-content":"","ast-featured-img":"","footer-sml-layout":"","theme-transparent-header-meta":"","adv-header-id-meta":"","stick-header-meta":"","header-above-stick-meta":"","header-main-stick-meta":"","header-below-stick-meta":""},"pwb-brand":[157],"product_cat":[29],"product_tag":[],"class_list":{"0":"post-13315","1":"product","2":"type-product","3":"status-publish","5":"pwb-brand-ridex","6":"product_cat-polttoainesuodatin","7":"desktop-align-left","8":"tablet-align-left","9":"mobile-align-left","11":"first","12":"instock","13":"product-type-external"},"brands":[{"id":157,"name":"RIDEX","slug":"ridex"}],"_links":{"self":[{"href":"https:\/\/www.autonvaraosahaku.fi\/index.php?rest_route=\/wp\/v2\/product\/13315","targetHints":{"allow":["GET"]}}],"collection":[{"href":"https:\/\/www.autonvaraosahaku.fi\/index.php?rest_route=\/wp\/v2\/product"}],"about":[{"href":"https:\/\/www.autonvaraosahaku.fi\/index.php?rest_route=\/wp\/v2\/types\/product"}],"wp:attachment":[{"href":"https:\/\/www.autonvaraosahaku.fi\/index.php?rest_route=%2Fwp%2Fv2%2Fmedia&parent=13315"}],"wp:term":[{"taxonomy":"pwb-brand","embeddable":true,"href":"https:\/\/www.autonvaraosahaku.fi\/index.php?rest_route=%2Fwp%2Fv2%2Fpwb-brand&post=13315"},{"taxonomy":"product_cat","embeddable":true,"href":"https:\/\/www.autonvaraosahaku.fi\/index.php?rest_route=%2Fwp%2Fv2%2Fproduct_cat&post=13315"},{"taxonomy":"product_tag","embeddable":true,"href":"https:\/\/www.autonvaraosahaku.fi\/index.php?rest_route=%2Fwp%2Fv2%2Fproduct_tag&post=13315"}],"curies":[{"name":"wp","href":"https:\/\/api.w.org\/{rel}","templated":true}]}}