{"id":13328,"date":"2021-02-21T14:17:27","date_gmt":"2021-02-21T14:17:27","guid":{"rendered":"https:\/\/www.autonvaraosahaku.fi\/?product=valeo-587501-polttoainesuodatin"},"modified":"2021-02-21T14:17:29","modified_gmt":"2021-02-21T14:17:29","slug":"valeo-587501-polttoainesuodatin","status":"publish","type":"product","link":"https:\/\/www.autonvaraosahaku.fi\/?product=valeo-587501-polttoainesuodatin","title":{"rendered":"VALEO 587501 Polttoainesuodatin"},"content":{"rendered":"<p>Ulkol\u00e4pimitta [mm]: 119; Kierre sis\u00e4\u00e4ntulo: 10; Korkeus (mm): 124; Suodatintyyppi: Letkusuodatin; Paino [kg]: 0,41; Valmistusvuoteen: 12\/2010; MAZDA: 3 BK,3 Stufenheck BK; SUZUKI: SX4 EY, GY,LIANA Schr\u00e4gheck; MINI: MINI R56,MINI CLUBMAN R55; VOLVO: V50 MW,S40 II MS; FORD: FIESTA V JH_, JD_,FOCUS II Kombi DA_,FIESTA VI,FOCUS II DA_,FOCUS C-MAX,FUSION JU_,FOCUS II Stufenheck DA_,FIESTA V Van,FIESTA VI Van; FIAT: SCUDO 270_,SCUDO Kasten 270_,SCUDO Pritsche\/Fahrgestell 270_; CITRO\u00cbN: BERLINGO MF,XSARA PICASSO N68,C2 JM_,C3 I FC_,BERLINGO B9,C5 III Break TD_,C4 Picasso I UD_,C4 Grand Picasso I UA_,C4 I LC_,BERLINGO Kasten M_,C5 II Break RE_,C3 Picasso,C5 III RD_,C3 II,XSARA N1,C4 Coupe LA_,C5 II RC_,XSARA Break N2,JUMPY,BERLINGO Kasten B9,JUMPY Kasten,XSARA Coupe N0,C4 Stufenheck L,BERLINGO Pritsche\/Fahrgestell B9,JUMPY Pritsche\/Fahrgestell; PEUGEOT: 206 Schr\u00e4gheck 2A\/C,206 CC 2D,207 WA_, WC_,307 SW 3H,207 CC WD_,407 SW 6E_,307 3A\/C,207 SW WK_,308 SW,206 SW 2E\/K,308 4A_, 4C_,5008,307 Break 3E,407 6D_,3008,PARTNER Tepee,1007 KM_,PARTNER Combispace 5F,PARTNER Kasten 5,EXPERT Tepee VF3V_,EXPERT Kasten VF3A_, VF3U_, VF3X_,PARTNER Kasten,207 Van,EXPERT Pritsche\/Fahrgestell,PARTNER Pritsche\/Fahrgestell; SANTANA: 300\/350; 13327804958, 190167, 190178, 190181, 190195, 9649448880, 9401901788, 9467616080, 1232325, 1254391, 1340105, 1340106, 1458065, 1543178, 2037665, 3M5Q9155CB, Y60113480, Y60213480, Y60213480A, Y60213ZA5, Y60213ZA5A, 13327804958, 13328517166, 190167, 190178, 190181, 190195, 1541073J00, 1541073J00000, 1541073J10, 1541073J10000, 30750085, 31219584<\/p>\n","protected":false},"excerpt":{"rendered":"<p>VALEO Polttoainesuodatin 587501  MAZDA,SUZUKI,MINI,3 BK,3 Stufenheck BK,SX4 EY, GY,LIANA Schr\u00e4gheck,MINI R56,MINI CLUBMAN R55,V50 MW,S40 II MS<\/p>\n","protected":false},"featured_media":0,"template":"","meta":{"site-sidebar-layout":"default","site-content-layout":"default","ast-global-header-display":"","ast-main-header-display":"","ast-hfb-above-header-display":"","ast-hfb-below-header-display":"","ast-hfb-mobile-header-display":"","site-post-title":"","ast-breadcrumbs-content":"","ast-featured-img":"","footer-sml-layout":"","theme-transparent-header-meta":"","adv-header-id-meta":"","stick-header-meta":"","header-above-stick-meta":"","header-main-stick-meta":"","header-below-stick-meta":""},"pwb-brand":[28],"product_cat":[29],"product_tag":[],"class_list":{"0":"post-13328","1":"product","2":"type-product","3":"status-publish","5":"pwb-brand-valeo","6":"product_cat-polttoainesuodatin","7":"desktop-align-left","8":"tablet-align-left","9":"mobile-align-left","11":"first","12":"instock","13":"product-type-external"},"brands":[{"id":28,"name":"VALEO","slug":"valeo"}],"_links":{"self":[{"href":"https:\/\/www.autonvaraosahaku.fi\/index.php?rest_route=\/wp\/v2\/product\/13328","targetHints":{"allow":["GET"]}}],"collection":[{"href":"https:\/\/www.autonvaraosahaku.fi\/index.php?rest_route=\/wp\/v2\/product"}],"about":[{"href":"https:\/\/www.autonvaraosahaku.fi\/index.php?rest_route=\/wp\/v2\/types\/product"}],"wp:attachment":[{"href":"https:\/\/www.autonvaraosahaku.fi\/index.php?rest_route=%2Fwp%2Fv2%2Fmedia&parent=13328"}],"wp:term":[{"taxonomy":"pwb-brand","embeddable":true,"href":"https:\/\/www.autonvaraosahaku.fi\/index.php?rest_route=%2Fwp%2Fv2%2Fpwb-brand&post=13328"},{"taxonomy":"product_cat","embeddable":true,"href":"https:\/\/www.autonvaraosahaku.fi\/index.php?rest_route=%2Fwp%2Fv2%2Fproduct_cat&post=13328"},{"taxonomy":"product_tag","embeddable":true,"href":"https:\/\/www.autonvaraosahaku.fi\/index.php?rest_route=%2Fwp%2Fv2%2Fproduct_tag&post=13328"}],"curies":[{"name":"wp","href":"https:\/\/api.w.org\/{rel}","templated":true}]}}