{"id":13333,"date":"2021-02-21T14:17:27","date_gmt":"2021-02-21T14:17:27","guid":{"rendered":"https:\/\/www.autonvaraosahaku.fi\/?product=valeo-586013-oljynsuodatin"},"modified":"2021-02-21T14:17:29","modified_gmt":"2021-02-21T14:17:29","slug":"valeo-586013-oljynsuodatin","status":"publish","type":"product","link":"https:\/\/www.autonvaraosahaku.fi\/?product=valeo-586013-oljynsuodatin","title":{"rendered":"VALEO 586013 \u00d6ljynsuodatin"},"content":{"rendered":"<p>Kierremitta: M 20&#215;1,5; Ulkol\u00e4pimitta [mm]: 69; Sis\u00e4l\u00e4pimitta 1 [mm]: 63; Sis\u00e4l\u00e4pimitta 2 [mm]: 55; Korkeus (mm): 85; Avauspaine ohitusventtiili [bar]: 1; Suodatintyyppi: Ruuvattava suodatin; Paino [kg]: 0,26; Moottorinumero: 4N13; MAZDA: FAMILIA V BA,626 IV Hatchback GE,MX-3 EC,B-SERIE UN,XEDOS 6 CA,XEDOS 9 TA,626 IV GE,RX 7 II FC,MX-6 GE,626 III GD,626 III Hatchback GD,626 III Coupe GD,E-SERIE Kasten SR2,626 III Station Wagon GV,626 II GC,626 II Hatchback GC,929 III HC,B-SERIE UF,MPV I LV,929 II Coupe HB,RX 7 II Cabriolet,929 II HB,626 I CB,929 I LA,626 II Coupe GC,MX-6 GD,929 II Kombi HV,RX 5,B-SERIE PE,B-SERIE UD; NISSAN: PATHFINDER R51,PATROL GR II Wagon Y61,PATHFINDER R50,MAXIMA QX A33,MAXIMA QX A32,MAXIMA Station Wagon; KIA: SORENTO I JC,CARNIVAL II GQ,CLARUS K9A,CARNIVAL I UP,CLARUS Kombi GC; HONDA: CIVIC VII Hatchback EU, EP, EV,ACCORD VII CL,ACCORD VII Tourer CM,STREAM RN,CIVIC VII Stufenheck ES; FORD USA: PROBE II ECP; LANCIA: YPSILON 843,Y 840A,MUSA 350,YPSILON 312, 846; OPEL: CORSA B 73_, 78_, 79_,VECTRA B Caravan 31_,FRONTERA B 6B_,CORSA A CC 93_, 94_, 98_, 99_,COMBO Kasten\/Kombi X12,COMBO 71_,COMBO Tour X12,CORSA A TR 91_, 92_, 96_, 97_,CORSA B Kasten 73_,CORSA B Kombi F35,MONTEREY B,ASTRA F Van 55_; VOLVO: V40 Kombi VW,S40 I VS; DAIHATSU: FOURTRAK F7, F8,ROCKY Soft Top F7, F8,WILDCAT\/ROCKY F75; INFINITI: FX,QX4; 46544820, 55230822, 55256470, 55230822, 55256470, 1109AE, 1109CG, 1560187305000, 1560187310LOC, 46544820, 46751179, 55230822, 55256470, 71736161, 1535505, 1699522, 3396825, 3803268, 9S516731AA, AS516731AA, KL0714302B, 3396825, 3803268, OJE1514302, 8943687270, 8944128150, 0JE1514302, JE1514302, JEY014302, OJE1514302, 46544820, 55230822, 55256470, 71736161, G6Y014302A, JE1514302, JEY014302, JEY0143029A, JEY014302A, JEYO14302, RFY0143029A, 30A4000100, MD05281090, MD135737, MD320276, MD321589, MD325714, MD352627, MD360935, MZ690070, MZ690072, MZ690115, MZ690116, 1520831000, 1520831U00, 152087B000, 4318092, 649007, 649012, 649013, 649020, 650134, 90511146, 94314263, VOF225, VOF500, VOF88, 1109AC, 1109AE, 1109CG, PW510577, PW510577E, 4318092, 55230822, 90511146, 90541162, 91151707, 93156769, 93156956, 93182630, 94314263, VOF225, VOF500, VOF88, 11715849, 30866266, 71736161<\/p>\n","protected":false},"excerpt":{"rendered":"<p>VALEO \u00d6ljynsuodatin 586013  MAZDA,NISSAN,KIA,FAMILIA V BA,626 IV Hatchback GE,MX-3 EC,B-SERIE UN,XEDOS 6 CA,XEDOS 9 TA,626 IV GE,RX 7 II FC,MX-6 GE<\/p>\n","protected":false},"featured_media":0,"template":"","meta":{"site-sidebar-layout":"default","site-content-layout":"default","ast-global-header-display":"","ast-main-header-display":"","ast-hfb-above-header-display":"","ast-hfb-below-header-display":"","ast-hfb-mobile-header-display":"","site-post-title":"","ast-breadcrumbs-content":"","ast-featured-img":"","footer-sml-layout":"","theme-transparent-header-meta":"","adv-header-id-meta":"","stick-header-meta":"","header-above-stick-meta":"","header-main-stick-meta":"","header-below-stick-meta":""},"pwb-brand":[28],"product_cat":[30],"product_tag":[],"class_list":{"0":"post-13333","1":"product","2":"type-product","3":"status-publish","5":"pwb-brand-valeo","6":"product_cat-oljynsuodatin","7":"desktop-align-left","8":"tablet-align-left","9":"mobile-align-left","11":"first","12":"instock","13":"product-type-external"},"brands":[{"id":28,"name":"VALEO","slug":"valeo"}],"_links":{"self":[{"href":"https:\/\/www.autonvaraosahaku.fi\/index.php?rest_route=\/wp\/v2\/product\/13333","targetHints":{"allow":["GET"]}}],"collection":[{"href":"https:\/\/www.autonvaraosahaku.fi\/index.php?rest_route=\/wp\/v2\/product"}],"about":[{"href":"https:\/\/www.autonvaraosahaku.fi\/index.php?rest_route=\/wp\/v2\/types\/product"}],"wp:attachment":[{"href":"https:\/\/www.autonvaraosahaku.fi\/index.php?rest_route=%2Fwp%2Fv2%2Fmedia&parent=13333"}],"wp:term":[{"taxonomy":"pwb-brand","embeddable":true,"href":"https:\/\/www.autonvaraosahaku.fi\/index.php?rest_route=%2Fwp%2Fv2%2Fpwb-brand&post=13333"},{"taxonomy":"product_cat","embeddable":true,"href":"https:\/\/www.autonvaraosahaku.fi\/index.php?rest_route=%2Fwp%2Fv2%2Fproduct_cat&post=13333"},{"taxonomy":"product_tag","embeddable":true,"href":"https:\/\/www.autonvaraosahaku.fi\/index.php?rest_route=%2Fwp%2Fv2%2Fproduct_tag&post=13333"}],"curies":[{"name":"wp","href":"https:\/\/api.w.org\/{rel}","templated":true}]}}