{"id":13355,"date":"2021-02-21T14:17:31","date_gmt":"2021-02-21T14:17:31","guid":{"rendered":"https:\/\/www.autonvaraosahaku.fi\/?product=valeo-587008-polttoainesuodatin"},"modified":"2021-02-21T14:17:33","modified_gmt":"2021-02-21T14:17:33","slug":"valeo-587008-polttoainesuodatin","status":"publish","type":"product","link":"https:\/\/www.autonvaraosahaku.fi\/?product=valeo-587008-polttoainesuodatin","title":{"rendered":"VALEO 587008 Polttoainesuodatin"},"content":{"rendered":"<p>Ulkol\u00e4pimitta [mm]: 61; Kierre sis\u00e4\u00e4ntulo: 8; Kierre ulostulo: 8; Korkeus (mm): 162; Suodatintyyppi: Letkusuodatin; Paino [kg]: 0,144; Valmistusvuoteen: 06\/1998; VW: GOLF V 1K1,POLO 9N_,TOURAN 1T1, 1T2,GOLF PLUS 5M1, 521,LUPO 6X1, 6E1,POLO 6N2,POLO 6N1,FOX 5Z1, 5Z3,POLO Variant 6KV5,POLO CLASSIC 6KV2,POLO Stufenheck 9A4; AUDI: A3 8P1,A3 Sportback 8PA,A2 8Z0; SKODA: FABIA Combi 6Y5,FABIA 6Y2,FABIA Stufenheck 6Y3,FABIA Praktik; SEAT: IBIZA IV 6L1,AROSA 6H,IBIZA II 6K1,CORDOBA 6K1, 6K2,CORDOBA Vario 6K1,CORDOBA 6L2; DAEWOO: REZZO KLAU,NUBIRA Wagon KLAJ,TICO KLY3; LADA: KALINA Kombi 1117,KALINA Schr\u00e4gheck 1119,PRIORA Kombi 2171,KALINA Stufenheck 1118,PRIORA Schr\u00e4gheck 2172,KALINA Kombi 2194; HYUNDAI: GRAND SANTA F\u00c9; SAAB: 9-3 YS3F,9-5 Kombi YS3E,9-3 Kombi YS3F,9-5 YS3E,9-3 Cabriolet YS3F,9-3X; ROVER: 800 XS,800 Hatchback XS,800 Coupe; OPEL: CORSA C F08, F68,ZAFIRA B A05,MERIVA,ZAFIRA A F75_,ASTRA G CC F48_, F08_,ASTRA H L48,ASTRA G Caravan F35_,CORSA B 73_, 78_, 79_,VECTRA C Caravan,SIGNUM,VECTRA C,VECTRA B 36_,OMEGA B Caravan 21_, 22_, 23_,OMEGA B 25_, 26_, 27_,VECTRA C GTS,TIGRA TwinTop,VECTRA B Caravan 31_,ASTRA G Cabriolet F67,ASTRA G Coupe F07_,COMBO Kasten\/Kombi,ASTRA G Stufenheck F69_,VECTRA B CC 38_,COMBO Tour,TIGRA 95_,CORSA C Kasten F08, W5L,COMBO 71_,CAMPO TF_,SPEEDSTER,MONTEREY A UBS_,CORSA B Kasten 73_,ASTRA G Kasten F70,CORSA B Kombi F35; 6X0201511B, 25160729, 156779, 156789, 1567C4, 4435144, 46403932, 46403933, 46441236, 46523087, 46769601, 60811822, 60811904, 71736100, 7612972, 7787063, 1X439155A, 1X439155AA, C2S20906, C2S2768, C2S40500, C2S43206, C2S45278, 21230111701000, 21230111701001, 21230111701002, 46403933, 46441236, 46474249, 46523087, 71736100, 7787063, 25164444, 25320277, 808568, 818506, 818508, 818509, 818510, 818511, 818514, 818568, 156788, 1567C4, GFE7036, 25313359, 6X0201511B, 6X0201511B, 25161333, 25164443, 25164444, 25313359, 25320277, 6X0201511B<\/p>\n","protected":false},"excerpt":{"rendered":"<p>VALEO Polttoainesuodatin 587008  VW,AUDI,SKODA,GOLF V 1K1,POLO 9N_,TOURAN 1T1, 1T2,GOLF PLUS 5M1, 521,LUPO 6X1, 6E1,POLO 6N2,POLO 6N1,FOX 5Z1, 5Z3<\/p>\n","protected":false},"featured_media":0,"template":"","meta":{"site-sidebar-layout":"default","site-content-layout":"default","ast-global-header-display":"","ast-main-header-display":"","ast-hfb-above-header-display":"","ast-hfb-below-header-display":"","ast-hfb-mobile-header-display":"","site-post-title":"","ast-breadcrumbs-content":"","ast-featured-img":"","footer-sml-layout":"","theme-transparent-header-meta":"","adv-header-id-meta":"","stick-header-meta":"","header-above-stick-meta":"","header-main-stick-meta":"","header-below-stick-meta":""},"pwb-brand":[28],"product_cat":[29],"product_tag":[],"class_list":{"0":"post-13355","1":"product","2":"type-product","3":"status-publish","5":"pwb-brand-valeo","6":"product_cat-polttoainesuodatin","7":"desktop-align-left","8":"tablet-align-left","9":"mobile-align-left","11":"first","12":"instock","13":"product-type-external"},"brands":[{"id":28,"name":"VALEO","slug":"valeo"}],"_links":{"self":[{"href":"https:\/\/www.autonvaraosahaku.fi\/index.php?rest_route=\/wp\/v2\/product\/13355","targetHints":{"allow":["GET"]}}],"collection":[{"href":"https:\/\/www.autonvaraosahaku.fi\/index.php?rest_route=\/wp\/v2\/product"}],"about":[{"href":"https:\/\/www.autonvaraosahaku.fi\/index.php?rest_route=\/wp\/v2\/types\/product"}],"wp:attachment":[{"href":"https:\/\/www.autonvaraosahaku.fi\/index.php?rest_route=%2Fwp%2Fv2%2Fmedia&parent=13355"}],"wp:term":[{"taxonomy":"pwb-brand","embeddable":true,"href":"https:\/\/www.autonvaraosahaku.fi\/index.php?rest_route=%2Fwp%2Fv2%2Fpwb-brand&post=13355"},{"taxonomy":"product_cat","embeddable":true,"href":"https:\/\/www.autonvaraosahaku.fi\/index.php?rest_route=%2Fwp%2Fv2%2Fproduct_cat&post=13355"},{"taxonomy":"product_tag","embeddable":true,"href":"https:\/\/www.autonvaraosahaku.fi\/index.php?rest_route=%2Fwp%2Fv2%2Fproduct_tag&post=13355"}],"curies":[{"name":"wp","href":"https:\/\/api.w.org\/{rel}","templated":true}]}}