{"id":13368,"date":"2021-02-21T14:17:35","date_gmt":"2021-02-21T14:17:35","guid":{"rendered":"https:\/\/www.autonvaraosahaku.fi\/?product=ridex-298w0076-pyyhkijansulat"},"modified":"2021-02-21T14:17:36","modified_gmt":"2021-02-21T14:17:36","slug":"ridex-298w0076-pyyhkijansulat","status":"publish","type":"product","link":"https:\/\/www.autonvaraosahaku.fi\/?product=ridex-298w0076-pyyhkijansulat","title":{"rendered":"RIDEX 298W0076 Pyyhkij\u00e4nsulat"},"content":{"rendered":"<p>Asennuspuoli: Edess\u00e4, vorne; Pituus 1 (mm): 380; Pyyhkij\u00e4nsulkatyyppi: Flatblade-pyyhinsulka (rungoton), Tavallinen; VW: PASSAT Variant 3B6,GOLF IV Variant 1J5,PASSAT Variant 3B5,FOX 5Z1, 5Z3,PASSAT 3B2,BORA Kombi 1J6,KAEFER,KAEFER Cabriolet 15,PASSAT Variant 32B,1500,1600 Variant 36,1500,1600 31,KARMANN GHIA Coupe 14, 34,1500,1600 Schr\u00e4gheck 31,PASSAT Variant 33; AUDI: A3 8L1,A6 Avant 4B5, C5,A4 Avant 8D5, B5,ALLROAD 4BH, C5; MAZDA: DEMIO DW,E-SERIE Kasten SR2,626 II GC,626 II Hatchback GC,MPV I LV,323 II Hatchback BD,121 I DA,323 I FA,626 II Coupe GC,323 I Station Wagon FA,929 II Kombi HV,1300; NISSAN: X-TRAIL T30,VANETTE Bus C22,PRIMERA Traveller W10,SILVIA S12,KUBISTAR Kasten X80,BLUEBIRD Station Wagon WU11,DATSUN 100 A E10, BLF10,URVAN Kasten E23,DATSUN 120 Y Coupe KB 210,DATSUN 120,URVAN Bus E23,DATSUN 100 A Kombi WBLF10,CHERRY II Traveller VN10; JEEP: WRANGLER III JK,WRANGLER II TJ; DAEWOO: KALOS KLAS,MATIZ KLYA,REZZO KLAU,MATIZ Kasten KLA4,NUBIRA Wagon KLAJ,NUBIRA Stufenheck KLAJ,NUBIRA KLAJ,NUBIRA Kombi J150,NUBIRA Stufenheck J150; SUZUKI: GRAND VITARA I FT,SWIFT II Schr\u00e4gheck EA, MA,VITARA ET, TA,BALENO Schr\u00e4gheck EG,SWIFT II Stufenheck AH, AJ; SEAT: 131,128,132,RONDA 022A,FURA 025A; CHEVROLET: SPARK M300,KALOS,AVEO Schr\u00e4gheck T250, T255,LACETTI J200,REZZO; MERCEDES-BENZ: E-CLASS T-Model S211,M-CLASS W163,VANEO 414,G-CLASS W463,G-CLASS W460,G-CLASS W461,G-CLASS Cabrio W463; 8524228060, 8524260050; Tuulilasinpyyhkimet,Pyyhkij\u00e4t,Pyyhkij\u00e4nsulka<\/p>\n","protected":false},"excerpt":{"rendered":"<p>RIDEX Pyyhkij\u00e4nsulat 298W0076 Tuulilasinpyyhkimet,Pyyhkij\u00e4t VW,AUDI,MAZDA,PASSAT Variant 3B6,GOLF IV Variant 1J5,PASSAT Variant 3B5,FOX 5Z1, 5Z3<\/p>\n","protected":false},"featured_media":0,"template":"","meta":{"site-sidebar-layout":"default","site-content-layout":"default","ast-global-header-display":"","ast-main-header-display":"","ast-hfb-above-header-display":"","ast-hfb-below-header-display":"","ast-hfb-mobile-header-display":"","site-post-title":"","ast-breadcrumbs-content":"","ast-featured-img":"","footer-sml-layout":"","theme-transparent-header-meta":"","adv-header-id-meta":"","stick-header-meta":"","header-above-stick-meta":"","header-main-stick-meta":"","header-below-stick-meta":""},"pwb-brand":[157],"product_cat":[33],"product_tag":[],"class_list":{"0":"post-13368","1":"product","2":"type-product","3":"status-publish","5":"pwb-brand-ridex","6":"product_cat-pyyhkijansulat","7":"desktop-align-left","8":"tablet-align-left","9":"mobile-align-left","11":"first","12":"instock","13":"product-type-external"},"brands":[{"id":157,"name":"RIDEX","slug":"ridex"}],"_links":{"self":[{"href":"https:\/\/www.autonvaraosahaku.fi\/index.php?rest_route=\/wp\/v2\/product\/13368","targetHints":{"allow":["GET"]}}],"collection":[{"href":"https:\/\/www.autonvaraosahaku.fi\/index.php?rest_route=\/wp\/v2\/product"}],"about":[{"href":"https:\/\/www.autonvaraosahaku.fi\/index.php?rest_route=\/wp\/v2\/types\/product"}],"wp:attachment":[{"href":"https:\/\/www.autonvaraosahaku.fi\/index.php?rest_route=%2Fwp%2Fv2%2Fmedia&parent=13368"}],"wp:term":[{"taxonomy":"pwb-brand","embeddable":true,"href":"https:\/\/www.autonvaraosahaku.fi\/index.php?rest_route=%2Fwp%2Fv2%2Fpwb-brand&post=13368"},{"taxonomy":"product_cat","embeddable":true,"href":"https:\/\/www.autonvaraosahaku.fi\/index.php?rest_route=%2Fwp%2Fv2%2Fproduct_cat&post=13368"},{"taxonomy":"product_tag","embeddable":true,"href":"https:\/\/www.autonvaraosahaku.fi\/index.php?rest_route=%2Fwp%2Fv2%2Fproduct_tag&post=13368"}],"curies":[{"name":"wp","href":"https:\/\/api.w.org\/{rel}","templated":true}]}}