{"id":13376,"date":"2021-02-21T14:17:35","date_gmt":"2021-02-21T14:17:35","guid":{"rendered":"https:\/\/www.autonvaraosahaku.fi\/?product=hella-9xw-178-878-191-pyyhkijansulat"},"modified":"2021-02-21T14:17:37","modified_gmt":"2021-02-21T14:17:37","slug":"hella-9xw-178-878-191-pyyhkijansulat","status":"publish","type":"product","link":"https:\/\/www.autonvaraosahaku.fi\/?product=hella-9xw-178-878-191-pyyhkijansulat","title":{"rendered":"HELLA 9XW 178 878-191 Pyyhkij\u00e4nsulat"},"content":{"rendered":"<p>Asennuspuoli: Edess\u00e4, beidseitig; Pituus (mm): 475; Pituus (tuumaa): 19; Vasen \/ oikea liikenne: Ohjaus vasemmalla; M\u00e4\u00e4r\u00e4: 1; Pyyhkij\u00e4nsulkatyyppi: Pyyhkij\u00e4nsulka,perinteinen runko; VW: GOLF IV 1J1,GOLF III 1H1,GOLF IV Variant 1J5,POLO 6N2,POLO 6N1,BORA 1J2,GOLF III Cabriolet 1E7,GOLF Mk III Cabriolet 1E7,BORA Kombi 1J6,GOLF III Variant 1H5,CORRADO 53I,SCIROCCO 53B,VENTO 1H2,LT 28-35 I Kasten 281-363,LT 28-35 I Bus 281-363,LT 28-35 I Pritsche\/Fahrgestell 281-363,LT 40-55 I Pritsche\/Fahrgestell 293-909,LT 40-55 I Kasten 291-512,GOLF IV Van 1J1,GOLF III Van 1H1; AUDI: A3 8L1; MAZDA: TRIBUTE EP,626 V Hatchback GF,FAMILIA V BA,626 V GF,626 V Station Wagon GW,323 P V BA,FAMILIA VI BJ,121 III JASM, JBSM,626 III GD,626 III Hatchback GD,626 III Coupe GD,626 III Station Wagon GV; SKODA: OCTAVIA Combi 1U5,OCTAVIA 1U2; SEAT: IBIZA I 021A; CHEVROLET: LACETTI J200,REZZO,LACETTI Kombi J200; JEEP: CHEROKEE KJ,CHEROKEE KK; DAEWOO: REZZO KLAU,LANOS KLAT,LACETTI Schr\u00e4gheck KLAN,NUBIRA Stufenheck KLAN,NUBIRA Wagon KLAN,LANOS Stufenheck KLAT,LEGANZA KLAV,ESPERO KLEJ; NISSAN: NAVARA D40,PATHFINDER R51,PRIMERA Kombi WP12,PRIMERA P12,NAVARA Pritsche\/Fahrgestell D40,PRIMERA Hatchback P12,PATROL GR II Wagon Y61,ALMERA I Hatchback N15,PICK UP D22,ALMERA I N15,100 NX B13,PATROL GR I Y60, GR,PRIMERA P10,TERRANO I WD21,300 ZX Z32,SUNNY III N14,PULSAR V Schr\u00e4gheck N14,SUNNY III Liftback N14,PRIMERA Hatchback P10,MAXIMA II J30,PATROL Pritsche\/Fahrgestell Y60,URVAN Bus E24,URVAN Kasten E24; KIA: SHUMA II FB,SHUMA FB,SHUMA II Stufenheck FB,CLARUS K9A,CLARUS Kombi GC,SEPHIA Stufenheck FA,SEPHIA FA,SEPHIA FB; Tuulilasinpyyhkimet,Pyyhkij\u00e4t,Pyyhkij\u00e4nsulka<\/p>\n","protected":false},"excerpt":{"rendered":"<p>HELLA Pyyhkij\u00e4nsulat 9XW 178 878-191 Tuulilasinpyyhkimet,Pyyhkij\u00e4t VW,AUDI,MAZDA,GOLF IV 1J1,GOLF III 1H1,GOLF IV Variant 1J5,POLO 6N2,POLO 6N1<\/p>\n","protected":false},"featured_media":0,"template":"","meta":{"site-sidebar-layout":"default","site-content-layout":"default","ast-global-header-display":"","ast-main-header-display":"","ast-hfb-above-header-display":"","ast-hfb-below-header-display":"","ast-hfb-mobile-header-display":"","site-post-title":"","ast-breadcrumbs-content":"","ast-featured-img":"","footer-sml-layout":"","theme-transparent-header-meta":"","adv-header-id-meta":"","stick-header-meta":"","header-above-stick-meta":"","header-main-stick-meta":"","header-below-stick-meta":""},"pwb-brand":[24],"product_cat":[33],"product_tag":[],"class_list":{"0":"post-13376","1":"product","2":"type-product","3":"status-publish","5":"pwb-brand-hella","6":"product_cat-pyyhkijansulat","7":"desktop-align-left","8":"tablet-align-left","9":"mobile-align-left","11":"first","12":"instock","13":"product-type-external"},"brands":[{"id":24,"name":"HELLA","slug":"hella"}],"_links":{"self":[{"href":"https:\/\/www.autonvaraosahaku.fi\/index.php?rest_route=\/wp\/v2\/product\/13376","targetHints":{"allow":["GET"]}}],"collection":[{"href":"https:\/\/www.autonvaraosahaku.fi\/index.php?rest_route=\/wp\/v2\/product"}],"about":[{"href":"https:\/\/www.autonvaraosahaku.fi\/index.php?rest_route=\/wp\/v2\/types\/product"}],"wp:attachment":[{"href":"https:\/\/www.autonvaraosahaku.fi\/index.php?rest_route=%2Fwp%2Fv2%2Fmedia&parent=13376"}],"wp:term":[{"taxonomy":"pwb-brand","embeddable":true,"href":"https:\/\/www.autonvaraosahaku.fi\/index.php?rest_route=%2Fwp%2Fv2%2Fpwb-brand&post=13376"},{"taxonomy":"product_cat","embeddable":true,"href":"https:\/\/www.autonvaraosahaku.fi\/index.php?rest_route=%2Fwp%2Fv2%2Fproduct_cat&post=13376"},{"taxonomy":"product_tag","embeddable":true,"href":"https:\/\/www.autonvaraosahaku.fi\/index.php?rest_route=%2Fwp%2Fv2%2Fproduct_tag&post=13376"}],"curies":[{"name":"wp","href":"https:\/\/api.w.org\/{rel}","templated":true}]}}