{"id":13395,"date":"2021-02-21T14:17:38","date_gmt":"2021-02-21T14:17:38","guid":{"rendered":"https:\/\/www.autonvaraosahaku.fi\/?product=ridex-9f0029-polttoainesuodatin"},"modified":"2021-02-21T14:17:40","modified_gmt":"2021-02-21T14:17:40","slug":"ridex-9f0029-polttoainesuodatin","status":"publish","type":"product","link":"https:\/\/www.autonvaraosahaku.fi\/?product=ridex-9f0029-polttoainesuodatin","title":{"rendered":"RIDEX 9F0029 Polttoainesuodatin"},"content":{"rendered":"<p>L\u00e4pimitta [mm]: 83; Sis\u00e4l\u00e4pimitta [mm]: 38; Korkeus (mm): 141; Alustanumeroon: 2K 6 090 000; VW: GOLF V 1K1,TOURAN 1T1, 1T2,GOLF VI 5K1,GOLF PLUS 5M1, 521,CADDY III Kombi 2KB, 2KJ, 2CB, 2CJ,TOURAN 1T3,GOLF VI Variant AJ5,GOLF V Variant 1K5,CADDY III Kasten 2KA, 2KH, 2CA, 2CH,EOS 1F7, 1F8,PHAETON 3D_,JETTA III 1K2,GOLF VI Cabriolet 517,BEETLE 5C1,JETTA IV 162, 163,BEETLE Cabriolet 5C7; AUDI: A3 8P1,A3 Sportback 8PA,Q3 8U,A3 Cabriolet 8P7; SKODA: OCTAVIA Combi 1Z5,OCTAVIA 1Z3; SEAT: LEON 1P1,LEON 1M1,ALTEA 5P1,ALTEA XL 5P5, 5P8,TOLEDO III 5P2; 1K0127177, 1K0127177A, 1K0127400C, 1K0127400K, 1K0127400L, 1K0127434, 1K0127434A, FG2030, 1K0127177, 1K0127177A, 1K0127400C, 1K0127400K, 1K0127400L, 1K0127434, 1K0127434A, 1K0127177, 1K0127177A, 1K0127400C, 1K0127400K, 1K0127400L, 1K0127434, 1K0127434A, 1K0127177, 1K0127177A, 1K0127400C, 1K0127400K, 1K0127400L, 1K0127434, 1K0127434A<\/p>\n","protected":false},"excerpt":{"rendered":"<p>RIDEX Polttoainesuodatin 9F0029  VW,AUDI,SKODA,GOLF V 1K1,TOURAN 1T1, 1T2,GOLF VI 5K1,GOLF PLUS 5M1, 521,CADDY III Kombi 2KB, 2KJ, 2CB, 2CJ,TOURAN 1T3<\/p>\n","protected":false},"featured_media":0,"template":"","meta":{"site-sidebar-layout":"default","site-content-layout":"default","ast-global-header-display":"","ast-main-header-display":"","ast-hfb-above-header-display":"","ast-hfb-below-header-display":"","ast-hfb-mobile-header-display":"","site-post-title":"","ast-breadcrumbs-content":"","ast-featured-img":"","footer-sml-layout":"","theme-transparent-header-meta":"","adv-header-id-meta":"","stick-header-meta":"","header-above-stick-meta":"","header-main-stick-meta":"","header-below-stick-meta":""},"pwb-brand":[157],"product_cat":[29],"product_tag":[],"class_list":{"0":"post-13395","1":"product","2":"type-product","3":"status-publish","5":"pwb-brand-ridex","6":"product_cat-polttoainesuodatin","7":"desktop-align-left","8":"tablet-align-left","9":"mobile-align-left","11":"first","12":"instock","13":"product-type-external"},"brands":[{"id":157,"name":"RIDEX","slug":"ridex"}],"_links":{"self":[{"href":"https:\/\/www.autonvaraosahaku.fi\/index.php?rest_route=\/wp\/v2\/product\/13395","targetHints":{"allow":["GET"]}}],"collection":[{"href":"https:\/\/www.autonvaraosahaku.fi\/index.php?rest_route=\/wp\/v2\/product"}],"about":[{"href":"https:\/\/www.autonvaraosahaku.fi\/index.php?rest_route=\/wp\/v2\/types\/product"}],"wp:attachment":[{"href":"https:\/\/www.autonvaraosahaku.fi\/index.php?rest_route=%2Fwp%2Fv2%2Fmedia&parent=13395"}],"wp:term":[{"taxonomy":"pwb-brand","embeddable":true,"href":"https:\/\/www.autonvaraosahaku.fi\/index.php?rest_route=%2Fwp%2Fv2%2Fpwb-brand&post=13395"},{"taxonomy":"product_cat","embeddable":true,"href":"https:\/\/www.autonvaraosahaku.fi\/index.php?rest_route=%2Fwp%2Fv2%2Fproduct_cat&post=13395"},{"taxonomy":"product_tag","embeddable":true,"href":"https:\/\/www.autonvaraosahaku.fi\/index.php?rest_route=%2Fwp%2Fv2%2Fproduct_tag&post=13395"}],"curies":[{"name":"wp","href":"https:\/\/api.w.org\/{rel}","templated":true}]}}