{"id":13457,"date":"2021-02-21T14:17:49","date_gmt":"2021-02-21T14:17:49","guid":{"rendered":"https:\/\/www.autonvaraosahaku.fi\/?product=eibach-s1-1-12-25-22-17-pyoranpultit"},"modified":"2021-02-21T14:17:51","modified_gmt":"2021-02-21T14:17:51","slug":"eibach-s1-1-12-25-22-17-pyoranpultit","status":"publish","type":"product","link":"https:\/\/www.autonvaraosahaku.fi\/?product=eibach-s1-1-12-25-22-17-pyoranpultit","title":{"rendered":"EIBACH S1-1-12-25-22-17 Py\u00f6r\u00e4npultit"},"content":{"rendered":"<p>Kierremitta: M12x1,25; Avainv\u00e4li: 17; Py\u00f6r\u00e4n kiinnitys: Kartiolaippa F, Kartiolaippa F; Runkopituus [mm]: 22, 22; Tuotelinja: Pro-Spacer; Tuning: 1; Valmistusvuoteen: 09\/2012; JEEP: RENEGADE Gel\u00e4ndewagen geschlossen BU; ABARTH: 500 \/ 595 312_,500C \/ 595C 312_; LANCIA: YPSILON 843,DELTA III 844,Y 840A,MUSA 350,LYBRA SW 839BX,KAPPA 838A,LYBRA 839AX,YPSILON 312, 846,KAPPA SW 838B,KAPPA Coupe 838; OPEL: COMBO Kasten\/Kombi X12,COMBO Tour X12; FORD: KA RU8; ALFA ROMEO: 147 937,156 Sportwagon 932,GIULIETTA 940,MITO 955,156 932,GT 937,166 936,4C 960,4C SPIDER 960; FIAT: PUNTO 188,PANDA 169,500 312,STILO 192,BRAVO II 198,DOBLO Cargo 223,500 C 312,STILO Multi Wagon 192,PANDA Van 169,IDEA,PANDA 312,COUPE FA\/175,MULTIPLA 186,QUBO 225,500L,MAREA Weekend 185,FIORINO Kasten\/Kombi 225,DOBLO Pritsche\/Fahrgestell 263,MAREA 185,500X,TIPO Schr\u00e4gheck 356_,PANDA VAN 312,TIPO Kombi 356_,TIPO Stufenheck 356_; 13230325, 13230335, 13230425, 1607370980, 1612615780, 540583, 11294235, 13230325, 13230335, 13230425, 13230435, 1559373, 1850468, W303433, 13230325, 13230335, 13230425, 01008011, 1008011, 1607370980, 1612615780, 540583, 95510864; Py\u00f6r\u00e4nruuvi<\/p>\n","protected":false},"excerpt":{"rendered":"<p>EIBACH Py\u00f6r\u00e4npultit S1-1-12-25-22-17 Py\u00f6r\u00e4nruuvi JEEP,ABARTH,LANCIA,RENEGADE Gel\u00e4ndewagen geschlossen BU,500 \/ 595 312_,500C \/ 595C 312_,YPSILON 843<\/p>\n","protected":false},"featured_media":0,"template":"","meta":{"site-sidebar-layout":"default","site-content-layout":"default","ast-global-header-display":"","ast-main-header-display":"","ast-hfb-above-header-display":"","ast-hfb-below-header-display":"","ast-hfb-mobile-header-display":"","site-post-title":"","ast-breadcrumbs-content":"","ast-featured-img":"","footer-sml-layout":"","theme-transparent-header-meta":"","adv-header-id-meta":"","stick-header-meta":"","header-above-stick-meta":"","header-main-stick-meta":"","header-below-stick-meta":""},"pwb-brand":[328],"product_cat":[51],"product_tag":[],"class_list":{"0":"post-13457","1":"product","2":"type-product","3":"status-publish","5":"pwb-brand-eibach","6":"product_cat-pyoranpultit","7":"desktop-align-left","8":"tablet-align-left","9":"mobile-align-left","11":"first","12":"instock","13":"product-type-external"},"brands":[{"id":328,"name":"EIBACH","slug":"eibach"}],"_links":{"self":[{"href":"https:\/\/www.autonvaraosahaku.fi\/index.php?rest_route=\/wp\/v2\/product\/13457","targetHints":{"allow":["GET"]}}],"collection":[{"href":"https:\/\/www.autonvaraosahaku.fi\/index.php?rest_route=\/wp\/v2\/product"}],"about":[{"href":"https:\/\/www.autonvaraosahaku.fi\/index.php?rest_route=\/wp\/v2\/types\/product"}],"wp:attachment":[{"href":"https:\/\/www.autonvaraosahaku.fi\/index.php?rest_route=%2Fwp%2Fv2%2Fmedia&parent=13457"}],"wp:term":[{"taxonomy":"pwb-brand","embeddable":true,"href":"https:\/\/www.autonvaraosahaku.fi\/index.php?rest_route=%2Fwp%2Fv2%2Fpwb-brand&post=13457"},{"taxonomy":"product_cat","embeddable":true,"href":"https:\/\/www.autonvaraosahaku.fi\/index.php?rest_route=%2Fwp%2Fv2%2Fproduct_cat&post=13457"},{"taxonomy":"product_tag","embeddable":true,"href":"https:\/\/www.autonvaraosahaku.fi\/index.php?rest_route=%2Fwp%2Fv2%2Fproduct_tag&post=13457"}],"curies":[{"name":"wp","href":"https:\/\/api.w.org\/{rel}","templated":true}]}}