{"id":13475,"date":"2021-02-21T14:17:53","date_gmt":"2021-02-21T14:17:53","guid":{"rendered":"https:\/\/www.autonvaraosahaku.fi\/?product=ridex-298w0019-pyyhkijansulat"},"modified":"2021-02-21T14:17:55","modified_gmt":"2021-02-21T14:17:55","slug":"ridex-298w0019-pyyhkijansulat","status":"publish","type":"product","link":"https:\/\/www.autonvaraosahaku.fi\/?product=ridex-298w0019-pyyhkijansulat","title":{"rendered":"RIDEX 298W0019 Pyyhkij\u00e4nsulat"},"content":{"rendered":"<p>Asennuspuoli: Edess\u00e4, vorne; Pituus 1 \/ pituus 2: 600\/ 480; Muoto: Litte\u00e4; M\u00e4\u00e4r\u00e4yksikk\u00f6: Sarja; Pituus1\/pituus2 [tuuma]: 24\/ 19; Pyyhkij\u00e4nsulkatyyppi: Rungottomat; VW: GOLF V 1K1,TOURAN 1T1, 1T2,GOLF VI 5K1,PASSAT Variant 3C5,PASSAT 3C2,PASSAT Variant 365,CADDY III Kombi 2KB, 2KJ, 2CB, 2CJ,TOURAN 1T3,GOLF VI Variant AJ5,GOLF V Variant 1K5,CADDY III Kasten 2KA, 2KH, 2CA, 2CH,EOS 1F7, 1F8,SCIROCCO 137, 138,PASSAT CC 357,JETTA III 1K2,PASSAT 362; SKODA: YETI 5L; BMW: X5 E70,X6 E71, E72; 5L1955425, 5L1955426, 5L1998001, 1K8998002, 1Q195542503C, 1Q1955425A, 1Q195542603C, 1Q1955426A, 1Q1998002, 3C1955425B, 3C1955425D, 3C1955426B, 3C1955426D, 3C1998002, 3C8955425B, 3C8955426B, 5K1945426, 5K1955425, 5K1955426; Tuulilasinpyyhkimet,Pyyhkij\u00e4t,Pyyhkij\u00e4nsulka<\/p>\n","protected":false},"excerpt":{"rendered":"<p>RIDEX Pyyhkij\u00e4nsulat 298W0019 Tuulilasinpyyhkimet,Pyyhkij\u00e4t VW,SKODA,BMW,GOLF V 1K1,TOURAN 1T1, 1T2,GOLF VI 5K1,PASSAT Variant 3C5,PASSAT 3C2<\/p>\n","protected":false},"featured_media":0,"template":"","meta":{"site-sidebar-layout":"default","site-content-layout":"default","ast-global-header-display":"","ast-main-header-display":"","ast-hfb-above-header-display":"","ast-hfb-below-header-display":"","ast-hfb-mobile-header-display":"","site-post-title":"","ast-breadcrumbs-content":"","ast-featured-img":"","footer-sml-layout":"","theme-transparent-header-meta":"","adv-header-id-meta":"","stick-header-meta":"","header-above-stick-meta":"","header-main-stick-meta":"","header-below-stick-meta":""},"pwb-brand":[157],"product_cat":[33],"product_tag":[],"class_list":{"0":"post-13475","1":"product","2":"type-product","3":"status-publish","5":"pwb-brand-ridex","6":"product_cat-pyyhkijansulat","7":"desktop-align-left","8":"tablet-align-left","9":"mobile-align-left","11":"first","12":"instock","13":"product-type-external"},"brands":[{"id":157,"name":"RIDEX","slug":"ridex"}],"_links":{"self":[{"href":"https:\/\/www.autonvaraosahaku.fi\/index.php?rest_route=\/wp\/v2\/product\/13475","targetHints":{"allow":["GET"]}}],"collection":[{"href":"https:\/\/www.autonvaraosahaku.fi\/index.php?rest_route=\/wp\/v2\/product"}],"about":[{"href":"https:\/\/www.autonvaraosahaku.fi\/index.php?rest_route=\/wp\/v2\/types\/product"}],"wp:attachment":[{"href":"https:\/\/www.autonvaraosahaku.fi\/index.php?rest_route=%2Fwp%2Fv2%2Fmedia&parent=13475"}],"wp:term":[{"taxonomy":"pwb-brand","embeddable":true,"href":"https:\/\/www.autonvaraosahaku.fi\/index.php?rest_route=%2Fwp%2Fv2%2Fpwb-brand&post=13475"},{"taxonomy":"product_cat","embeddable":true,"href":"https:\/\/www.autonvaraosahaku.fi\/index.php?rest_route=%2Fwp%2Fv2%2Fproduct_cat&post=13475"},{"taxonomy":"product_tag","embeddable":true,"href":"https:\/\/www.autonvaraosahaku.fi\/index.php?rest_route=%2Fwp%2Fv2%2Fproduct_tag&post=13475"}],"curies":[{"name":"wp","href":"https:\/\/api.w.org\/{rel}","templated":true}]}}