{"id":13485,"date":"2021-02-21T14:17:57","date_gmt":"2021-02-21T14:17:57","guid":{"rendered":"https:\/\/www.autonvaraosahaku.fi\/?product=ridex-82b0025-jarrulevyt"},"modified":"2021-02-21T14:17:57","modified_gmt":"2021-02-21T14:17:57","slug":"ridex-82b0025-jarrulevyt","status":"publish","type":"product","link":"https:\/\/www.autonvaraosahaku.fi\/?product=ridex-82b0025-jarrulevyt","title":{"rendered":"RIDEX 82B0025 Jarrulevyt"},"content":{"rendered":"<p>Jarrulevytyyppi: Tuuletettu; Asennuspuoli: Etuakseli; Ulkol\u00e4pimitta [mm]: 280; Napa-\u00d8 (mm): 146; keskitt\u00e4misl\u00e4pimitta [mm]: 68; Jarrulevyn paksuus (mm): 22; Korkeus (mm): 46,5; Vanne, aukkoja: 5; Reik\u00e4ympyr\u00e4-\u00d8 [mm]: 112, 112,0; Vaihdettava pareittain: ; V\u00e4himm\u00e4ispaksuus (mm): 20,00; Sis\u00e4l\u00e4pimitta [mm]: 133,5; Alustanumerosta: 8D-V-169696; VW: PASSAT Variant 3B5,PASSAT 3B2; AUDI: A4 8D2, B5,A4 Avant 8ED, B7,A4 Avant 8E5, B6,A4 Avant 8D5, B5,A4 8E2, B6,A4 8EC, B7; SEAT: EXEO ST 3R5,EXEO 3R2; 8E0615301B, 8E0615301D, 8E0615301P, JZW615301Q, 8E0615301B, 8E0615301D, 8E0615301P, JZW615301Q, 8E0615301B, 8E0615301D, 8E0615301P, JZW615301Q; Jarrulevy<\/p>\n","protected":false},"excerpt":{"rendered":"<p>RIDEX Jarrulevyt 82B0025 Jarrulevy VW,AUDI,SEAT,PASSAT Variant 3B5,PASSAT 3B2,A4 8D2, B5,A4 Avant 8ED, B7,A4 Avant 8E5, B6,A4 Avant 8D5, B5,A4 8E2, B6<\/p>\n","protected":false},"featured_media":0,"template":"","meta":{"site-sidebar-layout":"default","site-content-layout":"default","ast-global-header-display":"","ast-main-header-display":"","ast-hfb-above-header-display":"","ast-hfb-below-header-display":"","ast-hfb-mobile-header-display":"","site-post-title":"","ast-breadcrumbs-content":"","ast-featured-img":"","footer-sml-layout":"","theme-transparent-header-meta":"","adv-header-id-meta":"","stick-header-meta":"","header-above-stick-meta":"","header-main-stick-meta":"","header-below-stick-meta":""},"pwb-brand":[157],"product_cat":[66],"product_tag":[],"class_list":{"0":"post-13485","1":"product","2":"type-product","3":"status-publish","5":"pwb-brand-ridex","6":"product_cat-jarrulevyt","7":"desktop-align-left","8":"tablet-align-left","9":"mobile-align-left","11":"first","12":"instock","13":"product-type-external"},"brands":[{"id":157,"name":"RIDEX","slug":"ridex"}],"_links":{"self":[{"href":"https:\/\/www.autonvaraosahaku.fi\/index.php?rest_route=\/wp\/v2\/product\/13485","targetHints":{"allow":["GET"]}}],"collection":[{"href":"https:\/\/www.autonvaraosahaku.fi\/index.php?rest_route=\/wp\/v2\/product"}],"about":[{"href":"https:\/\/www.autonvaraosahaku.fi\/index.php?rest_route=\/wp\/v2\/types\/product"}],"wp:attachment":[{"href":"https:\/\/www.autonvaraosahaku.fi\/index.php?rest_route=%2Fwp%2Fv2%2Fmedia&parent=13485"}],"wp:term":[{"taxonomy":"pwb-brand","embeddable":true,"href":"https:\/\/www.autonvaraosahaku.fi\/index.php?rest_route=%2Fwp%2Fv2%2Fpwb-brand&post=13485"},{"taxonomy":"product_cat","embeddable":true,"href":"https:\/\/www.autonvaraosahaku.fi\/index.php?rest_route=%2Fwp%2Fv2%2Fproduct_cat&post=13485"},{"taxonomy":"product_tag","embeddable":true,"href":"https:\/\/www.autonvaraosahaku.fi\/index.php?rest_route=%2Fwp%2Fv2%2Fproduct_tag&post=13485"}],"curies":[{"name":"wp","href":"https:\/\/api.w.org\/{rel}","templated":true}]}}