{"id":13492,"date":"2021-02-21T14:17:57","date_gmt":"2021-02-21T14:17:57","guid":{"rendered":"https:\/\/www.autonvaraosahaku.fi\/?product=ridex-1180s0091-jousijalan-tukilaakeri"},"modified":"2021-02-21T14:17:58","modified_gmt":"2021-02-21T14:17:58","slug":"ridex-1180s0091-jousijalan-tukilaakeri","status":"publish","type":"product","link":"https:\/\/www.autonvaraosahaku.fi\/?product=ridex-1180s0091-jousijalan-tukilaakeri","title":{"rendered":"RIDEX 1180S0091 Jousijalan tukilaakeri"},"content":{"rendered":"<p>Asennuspuoli: Etuakseli; Korvaava tuote\/korvaava tiedote 2: Ilman kuulalaakeria; Moottorinumero: H1A; KIA: RIO II JB,RIO II Stufenheck JB; HYUNDAI: i30 FD,i30 CW FD,COUPE GK; RENAULT: ESPACE III JE0_,LAGUNA I B56_, 556_,LAGUNA I Grandtour K56_,SAFRANE II B54_,AVANTIME DE0_,SAFRANE I B54_; CITRO\u00cbN: BERLINGO MF,XSARA PICASSO N68,C2 JM_,C3 I FC_,BERLINGO B9,C4 Picasso I UD_,C4 Grand Picasso I UA_,C4 I LC_,SAXO S0, S1,DS3,BERLINGO Kasten M_,C3 Picasso,C3 II,XSARA N1,C4 Coupe LA_,C3 Pluriel HB_,C4 II B7,XSARA Break N2,BERLINGO Kasten B9,C4 Picasso II,DS4,XSARA Coupe N0,AX ZA-_,C4 Stufenheck L,ZX N2,DS3 Cabriolet,ZX Break N2,C15 VD-_,BERLINGO Pritsche\/Fahrgestell B9,C15 Kombi; PEUGEOT: 206 Schr\u00e4gheck 2A\/C,206 CC 2D,207 WA_, WC_,307 SW 3H,207 CC WD_,307 CC 3B,307 3A\/C,207 SW WK_,308 SW,206 SW 2E\/K,106 II 1,206+ T3E,308 4A_, 4C_,307 Break 3E,306 Schr\u00e4gheck 7A, 7C, N3, N5,306 Cabriolet 7D, N3, N5,3008,PARTNER Tepee,308 CC,1007 KM_,PARTNER Combispace 5F,106 I 1A, 1C,205 II 20A\/C,PARTNER Kasten 5,306 Break 7E, N3, N5,306 7B, N3, N5,205 I Cabriolet 741B, 20D,PARTNER Kasten,206 Stufenheck,309 II 3C, 3A,205 I 741A\/C,405 I 15B,405 II 4B,504 A_, M_,504 Cabriolet,309 I 10C, 10A,505 551A,504 Coupe,405 II Break 4E,405 I Break 15E,305 II 581M,505 Break 551D,504 Break D_, F_,504 Pick-up E_,305 II Break 581E,205 Kasten; 503519, 503523, 503527, 503558, 503563, 546121G010, 546122C000, 546121G010, 546122C000, 5030A1, 5030A2, 503523, 503527, 503558, 503563, 503846, 503885, 5038G0, 7700777654, 7700796766, 7700797666, 7700803635, 7700824022, 3411070; Iskarin Yl\u00e4p\u00e4\u00e4,Iskunvaimentimen Yl\u00e4p\u00e4\u00e4<\/p>\n","protected":false},"excerpt":{"rendered":"<p>RIDEX Jousijalan Tukilaakeri 1180S0091 Iskarin Yl\u00e4p\u00e4\u00e4,Iskunvaimentimen Yl\u00e4p\u00e4\u00e4 KIA,HYUNDAI,RENAULT,RIO II JB,RIO II Stufenheck JB,i30 FD,i30 CW FD<\/p>\n","protected":false},"featured_media":0,"template":"","meta":{"site-sidebar-layout":"default","site-content-layout":"default","ast-global-header-display":"","ast-main-header-display":"","ast-hfb-above-header-display":"","ast-hfb-below-header-display":"","ast-hfb-mobile-header-display":"","site-post-title":"","ast-breadcrumbs-content":"","ast-featured-img":"","footer-sml-layout":"","theme-transparent-header-meta":"","adv-header-id-meta":"","stick-header-meta":"","header-above-stick-meta":"","header-main-stick-meta":"","header-below-stick-meta":""},"pwb-brand":[157],"product_cat":[45],"product_tag":[],"class_list":{"0":"post-13492","1":"product","2":"type-product","3":"status-publish","5":"pwb-brand-ridex","6":"product_cat-jousijalan-tukilaakeri","7":"desktop-align-left","8":"tablet-align-left","9":"mobile-align-left","11":"first","12":"instock","13":"product-type-external"},"brands":[{"id":157,"name":"RIDEX","slug":"ridex"}],"_links":{"self":[{"href":"https:\/\/www.autonvaraosahaku.fi\/index.php?rest_route=\/wp\/v2\/product\/13492","targetHints":{"allow":["GET"]}}],"collection":[{"href":"https:\/\/www.autonvaraosahaku.fi\/index.php?rest_route=\/wp\/v2\/product"}],"about":[{"href":"https:\/\/www.autonvaraosahaku.fi\/index.php?rest_route=\/wp\/v2\/types\/product"}],"wp:attachment":[{"href":"https:\/\/www.autonvaraosahaku.fi\/index.php?rest_route=%2Fwp%2Fv2%2Fmedia&parent=13492"}],"wp:term":[{"taxonomy":"pwb-brand","embeddable":true,"href":"https:\/\/www.autonvaraosahaku.fi\/index.php?rest_route=%2Fwp%2Fv2%2Fpwb-brand&post=13492"},{"taxonomy":"product_cat","embeddable":true,"href":"https:\/\/www.autonvaraosahaku.fi\/index.php?rest_route=%2Fwp%2Fv2%2Fproduct_cat&post=13492"},{"taxonomy":"product_tag","embeddable":true,"href":"https:\/\/www.autonvaraosahaku.fi\/index.php?rest_route=%2Fwp%2Fv2%2Fproduct_tag&post=13492"}],"curies":[{"name":"wp","href":"https:\/\/api.w.org\/{rel}","templated":true}]}}