{"id":13501,"date":"2021-02-21T14:18:00","date_gmt":"2021-02-21T14:18:00","guid":{"rendered":"https:\/\/www.autonvaraosahaku.fi\/?product=brembo-09-b337-21-jarrulevyt"},"modified":"2021-02-21T14:18:01","modified_gmt":"2021-02-21T14:18:01","slug":"brembo-09-b337-21-jarrulevyt","status":"publish","type":"product","link":"https:\/\/www.autonvaraosahaku.fi\/?product=brembo-09-b337-21-jarrulevyt","title":{"rendered":"BREMBO 09.B337.21 Jarrulevyt"},"content":{"rendered":"<p>Keskitt\u00e4misl\u00e4pimitta [mm]: 79; Kiristysmomentti: 120; Pinta: pinnoitettu; Korvaava tuote\/korvaava tiedote 2: Ruuveilla; Reikien m\u00e4\u00e4r\u00e4: 5; K\u00e4sittely: hiiliter\u00e4s; V\u00e4himm\u00e4ispaksuus (mm): 22,4; Jarrulevyn paksuus (mm): 24; Jarrulevytyyppi: Tuuletettu, sis\u00e4; Korkeus (mm): 73,2; L\u00e4pimitta [mm]: 312; Tuotelinja: COATED DISC LINE; Asennuspuoli: Vorderachse; BMW: 3 Touring E91,3 E90,X1 E84,1 F20,3 Coupe E92,3 Touring F31,3 F30, F35, F80,3 Cabriolet E93,1 F21,3 Gran Turismo F34,4 Coupe F32, F82,2 Coupe F22,4 Cabriolet F33, F83,4 Gran Coupe F36,2 Cabriolet F23; 34116774875, 34116783755, 34116792219, 34116855006, 34116855659, 34116855692; Jarrulevy<\/p>\n","protected":false},"excerpt":{"rendered":"<p>BREMBO Jarrulevyt 09.B337.21 Jarrulevy BMW,3 Touring E91,3 E90,X1 E84,1 F20,3 Coupe E92,3 Touring F31,3 F30, F35, F80,3 Cabriolet E93,1 F21<\/p>\n","protected":false},"featured_media":0,"template":"","meta":{"site-sidebar-layout":"default","site-content-layout":"default","ast-global-header-display":"","ast-main-header-display":"","ast-hfb-above-header-display":"","ast-hfb-below-header-display":"","ast-hfb-mobile-header-display":"","site-post-title":"","ast-breadcrumbs-content":"","ast-featured-img":"","footer-sml-layout":"","theme-transparent-header-meta":"","adv-header-id-meta":"","stick-header-meta":"","header-above-stick-meta":"","header-main-stick-meta":"","header-below-stick-meta":""},"pwb-brand":[146],"product_cat":[66],"product_tag":[],"class_list":{"0":"post-13501","1":"product","2":"type-product","3":"status-publish","5":"pwb-brand-brembo","6":"product_cat-jarrulevyt","7":"desktop-align-left","8":"tablet-align-left","9":"mobile-align-left","11":"first","12":"instock","13":"product-type-external"},"brands":[{"id":146,"name":"BREMBO","slug":"brembo"}],"_links":{"self":[{"href":"https:\/\/www.autonvaraosahaku.fi\/index.php?rest_route=\/wp\/v2\/product\/13501","targetHints":{"allow":["GET"]}}],"collection":[{"href":"https:\/\/www.autonvaraosahaku.fi\/index.php?rest_route=\/wp\/v2\/product"}],"about":[{"href":"https:\/\/www.autonvaraosahaku.fi\/index.php?rest_route=\/wp\/v2\/types\/product"}],"wp:attachment":[{"href":"https:\/\/www.autonvaraosahaku.fi\/index.php?rest_route=%2Fwp%2Fv2%2Fmedia&parent=13501"}],"wp:term":[{"taxonomy":"pwb-brand","embeddable":true,"href":"https:\/\/www.autonvaraosahaku.fi\/index.php?rest_route=%2Fwp%2Fv2%2Fpwb-brand&post=13501"},{"taxonomy":"product_cat","embeddable":true,"href":"https:\/\/www.autonvaraosahaku.fi\/index.php?rest_route=%2Fwp%2Fv2%2Fproduct_cat&post=13501"},{"taxonomy":"product_tag","embeddable":true,"href":"https:\/\/www.autonvaraosahaku.fi\/index.php?rest_route=%2Fwp%2Fv2%2Fproduct_tag&post=13501"}],"curies":[{"name":"wp","href":"https:\/\/api.w.org\/{rel}","templated":true}]}}