{"id":13510,"date":"2021-02-21T14:18:00","date_gmt":"2021-02-21T14:18:00","guid":{"rendered":"https:\/\/www.autonvaraosahaku.fi\/?product=ridex-82b0168-jarrulevyt"},"modified":"2021-02-21T14:18:02","modified_gmt":"2021-02-21T14:18:02","slug":"ridex-82b0168-jarrulevyt","status":"publish","type":"product","link":"https:\/\/www.autonvaraosahaku.fi\/?product=ridex-82b0168-jarrulevyt","title":{"rendered":"RIDEX 82B0168 Jarrulevyt"},"content":{"rendered":"<p>Asennuspuoli: Taka-akseli, Hinterachse; Reik\u00e4ympyr\u00e4-\u00d8 [mm]: 120; Reikien m\u00e4\u00e4r\u00e4: 5; Jarrulevytyyppi: Tuuletettu; L\u00e4pimitta [mm]: 300; Jarrulevyn paksuus (mm): 20; M\u00e4\u00e4r\u00e4tty kiertosuunta: ; ei sidoksissa kulkusuuntaan: ; V\u00e4ri: Musta; Kierremitta: 14,8; V\u00e4himm\u00e4ispaksuus (mm): 18,4; keskitt\u00e4misl\u00e4pimitta [mm]: 75; Korkeus (mm): 66,1; Rumpul\u00e4pimitta: 160; Reik\u00e4kuvio\/-m\u00e4\u00e4r\u00e4: 5\/6; BMW: 3 Touring E91,3 E90,1 E87,1 E81,1 F20,3 Coupe E92,3 Touring F31,3 F30, F35, F80,3 Cabriolet E93,1 F21,1 Cabriolet E88,1 Coupe E82,3 Gran Turismo F34,4 Coupe F32, F82,2 Coupe F22,4 Gran Coupe F36,2 Cabriolet F23; 34216764651, 34216783754, 34216792227, 34216855007; Jarrulevy<\/p>\n","protected":false},"excerpt":{"rendered":"<p>RIDEX Jarrulevyt 82B0168 Jarrulevy BMW,3 Touring E91,3 E90,1 E87,1 E81,1 F20,3 Coupe E92,3 Touring F31,3 F30, F35, F80,3 Cabriolet E93,1 F21<\/p>\n","protected":false},"featured_media":0,"template":"","meta":{"site-sidebar-layout":"default","site-content-layout":"default","ast-global-header-display":"","ast-main-header-display":"","ast-hfb-above-header-display":"","ast-hfb-below-header-display":"","ast-hfb-mobile-header-display":"","site-post-title":"","ast-breadcrumbs-content":"","ast-featured-img":"","footer-sml-layout":"","theme-transparent-header-meta":"","adv-header-id-meta":"","stick-header-meta":"","header-above-stick-meta":"","header-main-stick-meta":"","header-below-stick-meta":""},"pwb-brand":[157],"product_cat":[66],"product_tag":[],"class_list":{"0":"post-13510","1":"product","2":"type-product","3":"status-publish","5":"pwb-brand-ridex","6":"product_cat-jarrulevyt","7":"desktop-align-left","8":"tablet-align-left","9":"mobile-align-left","11":"first","12":"instock","13":"product-type-external"},"brands":[{"id":157,"name":"RIDEX","slug":"ridex"}],"_links":{"self":[{"href":"https:\/\/www.autonvaraosahaku.fi\/index.php?rest_route=\/wp\/v2\/product\/13510","targetHints":{"allow":["GET"]}}],"collection":[{"href":"https:\/\/www.autonvaraosahaku.fi\/index.php?rest_route=\/wp\/v2\/product"}],"about":[{"href":"https:\/\/www.autonvaraosahaku.fi\/index.php?rest_route=\/wp\/v2\/types\/product"}],"wp:attachment":[{"href":"https:\/\/www.autonvaraosahaku.fi\/index.php?rest_route=%2Fwp%2Fv2%2Fmedia&parent=13510"}],"wp:term":[{"taxonomy":"pwb-brand","embeddable":true,"href":"https:\/\/www.autonvaraosahaku.fi\/index.php?rest_route=%2Fwp%2Fv2%2Fpwb-brand&post=13510"},{"taxonomy":"product_cat","embeddable":true,"href":"https:\/\/www.autonvaraosahaku.fi\/index.php?rest_route=%2Fwp%2Fv2%2Fproduct_cat&post=13510"},{"taxonomy":"product_tag","embeddable":true,"href":"https:\/\/www.autonvaraosahaku.fi\/index.php?rest_route=%2Fwp%2Fv2%2Fproduct_tag&post=13510"}],"curies":[{"name":"wp","href":"https:\/\/api.w.org\/{rel}","templated":true}]}}