{"id":13511,"date":"2021-02-21T14:18:00","date_gmt":"2021-02-21T14:18:00","guid":{"rendered":"https:\/\/www.autonvaraosahaku.fi\/?product=ridex-82b0384-jarrulevyt"},"modified":"2021-02-21T14:18:02","modified_gmt":"2021-02-21T14:18:02","slug":"ridex-82b0384-jarrulevyt","status":"publish","type":"product","link":"https:\/\/www.autonvaraosahaku.fi\/?product=ridex-82b0384-jarrulevyt","title":{"rendered":"RIDEX 82B0384 Jarrulevyt"},"content":{"rendered":"<p>Jarrulevytyyppi: Vakiomalli; Ulkol\u00e4pimitta [mm]: 240; Jarrulevyn paksuus (mm): 11,0; V\u00e4himm\u00e4ispaksuus (mm): 9,2; Korkeus (mm): 40,0; Reik\u00e4kuvio\/-m\u00e4\u00e4r\u00e4: 04\/06; Reik\u00e4ympyr\u00e4-\u00d8 [mm]: 98,0; keskitt\u00e4misl\u00e4pimitta [mm]: 59,0; Sis\u00e4l\u00e4pimitta [mm]: 123; Paino [kg]: 3,6; Korvaava tuote\/korvaava tiedote 2: Ilman py\u00f6r\u00e4nnapaa, Ilman py\u00f6r\u00e4nkiinnityspultteja; Asennuspuoli: Etuakseli, Hinterachse; Reik\u00e4-\u00d8 [mm]: 13,5; ABARTH: 500 \/ 595 312_,500C \/ 595C 312_; LANCIA: YPSILON 843,Y 840A,MUSA 350,DELTA II 836,DEDRA 835,DEDRA SW 835; FORD: KA RU8; FIAT: PUNTO 188,PANDA 169,500 312,SEICENTO 187,BARCHETTA 183,500 C 312,PUNTO 176,PANDA Van 169,CINQUECENTO 170,IDEA,PANDA 312,COUPE FA\/175,PUNTO Van 188AX,BRAVO I 182,PUNTO Cabriolet 176C,MAREA Weekend 185,SEICENTO Van 187,TIPO 160,MAREA 185,TEMPRA 159,PUNTO Van 176L,TEMPRA S.W. 159,PALIO 178BX,PANDA VAN 312; ALFA ROMEO: 145 930,155 167,146 930,33 907A,33 905,33 Sportwagon 907B,33 Sportwagon 905A; ZASTAVA: 101 1100; 5741447, 0060576335, 0060800345, 105412201500, 60576335, 60800345, 60805117, 60806117, 60811879, 71739572, 7566931, 7645054, 7663465, 46403960, 51859078, 51876438, 51885456, 5741447, 7163465, 71738421, 71769481, 71770933, 71772238, 7685656, 1541802, 1541804, 1715410, 9S511125AA, 9S511125CA, BS511125AA; Jarrulevy<\/p>\n","protected":false},"excerpt":{"rendered":"<p>RIDEX Jarrulevyt 82B0384 Jarrulevy ABARTH,LANCIA,FORD,500 \/ 595 312_,500C \/ 595C 312_,YPSILON 843,Y 840A,MUSA 350,DELTA II 836,DEDRA 835,DEDRA SW 835<\/p>\n","protected":false},"featured_media":0,"template":"","meta":{"site-sidebar-layout":"default","site-content-layout":"default","ast-global-header-display":"","ast-main-header-display":"","ast-hfb-above-header-display":"","ast-hfb-below-header-display":"","ast-hfb-mobile-header-display":"","site-post-title":"","ast-breadcrumbs-content":"","ast-featured-img":"","footer-sml-layout":"","theme-transparent-header-meta":"","adv-header-id-meta":"","stick-header-meta":"","header-above-stick-meta":"","header-main-stick-meta":"","header-below-stick-meta":""},"pwb-brand":[157],"product_cat":[66],"product_tag":[],"class_list":{"0":"post-13511","1":"product","2":"type-product","3":"status-publish","5":"pwb-brand-ridex","6":"product_cat-jarrulevyt","7":"desktop-align-left","8":"tablet-align-left","9":"mobile-align-left","11":"first","12":"instock","13":"product-type-external"},"brands":[{"id":157,"name":"RIDEX","slug":"ridex"}],"_links":{"self":[{"href":"https:\/\/www.autonvaraosahaku.fi\/index.php?rest_route=\/wp\/v2\/product\/13511","targetHints":{"allow":["GET"]}}],"collection":[{"href":"https:\/\/www.autonvaraosahaku.fi\/index.php?rest_route=\/wp\/v2\/product"}],"about":[{"href":"https:\/\/www.autonvaraosahaku.fi\/index.php?rest_route=\/wp\/v2\/types\/product"}],"wp:attachment":[{"href":"https:\/\/www.autonvaraosahaku.fi\/index.php?rest_route=%2Fwp%2Fv2%2Fmedia&parent=13511"}],"wp:term":[{"taxonomy":"pwb-brand","embeddable":true,"href":"https:\/\/www.autonvaraosahaku.fi\/index.php?rest_route=%2Fwp%2Fv2%2Fpwb-brand&post=13511"},{"taxonomy":"product_cat","embeddable":true,"href":"https:\/\/www.autonvaraosahaku.fi\/index.php?rest_route=%2Fwp%2Fv2%2Fproduct_cat&post=13511"},{"taxonomy":"product_tag","embeddable":true,"href":"https:\/\/www.autonvaraosahaku.fi\/index.php?rest_route=%2Fwp%2Fv2%2Fproduct_tag&post=13511"}],"curies":[{"name":"wp","href":"https:\/\/api.w.org\/{rel}","templated":true}]}}