{"id":13542,"date":"2021-02-21T14:18:08","date_gmt":"2021-02-21T14:18:08","guid":{"rendered":"https:\/\/www.autonvaraosahaku.fi\/?product=valeo-586003-oljynsuodatin"},"modified":"2021-02-21T14:18:09","modified_gmt":"2021-02-21T14:18:09","slug":"valeo-586003-oljynsuodatin","status":"publish","type":"product","link":"https:\/\/www.autonvaraosahaku.fi\/?product=valeo-586003-oljynsuodatin","title":{"rendered":"VALEO 586003 \u00d6ljynsuodatin"},"content":{"rendered":"<p>Kierremitta: M 20&#215;1,5; Ulkol\u00e4pimitta [mm]: 80; Sis\u00e4l\u00e4pimitta 1 [mm]: 71; Sis\u00e4l\u00e4pimitta 2 [mm]: 62; Korkeus (mm): 64; Avauspaine ohitusventtiili [bar]: 2; Suodatintyyppi: Ruuvattava suodatin; Paino [kg]: 0,26; Valmistusvuoteen: 07\/2012; NISSAN: QASHQAI \/ QASHQAI +2 J10, JJ10,NOTE E11,JUKE F15,PRIMERA Kombi WP12,PRIMERA P12,NV200 EVALIA,PRIMERA Hatchback P12,TIIDA Schr\u00e4gheck,NV200 Kasten,PRIMASTAR Bus X83,PRIMASTAR Kasten X83,CUBE Z12,INTERSTAR Kasten X70,TIIDA Stufenheck SC11X,INTERSTAR Bus X70,MICRA V K14; SUZUKI: JIMNY FJ,GRAND VITARA II JT; OPEL: VIVARO Kasten F7,VIVARO Combi J7,MOVANO Kasten F9,MOVANO Combi J9,VIVARO Pritsche\/Fahrgestell E7; DACIA: DUSTER,SANDERO,LOGAN MCV KS_,SANDERO II,LODGY,LOGAN MCV II,LOGAN LS_,LOGAN EXPRESS FS_,LOGAN Pick-up US_,LOGAN II,DUSTER Kasten; RENAULT: CLIO II BB0\/1\/2_, CB0\/1\/2_,CLIO III BR0\/1, CR0\/1,SC\u00c9NIC II JM0\/1_,KANGOO KC0\/1_,TWINGO II CN0_,MEGANE III Grandtour KZ0\/1,ESPACE IV JK0\/1_,MODUS \/ GRAND MODUS F\/JP0_,LAGUNA II Grandtour KG0\/1_,MEGANE II Kombi KM0\/1_,SC\u00c9NIC I JA0\/1_,MEGANE II Coup\u00e9-Cabriolet EM0\/1_,SC\u00c9NIC III JZ0\/1_,LAGUNA III Grandtour KT0\/1,CLIO IV,MEGANE III Schr\u00e4gheck BZ0_,LAGUNA II BG0\/1_,MEGANE II BM0\/1_, CM0\/1_,TRAFIC II Bus JL,GRAND SC\u00c9NIC III JZ0\/1_,MEGANE I BA0\/1_,MASTER II Kasten FD,TRAFIC II Kasten FL,MEGANE III Coupe DZ0\/1_,KANGOO \/ GRAND KANGOO KW0\/1_,KANGOO Express FC0\/1_,CLIO Grandtour KR0\/1_,GRAND SC\u00c9NIC II JM0\/1_,MEGANE I Grandtour KA0\/1_,CAPTUR,LAGUNA III BT0\/1,KANGOO Express FW0\/1_,MEGANE II Stufenheck LM0\/1_,MEGANE I Classic LA0\/1_,MEGANE I Coach DA0\/1_,KANGOO BE BOP KW0\/1_,MEGANE CC EZ0\/1_,MASTER II Bus JD,CLIO II Kasten SB0\/1\/2_,LAGUNA Coupe DT0\/1,SUPER 5 B\/C40_,FLUENCE L30_,21 Stufenheck L48_,LATITUDE L70_,THALIA I LB0\/1\/2_,CLIO III Kasten SB_, SR_,TRAFIC II Pritsche\/; VAUXHALL: MOVANO Mk I A Van FD,VIVARO Pritsche\/Fahrgestell E7,MOVANO Mk I A Combi JD; 8200768927, 8200867980, 1520800Q0D, 1520800Q0G, 1520800QAF, 15208AW300, 4415442, 8200274858, 8200768927, 8200867980, 1651067JG0, 1651084A10, 1651084A10000, 1651084A11, 1651084A11000, 1651084A12, 1651084A12000, 93181255, 93196050, 93198441<\/p>\n","protected":false},"excerpt":{"rendered":"<p>VALEO \u00d6ljynsuodatin 586003  NISSAN,SUZUKI,OPEL,QASHQAI \/ QASHQAI +2 J10, JJ10,NOTE E11,JUKE F15,PRIMERA Kombi WP12,PRIMERA P12,NV200 EVALIA<\/p>\n","protected":false},"featured_media":0,"template":"","meta":{"site-sidebar-layout":"default","site-content-layout":"default","ast-global-header-display":"","ast-main-header-display":"","ast-hfb-above-header-display":"","ast-hfb-below-header-display":"","ast-hfb-mobile-header-display":"","site-post-title":"","ast-breadcrumbs-content":"","ast-featured-img":"","footer-sml-layout":"","theme-transparent-header-meta":"","adv-header-id-meta":"","stick-header-meta":"","header-above-stick-meta":"","header-main-stick-meta":"","header-below-stick-meta":""},"pwb-brand":[28],"product_cat":[30],"product_tag":[],"class_list":{"0":"post-13542","1":"product","2":"type-product","3":"status-publish","5":"pwb-brand-valeo","6":"product_cat-oljynsuodatin","7":"desktop-align-left","8":"tablet-align-left","9":"mobile-align-left","11":"first","12":"instock","13":"product-type-external"},"brands":[{"id":28,"name":"VALEO","slug":"valeo"}],"_links":{"self":[{"href":"https:\/\/www.autonvaraosahaku.fi\/index.php?rest_route=\/wp\/v2\/product\/13542","targetHints":{"allow":["GET"]}}],"collection":[{"href":"https:\/\/www.autonvaraosahaku.fi\/index.php?rest_route=\/wp\/v2\/product"}],"about":[{"href":"https:\/\/www.autonvaraosahaku.fi\/index.php?rest_route=\/wp\/v2\/types\/product"}],"wp:attachment":[{"href":"https:\/\/www.autonvaraosahaku.fi\/index.php?rest_route=%2Fwp%2Fv2%2Fmedia&parent=13542"}],"wp:term":[{"taxonomy":"pwb-brand","embeddable":true,"href":"https:\/\/www.autonvaraosahaku.fi\/index.php?rest_route=%2Fwp%2Fv2%2Fpwb-brand&post=13542"},{"taxonomy":"product_cat","embeddable":true,"href":"https:\/\/www.autonvaraosahaku.fi\/index.php?rest_route=%2Fwp%2Fv2%2Fproduct_cat&post=13542"},{"taxonomy":"product_tag","embeddable":true,"href":"https:\/\/www.autonvaraosahaku.fi\/index.php?rest_route=%2Fwp%2Fv2%2Fproduct_tag&post=13542"}],"curies":[{"name":"wp","href":"https:\/\/api.w.org\/{rel}","templated":true}]}}