{"id":13546,"date":"2021-02-21T14:18:08","date_gmt":"2021-02-21T14:18:08","guid":{"rendered":"https:\/\/www.autonvaraosahaku.fi\/?product=febi-bilstein-13518-sytytystulpat"},"modified":"2021-02-21T14:18:09","modified_gmt":"2021-02-21T14:18:09","slug":"febi-bilstein-13518-sytytystulpat","status":"publish","type":"product","link":"https:\/\/www.autonvaraosahaku.fi\/?product=febi-bilstein-13518-sytytystulpat","title":{"rendered":"FEBI BILSTEIN 13518 Sytytystulpat"},"content":{"rendered":"<p>Ulkokierre [mm]: M14 x 1,25; Kierteen pituus (mm): 19; Avainv\u00e4li: 16; K\u00e4rkiv\u00e4li (mm): 0,8; Sytytystulppa: suoralla istukalla, 2-maaelektroodia, 2-maaelektroodia; Huomioi tekniset tiedot: ; VW: PASSAT Variant 3B6,PASSAT Variant 3B5,PASSAT 3B2,PASSAT 3B3; BMW: 3 E46,5 E39,5 E60,5 Touring E61,3 Touring E46,5 Touring E39,3 Coupe E46,3 Compact E36,3 E36,3 E30,3 Cabriolet E46,7 E38,3 Coupe E36,Z3 E36,5 E34,3 Cabriolet E36,3 Touring E36,7 E32,8 E31,5 Touring E34,5 E28,Z3 Coupe E36; DAEWOO: LEGANZA KLAV; DAIHATSU: TERIOS J1,MOVE L6, L9; TOYOTA: COROLLA Liftback _E11_,COROLLA Compact _E11_,MR 2 II SW2_,COROLLA Compact _E10_,CARINA E _T19_,LAND CRUISER 80 _J8_,COROLLA _E11_,CARINA E Stufenheck _T19_,CELICA Coupe AT18_, ST18_,COROLLA Wagon __E11_,SUPRA JZA80,CARINA E Sportswagon _T19_,4 RUNNER RN10_, VZN13_, VZN10_, RN13_,COROLLA Liftback _E10_,COROLLA Liftback _E9_,COROLLA _E10_,COROLLA Compact _E9_,COROLLA Wagon _E10_,CROWN Stufenheck JZS13_, YS13_, LS13_, GS13_; FIAT: PUNTO 188,STILO 192,BARCHETTA 183,PANDA 141A_,COUPE FA\/175,STRADA Pick-up 178E,MULTIPLA 186,BRAVO I 182,ULYSSE 220,BRAVA 182,MAREA Weekend 185,PALIO Weekend 178DX,PANDA Van 141_,MAREA 185,PALIO 178BX,SIENA 178_; CITRO\u00cbN: BERLINGO MF,XSARA PICASSO N68,SAXO S0, S1,BERLINGO Kasten M_,XSARA N1,XSARA Break N2,JUMPER Kasten 244,XM Y4,XANTIA X2,XSARA Coupe N0,XANTIA X1,AX ZA-_,EVASION 22, U6,XANTIA Break X2,ZX N2,JUMPY U6U,JUMPY Kasten BS_, BT_, BY_, BZ_,JUMPER Kasten 230L,JUMPER Bus 244, Z_,XM Y3,XANTIA Break X1,JUMPER Bus 230P,ZX Break N2,XM Break Y4,C15 VD-_,XM Break Y3,C15 Kombi,XSARA Kasten; ALFA ROMEO: 147 937,156 Sportwagon 932,156 932,GT 937,SPIDER 916S_,166 936,GTV 916C_,145 930,155 167,146 930; PEUGEOT: 206 Schr\u00e4gheck 2A\/C,207 WA_, WC_,207 SW WK_,206 SW 2E\/K,106 II 1,306 Schr\u00e4gheck 7A, 7C, N3, N5,306 Cabriolet 7D, N3, N5,406 Break 8E\/F,PARTNER Combispace 5F,106 I 1A, 1C,205 II 20A\/C,PARTNER Kasten 5,406 Coupe 8C,306 Break 7E, N3, N5,406 8B,806 221,BOXER Kasten 230L,306 7B, N3, N5,205 I Cabriolet 741B, 20D,207 Stufenheck,206 Stufenheck,605 6B,405 II 4B,309 I 10C, 10A,306 Van N_, 7_,405 II Break 4E,207 Van,PARTNER Pritsche\/Fahrgestell; RENAULT: CLIO II BB0\/1\/2_, CB0\/1\/2_,CLIO III BR0\/1, CR0\/1,ESPACE IV JK0\/1_,ESPACE III JE0_,MEGANE I BA0\/1_,MEGANE I Cabriolet EA0\/1_,LAGUNA I B56_, 556_,CLIO I B\/C57_, 5\/357_,LAGUNA I Grandtour K56_,MEGANE I Coach DA0\/1_,SAFRANE II B54_,SPORT SPIDER EF0_; 9628000280, 101000035HJ, 12120030548, 12120032136, 12120141871, 12120148591, 12120148593, 12121344520, 12121422087, 12121435955, 12121435956, 12121469529, 12121469536, 12121704399, 12121705914, 12121715539, 12121747061, 12121748002, 12124353679, 12129059162, 12129059794, 12129061382, 12129061811, 12129063428, 12129064617, 12129064619, 12129064656, 12129065062, 12129065366, 12129071003, 5960F0, 59622J, 59622K, 7700500168, 242229606, 242229611, 9004851133000, 9004851136, 9004851136000, 9004851137, 9004851137000, 9004851155000, 9004851160000, 9091901202000, 46463801, 46472021, 5894588, 9626575480, 5960F0, 59622J, 59622K, 99917019900, 7700109403, 7700115827, 7700274004, 7700274155, 7700500252, 8200020791, 8200020796, 8200033622, 101000035HJ, 9091901198, 101000035HJ, 101000041AC, 101000051AA, 10100031AA, 101905607; Tulpat,Sytytystulppa<\/p>\n","protected":false},"excerpt":{"rendered":"<p>FEBI BILSTEIN Sytytystulpat 13518 Tulpat,Sytytystulppa VW,BMW,DAEWOO,PASSAT Variant 3B6,PASSAT Variant 3B5,PASSAT 3B2,PASSAT 3B3,3 E46,5 E39,5 E60<\/p>\n","protected":false},"featured_media":0,"template":"","meta":{"site-sidebar-layout":"default","site-content-layout":"default","ast-global-header-display":"","ast-main-header-display":"","ast-hfb-above-header-display":"","ast-hfb-below-header-display":"","ast-hfb-mobile-header-display":"","site-post-title":"","ast-breadcrumbs-content":"","ast-featured-img":"","footer-sml-layout":"","theme-transparent-header-meta":"","adv-header-id-meta":"","stick-header-meta":"","header-above-stick-meta":"","header-main-stick-meta":"","header-below-stick-meta":""},"pwb-brand":[50],"product_cat":[165],"product_tag":[],"class_list":{"0":"post-13546","1":"product","2":"type-product","3":"status-publish","5":"pwb-brand-febi-bilstein","6":"product_cat-sytytystulpat","7":"desktop-align-left","8":"tablet-align-left","9":"mobile-align-left","11":"first","12":"instock","13":"product-type-external"},"brands":[{"id":50,"name":"FEBI BILSTEIN","slug":"febi-bilstein"}],"_links":{"self":[{"href":"https:\/\/www.autonvaraosahaku.fi\/index.php?rest_route=\/wp\/v2\/product\/13546","targetHints":{"allow":["GET"]}}],"collection":[{"href":"https:\/\/www.autonvaraosahaku.fi\/index.php?rest_route=\/wp\/v2\/product"}],"about":[{"href":"https:\/\/www.autonvaraosahaku.fi\/index.php?rest_route=\/wp\/v2\/types\/product"}],"wp:attachment":[{"href":"https:\/\/www.autonvaraosahaku.fi\/index.php?rest_route=%2Fwp%2Fv2%2Fmedia&parent=13546"}],"wp:term":[{"taxonomy":"pwb-brand","embeddable":true,"href":"https:\/\/www.autonvaraosahaku.fi\/index.php?rest_route=%2Fwp%2Fv2%2Fpwb-brand&post=13546"},{"taxonomy":"product_cat","embeddable":true,"href":"https:\/\/www.autonvaraosahaku.fi\/index.php?rest_route=%2Fwp%2Fv2%2Fproduct_cat&post=13546"},{"taxonomy":"product_tag","embeddable":true,"href":"https:\/\/www.autonvaraosahaku.fi\/index.php?rest_route=%2Fwp%2Fv2%2Fproduct_tag&post=13546"}],"curies":[{"name":"wp","href":"https:\/\/api.w.org\/{rel}","templated":true}]}}